{"id":20784,"date":"2024-03-29T17:37:01","date_gmt":"2024-03-29T16:37:01","guid":{"rendered":"https:\/\/www.ossicolor.it\/showroom-virtuel\/"},"modified":"2026-01-26T17:13:32","modified_gmt":"2026-01-26T16:13:32","slug":"showroom-virtuel","status":"publish","type":"page","link":"https:\/\/www.ossicolor.it\/fr\/showroom-virtuel\/","title":{"rendered":"Showroom virtuel"},"content":{"rendered":"\t\t<div data-elementor-type=\"wp-page\" data-elementor-id=\"20784\" class=\"elementor elementor-20784 elementor-729\" data-elementor-post-type=\"page\">\n\t\t\t\t<div class=\"elementor-element elementor-element-5095c884 e-con-full e-flex elementor-invisible e-con e-parent\" data-id=\"5095c884\" data-element_type=\"container\" data-e-type=\"container\" data-settings=\"{&quot;background_background&quot;:&quot;classic&quot;,&quot;jet_parallax_layout_list&quot;:[],&quot;animation&quot;:&quot;fadeInUp&quot;}\">\n\t\t<div class=\"elementor-element elementor-element-41c358be e-con-full e-flex e-con e-child\" data-id=\"41c358be\" data-element_type=\"container\" data-e-type=\"container\" data-settings=\"{&quot;jet_parallax_layout_list&quot;:[]}\">\n\t\t\t\t<div class=\"elementor-element elementor-element-98a8079 exad-sticky-section-no exad-glass-effect-no elementor-widget elementor-widget-heading\" data-id=\"98a8079\" data-element_type=\"widget\" data-e-type=\"widget\" data-widget_type=\"heading.default\">\n\t\t\t\t\t<h2 class=\"elementor-heading-title elementor-size-default\">Showroom virtuel<\/h2>\t\t\t\t<\/div>\n\t\t\t\t<div class=\"elementor-element elementor-element-40abb9d1 elementor-widget-tablet__width-initial elementor-widget-mobile__width-initial exad-sticky-section-no exad-glass-effect-no elementor-widget elementor-widget-text-editor\" data-id=\"40abb9d1\" data-element_type=\"widget\" data-e-type=\"widget\" data-widget_type=\"text-editor.default\">\n\t\t\t\t\t\t\t\t\t<p>Entrez dans le showroom virtuel d&rsquo;Ossicolor, o\u00f9 \u00e9l\u00e9gance et innovation se marient pour vous offrir une exp\u00e9rience sans pareille.<br \/>D\u00e9couvrez <strong><a href=\"https:\/\/www.ossicolor.it\/fr\/complements-damenagement\/\">la vaste gamme de produits Ossicolor<\/a><\/strong> \u00e0 travers une visite virtuelle passionnante, o\u00f9 vous pourrez vous immerger compl\u00e8tement dans la beaut\u00e9 et la fonctionnalit\u00e9.<br \/>Dans le showroom virtuel d&rsquo;Ossicolor, vous aurez l&rsquo;occasion d&rsquo;explorer chaque d\u00e9tail sans quitter votre cabinet.<br \/>Gr\u00e2ce \u00e0 une navigation intuitive et captivante, vous pourrez d\u00e9couvrir les derni\u00e8res collections, examiner de pr\u00e8s les mat\u00e9riaux de haute qualit\u00e9 et d\u00e9couvrir les caract\u00e9ristiques innovantes qui rendent Ossicolor unique.<br \/>Qu&rsquo;il s&rsquo;agisse d&rsquo;ameublement \u00e9l\u00e9gant pour la maison, de technologies de pointe ou d&rsquo;accessoires design, vous trouverez dans le showroom virtuel tout ce dont vous avez besoin pour rendre uniques les espaces que vous allez concevoir.<br \/>En un seul clic, vous pouvez explorer diff\u00e9rents environnements et visualiser les diff\u00e9rents produits dans des contextes r\u00e9alistes.<br \/>L&rsquo;\u00e9quipe Ossicolor est toujours \u00e0 votre disposition pour r\u00e9pondre \u00e0 toutes vos questions et vous offrir des conseils personnalis\u00e9s pendant votre visite virtuelle.<br \/>Vous serez guid\u00e9 pour trouver la solution parfaite \u00e0 vos besoins et transformer vos id\u00e9es en r\u00e9alit\u00e9.<\/p>\t\t\t\t\t\t\t\t<\/div>\n\t\t\t\t<\/div>\n\t\t\t\t<\/div>\n\t\t<div class=\"elementor-element elementor-element-2f5f9b2d e-con-full e-flex e-con e-parent\" data-id=\"2f5f9b2d\" data-element_type=\"container\" data-e-type=\"container\" data-settings=\"{&quot;background_background&quot;:&quot;classic&quot;,&quot;jet_parallax_layout_list&quot;:[]}\">\n\t\t<div class=\"elementor-element elementor-element-57158fc8 e-con-full e-flex e-con e-child\" data-id=\"57158fc8\" data-element_type=\"container\" data-e-type=\"container\" data-settings=\"{&quot;background_background&quot;:&quot;classic&quot;,&quot;jet_parallax_layout_list&quot;:[]}\">\n\t\t\t\t<div class=\"elementor-element elementor-element-71a380b elementor-align-center exad-sticky-section-no exad-glass-effect-no elementor-widget elementor-widget-button\" data-id=\"71a380b\" data-element_type=\"widget\" data-e-type=\"widget\" data-widget_type=\"button.default\">\n\t\t\t\t\t\t\t\t\t\t<a class=\"elementor-button elementor-button-link elementor-size-lg\" href=\"https:\/\/my.matterport.com\/show\/?m=eAZnLJRW38N\" target=\"_blank\">\n\t\t\t\t\t\t<span class=\"elementor-button-content-wrapper\">\n\t\t\t\t\t\t<span class=\"elementor-button-icon\">\n\t\t\t\t<i aria-hidden=\"true\" class=\"teenyicon ti-360\"><\/i>\t\t\t<\/span>\n\t\t\t\t\t\t\t\t\t<span class=\"elementor-button-text\">VIRTUAL TOUR<\/span>\n\t\t\t\t\t<\/span>\n\t\t\t\t\t<\/a>\n\t\t\t\t\t\t\t\t<\/div>\n\t\t\t\t<\/div>\n\t\t\t\t<\/div>\n\t\t\t\t<\/div>\n\t\t","protected":false},"excerpt":{"rendered":"<p>Showroom virtuel Entrez dans le showroom virtuel d&rsquo;Ossicolor, o\u00f9 \u00e9l\u00e9gance et innovation se marient pour vous offrir une exp\u00e9rience sans pareille.D\u00e9couvrez la vaste gamme de produits Ossicolor \u00e0 travers une visite virtuelle passionnante, o\u00f9 vous pourrez vous immerger compl\u00e8tement dans la beaut\u00e9 et la fonctionnalit\u00e9.Dans le showroom virtuel d&rsquo;Ossicolor, vous aurez l&rsquo;occasion d&rsquo;explorer chaque d\u00e9tail [&hellip;]<\/p>\n","protected":false},"author":1,"featured_media":26118,"parent":0,"menu_order":0,"comment_status":"closed","ping_status":"closed","template":"","meta":{"_monsterinsights_skip_tracking":false,"_monsterinsights_sitenote_active":false,"_monsterinsights_sitenote_note":"","_monsterinsights_sitenote_category":0,"footnotes":""},"class_list":["post-20784","page","type-page","status-publish","has-post-thumbnail","hentry"],"yoast_head":"<!-- This site is optimized with the Yoast SEO Premium plugin v27.2 (Yoast SEO v27.2) - https:\/\/yoast.com\/product\/yoast-seo-premium-wordpress\/ -->\n<title>Showroom virtuel mobilier en aluminium | Ossicolor<\/title>\n<meta name=\"description\" content=\"Visitez le showroom virtuel de mobilier en aluminium d&#039;Ossicolor et d\u00e9couvrez comment rendre vos projets uniques gr\u00e2ce \u00e0 un design de haute qualit\u00e9.\" \/>\n<meta name=\"robots\" content=\"index, follow, max-snippet:-1, max-image-preview:large, max-video-preview:-1\" \/>\n<link rel=\"canonical\" href=\"https:\/\/www.ossicolor.it\/fr\/showroom-virtuel\/\" \/>\n<meta property=\"og:locale\" content=\"fr_FR\" \/>\n<meta property=\"og:type\" content=\"article\" \/>\n<meta property=\"og:title\" content=\"Showroom virtuel\" \/>\n<meta property=\"og:description\" content=\"Visitez le showroom virtuel de mobilier en aluminium d&#039;Ossicolor et d\u00e9couvrez comment rendre vos projets uniques gr\u00e2ce \u00e0 un design de haute qualit\u00e9.\" \/>\n<meta property=\"og:url\" content=\"https:\/\/www.ossicolor.it\/fr\/showroom-virtuel\/\" \/>\n<meta property=\"og:site_name\" content=\"Ossicolor\" \/>\n<meta property=\"article:modified_time\" content=\"2026-01-26T16:13:32+00:00\" \/>\n<meta property=\"og:image\" content=\"https:\/\/www.ossicolor.it\/wp-content\/uploads\/2025\/11\/Virtual_tour_2026.jpg\" \/>\n\t<meta property=\"og:image:width\" content=\"1505\" \/>\n\t<meta property=\"og:image:height\" content=\"705\" \/>\n\t<meta property=\"og:image:type\" content=\"image\/jpeg\" \/>\n<meta name=\"twitter:card\" content=\"summary_large_image\" \/>\n<meta name=\"twitter:label1\" content=\"Dur\u00e9e de lecture estim\u00e9e\" \/>\n\t<meta name=\"twitter:data1\" content=\"1 minute\" \/>\n<script type=\"application\/ld+json\" class=\"yoast-schema-graph\">{\"@context\":\"https:\/\/schema.org\",\"@graph\":[{\"@type\":\"WebPage\",\"@id\":\"https:\/\/www.ossicolor.it\/fr\/showroom-virtuel\/\",\"url\":\"https:\/\/www.ossicolor.it\/fr\/showroom-virtuel\/\",\"name\":\"Showroom virtuel mobilier en aluminium | Ossicolor\",\"isPartOf\":{\"@id\":\"https:\/\/www.ossicolor.it\/fr\/#website\"},\"primaryImageOfPage\":{\"@id\":\"https:\/\/www.ossicolor.it\/fr\/showroom-virtuel\/#primaryimage\"},\"image\":{\"@id\":\"https:\/\/www.ossicolor.it\/fr\/showroom-virtuel\/#primaryimage\"},\"thumbnailUrl\":\"https:\/\/www.ossicolor.it\/wp-content\/uploads\/2025\/11\/Virtual_tour_2026.jpg\",\"datePublished\":\"2024-03-29T16:37:01+00:00\",\"dateModified\":\"2026-01-26T16:13:32+00:00\",\"description\":\"Visitez le showroom virtuel de mobilier en aluminium d'Ossicolor et d\u00e9couvrez comment rendre vos projets uniques gr\u00e2ce \u00e0 un design de haute qualit\u00e9.\",\"breadcrumb\":{\"@id\":\"https:\/\/www.ossicolor.it\/fr\/showroom-virtuel\/#breadcrumb\"},\"inLanguage\":\"fr-FR\",\"potentialAction\":[{\"@type\":\"ReadAction\",\"target\":[\"https:\/\/www.ossicolor.it\/fr\/showroom-virtuel\/\"]}]},{\"@type\":\"ImageObject\",\"inLanguage\":\"fr-FR\",\"@id\":\"https:\/\/www.ossicolor.it\/fr\/showroom-virtuel\/#primaryimage\",\"url\":\"https:\/\/www.ossicolor.it\/wp-content\/uploads\/2025\/11\/Virtual_tour_2026.jpg\",\"contentUrl\":\"https:\/\/www.ossicolor.it\/wp-content\/uploads\/2025\/11\/Virtual_tour_2026.jpg\",\"width\":1505,\"height\":705,\"caption\":\"L'espace d'exposition Ossicolor allie design et innovation dans un environnement \u00e9pur\u00e9 et contemporain, \u00e0 d\u00e9couvrir lors d'une visite virtuelle.\"},{\"@type\":\"BreadcrumbList\",\"@id\":\"https:\/\/www.ossicolor.it\/fr\/showroom-virtuel\/#breadcrumb\",\"itemListElement\":[{\"@type\":\"ListItem\",\"position\":1,\"name\":\"Home\",\"item\":\"https:\/\/www.ossicolor.it\/fr\/\"},{\"@type\":\"ListItem\",\"position\":2,\"name\":\"Showroom virtuel\"}]},{\"@type\":\"WebSite\",\"@id\":\"https:\/\/www.ossicolor.it\/fr\/#website\",\"url\":\"https:\/\/www.ossicolor.it\/fr\/\",\"name\":\"Ossicolor\",\"description\":\"\",\"potentialAction\":[{\"@type\":\"SearchAction\",\"target\":{\"@type\":\"EntryPoint\",\"urlTemplate\":\"https:\/\/www.ossicolor.it\/fr\/?s={search_term_string}\"},\"query-input\":{\"@type\":\"PropertyValueSpecification\",\"valueRequired\":true,\"valueName\":\"search_term_string\"}}],\"inLanguage\":\"fr-FR\"}]}<\/script>\n<!-- \/ Yoast SEO Premium plugin. -->","yoast_head_json":{"title":"Showroom virtuel mobilier en aluminium | Ossicolor","description":"Visitez le showroom virtuel de mobilier en aluminium d'Ossicolor et d\u00e9couvrez comment rendre vos projets uniques gr\u00e2ce \u00e0 un design de haute qualit\u00e9.","robots":{"index":"index","follow":"follow","max-snippet":"max-snippet:-1","max-image-preview":"max-image-preview:large","max-video-preview":"max-video-preview:-1"},"canonical":"https:\/\/www.ossicolor.it\/fr\/showroom-virtuel\/","og_locale":"fr_FR","og_type":"article","og_title":"Showroom virtuel","og_description":"Visitez le showroom virtuel de mobilier en aluminium d'Ossicolor et d\u00e9couvrez comment rendre vos projets uniques gr\u00e2ce \u00e0 un design de haute qualit\u00e9.","og_url":"https:\/\/www.ossicolor.it\/fr\/showroom-virtuel\/","og_site_name":"Ossicolor","article_modified_time":"2026-01-26T16:13:32+00:00","og_image":[{"width":1505,"height":705,"url":"https:\/\/www.ossicolor.it\/wp-content\/uploads\/2025\/11\/Virtual_tour_2026.jpg","type":"image\/jpeg"}],"twitter_card":"summary_large_image","twitter_misc":{"Dur\u00e9e de lecture estim\u00e9e":"1 minute"},"schema":{"@context":"https:\/\/schema.org","@graph":[{"@type":"WebPage","@id":"https:\/\/www.ossicolor.it\/fr\/showroom-virtuel\/","url":"https:\/\/www.ossicolor.it\/fr\/showroom-virtuel\/","name":"Showroom virtuel mobilier en aluminium | Ossicolor","isPartOf":{"@id":"https:\/\/www.ossicolor.it\/fr\/#website"},"primaryImageOfPage":{"@id":"https:\/\/www.ossicolor.it\/fr\/showroom-virtuel\/#primaryimage"},"image":{"@id":"https:\/\/www.ossicolor.it\/fr\/showroom-virtuel\/#primaryimage"},"thumbnailUrl":"https:\/\/www.ossicolor.it\/wp-content\/uploads\/2025\/11\/Virtual_tour_2026.jpg","datePublished":"2024-03-29T16:37:01+00:00","dateModified":"2026-01-26T16:13:32+00:00","description":"Visitez le showroom virtuel de mobilier en aluminium d'Ossicolor et d\u00e9couvrez comment rendre vos projets uniques gr\u00e2ce \u00e0 un design de haute qualit\u00e9.","breadcrumb":{"@id":"https:\/\/www.ossicolor.it\/fr\/showroom-virtuel\/#breadcrumb"},"inLanguage":"fr-FR","potentialAction":[{"@type":"ReadAction","target":["https:\/\/www.ossicolor.it\/fr\/showroom-virtuel\/"]}]},{"@type":"ImageObject","inLanguage":"fr-FR","@id":"https:\/\/www.ossicolor.it\/fr\/showroom-virtuel\/#primaryimage","url":"https:\/\/www.ossicolor.it\/wp-content\/uploads\/2025\/11\/Virtual_tour_2026.jpg","contentUrl":"https:\/\/www.ossicolor.it\/wp-content\/uploads\/2025\/11\/Virtual_tour_2026.jpg","width":1505,"height":705,"caption":"L'espace d'exposition Ossicolor allie design et innovation dans un environnement \u00e9pur\u00e9 et contemporain, \u00e0 d\u00e9couvrir lors d'une visite virtuelle."},{"@type":"BreadcrumbList","@id":"https:\/\/www.ossicolor.it\/fr\/showroom-virtuel\/#breadcrumb","itemListElement":[{"@type":"ListItem","position":1,"name":"Home","item":"https:\/\/www.ossicolor.it\/fr\/"},{"@type":"ListItem","position":2,"name":"Showroom virtuel"}]},{"@type":"WebSite","@id":"https:\/\/www.ossicolor.it\/fr\/#website","url":"https:\/\/www.ossicolor.it\/fr\/","name":"Ossicolor","description":"","potentialAction":[{"@type":"SearchAction","target":{"@type":"EntryPoint","urlTemplate":"https:\/\/www.ossicolor.it\/fr\/?s={search_term_string}"},"query-input":{"@type":"PropertyValueSpecification","valueRequired":true,"valueName":"search_term_string"}}],"inLanguage":"fr-FR"}]}},"_links":{"self":[{"href":"https:\/\/www.ossicolor.it\/fr\/wp-json\/wp\/v2\/pages\/20784","targetHints":{"allow":["GET"]}}],"collection":[{"href":"https:\/\/www.ossicolor.it\/fr\/wp-json\/wp\/v2\/pages"}],"about":[{"href":"https:\/\/www.ossicolor.it\/fr\/wp-json\/wp\/v2\/types\/page"}],"author":[{"embeddable":true,"href":"https:\/\/www.ossicolor.it\/fr\/wp-json\/wp\/v2\/users\/1"}],"replies":[{"embeddable":true,"href":"https:\/\/www.ossicolor.it\/fr\/wp-json\/wp\/v2\/comments?post=20784"}],"version-history":[{"count":11,"href":"https:\/\/www.ossicolor.it\/fr\/wp-json\/wp\/v2\/pages\/20784\/revisions"}],"predecessor-version":[{"id":26905,"href":"https:\/\/www.ossicolor.it\/fr\/wp-json\/wp\/v2\/pages\/20784\/revisions\/26905"}],"wp:featuredmedia":[{"embeddable":true,"href":"https:\/\/www.ossicolor.it\/fr\/wp-json\/wp\/v2\/media\/26118"}],"wp:attachment":[{"href":"https:\/\/www.ossicolor.it\/fr\/wp-json\/wp\/v2\/media?parent=20784"}],"curies":[{"name":"wp","href":"https:\/\/api.w.org\/{rel}","templated":true}]}}