{"id":20780,"date":"2024-04-12T16:28:17","date_gmt":"2024-04-12T14:28:17","guid":{"rendered":"https:\/\/www.ossicolor.it\/palo\/"},"modified":"2026-03-31T11:17:50","modified_gmt":"2026-03-31T09:17:50","slug":"palo","status":"publish","type":"page","link":"https:\/\/www.ossicolor.it\/fr\/palo\/","title":{"rendered":"Palo"},"content":{"rendered":"\t\t<div data-elementor-type=\"wp-page\" data-elementor-id=\"20780\" class=\"elementor elementor-20780 elementor-1420\" data-elementor-post-type=\"page\">\n\t\t\t\t<div class=\"elementor-element elementor-element-5d71d699 e-con-full e-flex e-con e-parent\" data-id=\"5d71d699\" data-element_type=\"container\" data-e-type=\"container\" data-settings=\"{&quot;background_background&quot;:&quot;classic&quot;,&quot;jet_parallax_layout_list&quot;:[]}\">\n\t\t<div class=\"elementor-element elementor-element-7b82e6a3 e-con-full e-flex elementor-invisible e-con e-child\" data-id=\"7b82e6a3\" data-element_type=\"container\" data-e-type=\"container\" data-settings=\"{&quot;jet_parallax_layout_list&quot;:[],&quot;animation&quot;:&quot;fadeInUp&quot;}\">\n\t\t\t\t<div class=\"elementor-element elementor-element-26850171 exad-sticky-section-no exad-glass-effect-no elementor-widget elementor-widget-heading\" data-id=\"26850171\" data-element_type=\"widget\" data-e-type=\"widget\" data-widget_type=\"heading.default\">\n\t\t\t\t\t<h2 class=\"elementor-heading-title elementor-size-default\">Palo<\/h2>\t\t\t\t<\/div>\n\t\t\t\t<div class=\"elementor-element elementor-element-33e72857 elementor-widget__width-initial elementor-widget-tablet__width-initial elementor-widget-mobile__width-initial exad-sticky-section-no exad-glass-effect-no elementor-widget elementor-widget-text-editor\" data-id=\"33e72857\" data-element_type=\"widget\" data-e-type=\"widget\" data-widget_type=\"text-editor.default\">\n\t\t\t\t\t\t\t\t\t<p>Vous cherchez un \u00e9l\u00e9ment polyvalent pouvant s&rsquo;adapter \u00e0 votre projet pour la zone de vie ou la chambre \u00e0 coucher ? Vous avez maintenant la solution : Palo. Ce montant innovant peut \u00eatre plac\u00e9 facilement aussi bien dans la cuisine que dans la zone de vie, ou encore dans la chambre \u00e0 coucher, offrant une esth\u00e9tique simple et discr\u00e8te sans compromettre le minimalisme que vous souhaitez.\u2028Le syst\u00e8me Palo sert de support pour une large gamme d&rsquo;\u00e9l\u00e9ments tels que des \u00e9tag\u00e8res, des \u00e9l\u00e9ments suspendus et des barres \u00e9quip\u00e9es, garantissant une organisation fonctionnelle partout o\u00f9 vous souhaitez l&rsquo;utiliser.\u2028Si vous souhaitez l&rsquo;utiliser dans la cuisine, le syst\u00e8me Palo se transforme en une interpr\u00e9tation moderne de l&rsquo;espace au-dessus du plan de travail. En revanche, dans l&rsquo;environnement du dressing, il est fourni avec un raccordement au plafond en aluminium et un pied r\u00e9glable. Cela vous permettra d&rsquo;ajouter une vari\u00e9t\u00e9 d&rsquo;accessoires, y compris des \u00e9tag\u00e8res en bois ou en aluminium, des tiroirs coulissants, des porte-pantalons et des porte-manteaux.\u2028En r\u00e9sum\u00e9, le syst\u00e8me Palo vous offre diverses possibilit\u00e9s d&rsquo;utilisation, mais une seule solution pour organiser les espaces avec praticit\u00e9 et style.    <\/p>\n\t\t\t\t\t\t\t\t<\/div>\n\t\t\t\t<\/div>\n\t\t<div class=\"elementor-element elementor-element-4edf3d8b e-con-full e-flex e-con e-child\" data-id=\"4edf3d8b\" data-element_type=\"container\" data-e-type=\"container\" data-settings=\"{&quot;jet_parallax_layout_list&quot;:[]}\">\n\t\t\t\t<div class=\"elementor-element elementor-element-2a06fa6b elementor-position-inline-start elementor-mobile-position-inline-start elementor-view-default exad-sticky-section-no exad-glass-effect-no elementor-widget elementor-widget-icon-box\" data-id=\"2a06fa6b\" data-element_type=\"widget\" data-e-type=\"widget\" data-widget_type=\"icon-box.default\">\n\t\t\t\t\t\t\t<div class=\"elementor-icon-box-wrapper\">\n\n\t\t\t\t\t\t<div class=\"elementor-icon-box-icon\">\n\t\t\t\t<a href=\"https:\/\/www.ossicolor.it\/wp-content\/uploads\/2024\/04\/Palo-Ossicolor-Design.pdf\" target=\"_blank\" class=\"elementor-icon\" tabindex=\"-1\" aria-label=\"palo\">\n\t\t\t\t<i aria-hidden=\"true\" class=\"lnr lnr-book\"><\/i>\t\t\t\t<\/a>\n\t\t\t<\/div>\n\t\t\t\n\t\t\t\t\t\t<div class=\"elementor-icon-box-content\">\n\n\t\t\t\t\t\t\t\t\t<h3 class=\"elementor-icon-box-title\">\n\t\t\t\t\t\t<a href=\"https:\/\/www.ossicolor.it\/wp-content\/uploads\/2024\/04\/Palo-Ossicolor-Design.pdf\" target=\"_blank\" >\n\t\t\t\t\t\t\tpalo\t\t\t\t\t\t<\/a>\n\t\t\t\t\t<\/h3>\n\t\t\t\t\n\t\t\t\t\n\t\t\t<\/div>\n\t\t\t\n\t\t<\/div>\n\t\t\t\t\t\t<\/div>\n\t\t\t\t<div class=\"elementor-element elementor-element-5aadd5b7 elementor-position-inline-start elementor-mobile-position-inline-start elementor-view-default exad-sticky-section-no exad-glass-effect-no elementor-widget elementor-widget-icon-box\" data-id=\"5aadd5b7\" data-element_type=\"widget\" data-e-type=\"widget\" data-widget_type=\"icon-box.default\">\n\t\t\t\t\t\t\t<div class=\"elementor-icon-box-wrapper\">\n\n\t\t\t\t\t\t<div class=\"elementor-icon-box-icon\">\n\t\t\t\t<a href=\"https:\/\/www.ossicolor.it\/wp-content\/uploads\/2025\/03\/catalogo-design-ossicolor.pdf\" target=\"_blank\" class=\"elementor-icon\" tabindex=\"-1\" aria-label=\"Catalogue compl\u00e9ments d&#039;am\u00e9nagement\">\n\t\t\t\t<i aria-hidden=\"true\" class=\"lnr lnr-book\"><\/i>\t\t\t\t<\/a>\n\t\t\t<\/div>\n\t\t\t\n\t\t\t\t\t\t<div class=\"elementor-icon-box-content\">\n\n\t\t\t\t\t\t\t\t\t<h3 class=\"elementor-icon-box-title\">\n\t\t\t\t\t\t<a href=\"https:\/\/www.ossicolor.it\/wp-content\/uploads\/2025\/03\/catalogo-design-ossicolor.pdf\" target=\"_blank\" >\n\t\t\t\t\t\t\tCatalogue compl\u00e9ments d'am\u00e9nagement\t\t\t\t\t\t<\/a>\n\t\t\t\t\t<\/h3>\n\t\t\t\t\n\t\t\t\t\n\t\t\t<\/div>\n\t\t\t\n\t\t<\/div>\n\t\t\t\t\t\t<\/div>\n\t\t\t\t<\/div>\n\t\t\t\t<\/div>\n\t\t<div class=\"elementor-element elementor-element-62cfabe1 e-con-full e-flex e-con e-parent\" data-id=\"62cfabe1\" data-element_type=\"container\" data-e-type=\"container\" data-settings=\"{&quot;background_background&quot;:&quot;classic&quot;,&quot;jet_parallax_layout_list&quot;:[]}\">\n\t\t<div class=\"elementor-element elementor-element-145d6411 e-con-full e-flex e-con e-child\" data-id=\"145d6411\" data-element_type=\"container\" data-e-type=\"container\" data-settings=\"{&quot;background_background&quot;:&quot;classic&quot;,&quot;jet_parallax_layout_list&quot;:[]}\">\n\t\t<div class=\"elementor-element elementor-element-4d1c8cff e-flex e-con-boxed elementor-invisible e-con e-child\" data-id=\"4d1c8cff\" data-element_type=\"container\" data-e-type=\"container\" data-settings=\"{&quot;jet_parallax_layout_list&quot;:[],&quot;animation&quot;:&quot;slideInLeft&quot;}\">\n\t\t\t\t\t<div class=\"e-con-inner\">\n\t\t\t\t<div class=\"elementor-element elementor-element-7dededb8 exad-sticky-section-no exad-glass-effect-no elementor-invisible elementor-widget elementor-widget-image\" data-id=\"7dededb8\" data-element_type=\"widget\" data-e-type=\"widget\" data-settings=\"{&quot;_animation&quot;:&quot;slideInLeft&quot;}\" data-widget_type=\"image.default\">\n\t\t\t\t\t\t\t\t\t\t\t\t\t\t\t<img fetchpriority=\"high\" decoding=\"async\" width=\"800\" height=\"800\" src=\"https:\/\/www.ossicolor.it\/wp-content\/uploads\/2024\/04\/palo-ossicolor-design.jpg\" class=\"attachment-large size-large wp-image-6951\" alt=\"palo \u00e8 il montante in alluminio\" srcset=\"https:\/\/www.ossicolor.it\/wp-content\/uploads\/2024\/04\/palo-ossicolor-design.jpg 800w, https:\/\/www.ossicolor.it\/wp-content\/uploads\/2024\/04\/palo-ossicolor-design-300x300.jpg 300w, https:\/\/www.ossicolor.it\/wp-content\/uploads\/2024\/04\/palo-ossicolor-design-150x150.jpg 150w, https:\/\/www.ossicolor.it\/wp-content\/uploads\/2024\/04\/palo-ossicolor-design-768x768.jpg 768w\" sizes=\"(max-width: 800px) 100vw, 800px\" \/>\t\t\t\t\t\t\t\t\t\t\t\t\t\t\t<\/div>\n\t\t\t\t\t<\/div>\n\t\t\t\t<\/div>\n\t\t<div class=\"elementor-element elementor-element-430e1b58 e-flex e-con-boxed elementor-invisible e-con e-child\" data-id=\"430e1b58\" data-element_type=\"container\" data-e-type=\"container\" data-settings=\"{&quot;jet_parallax_layout_list&quot;:[],&quot;animation&quot;:&quot;slideInRight&quot;}\">\n\t\t\t\t\t<div class=\"e-con-inner\">\n\t\t\t\t<div class=\"elementor-element elementor-element-56c92818 exad-sticky-section-no exad-glass-effect-no elementor-invisible elementor-widget elementor-widget-image\" data-id=\"56c92818\" data-element_type=\"widget\" data-e-type=\"widget\" data-settings=\"{&quot;_animation&quot;:&quot;slideInRight&quot;}\" data-widget_type=\"image.default\">\n\t\t\t\t\t\t\t\t\t\t\t\t\t\t\t<img decoding=\"async\" width=\"800\" height=\"800\" src=\"https:\/\/www.ossicolor.it\/wp-content\/uploads\/2024\/04\/palo-cabina-armadio-alluminio-ossicolor.jpg\" class=\"attachment-large size-large wp-image-8095\" alt=\"Cabina armadio con struttura Palo Ossicolor in estrusi di alluminio verniciato antracite: montanti verticali, ripiani in legno scuro, appendiabiti, cassetti e mensole portascarpe\" srcset=\"https:\/\/www.ossicolor.it\/wp-content\/uploads\/2024\/04\/palo-cabina-armadio-alluminio-ossicolor.jpg 800w, https:\/\/www.ossicolor.it\/wp-content\/uploads\/2024\/04\/palo-cabina-armadio-alluminio-ossicolor-300x300.jpg 300w, https:\/\/www.ossicolor.it\/wp-content\/uploads\/2024\/04\/palo-cabina-armadio-alluminio-ossicolor-150x150.jpg 150w, https:\/\/www.ossicolor.it\/wp-content\/uploads\/2024\/04\/palo-cabina-armadio-alluminio-ossicolor-768x768.jpg 768w\" sizes=\"(max-width: 800px) 100vw, 800px\" \/>\t\t\t\t\t\t\t\t\t\t\t\t\t\t\t<\/div>\n\t\t\t\t\t<\/div>\n\t\t\t\t<\/div>\n\t\t\t\t<\/div>\n\t\t<div class=\"elementor-element elementor-element-7114b6c6 e-con-full e-flex e-con e-child\" data-id=\"7114b6c6\" data-element_type=\"container\" data-e-type=\"container\" data-settings=\"{&quot;background_background&quot;:&quot;classic&quot;,&quot;jet_parallax_layout_list&quot;:[]}\">\n\t\t<div class=\"elementor-element elementor-element-511d2a40 e-flex e-con-boxed e-con e-child\" data-id=\"511d2a40\" data-element_type=\"container\" data-e-type=\"container\" data-settings=\"{&quot;jet_parallax_layout_list&quot;:[]}\">\n\t\t\t\t\t<div class=\"e-con-inner\">\n\t\t\t\t<div class=\"elementor-element elementor-element-36f2ec6d elementor-align-center exad-sticky-section-no exad-glass-effect-no elementor-widget elementor-widget-button\" data-id=\"36f2ec6d\" data-element_type=\"widget\" data-e-type=\"widget\" data-widget_type=\"button.default\">\n\t\t\t\t\t\t\t\t\t\t<a class=\"elementor-button elementor-button-link elementor-size-md\" href=\"https:\/\/www.ossicolor.it\/fr\/complements-damenagement\/\">\n\t\t\t\t\t\t<span class=\"elementor-button-content-wrapper\">\n\t\t\t\t\t\t<span class=\"elementor-button-icon\">\n\t\t\t\t<i aria-hidden=\"true\" class=\" ti-layout-grid3-alt\"><\/i>\t\t\t<\/span>\n\t\t\t\t\t\t\t\t\t<span class=\"elementor-button-text\">Compl\u00e9ments d'Am\u00e9nagement<\/span>\n\t\t\t\t\t<\/span>\n\t\t\t\t\t<\/a>\n\t\t\t\t\t\t\t\t<\/div>\n\t\t\t\t\t<\/div>\n\t\t\t\t<\/div>\n\t\t\t\t<\/div>\n\t\t\t\t<\/div>\n\t\t<div class=\"elementor-element elementor-element-1958941e e-con-full e-flex e-con e-parent\" data-id=\"1958941e\" data-element_type=\"container\" data-e-type=\"container\" data-settings=\"{&quot;jet_parallax_layout_list&quot;:[]}\">\n\t\t\t\t<div class=\"elementor-element elementor-element-2e4fed3c exad-sticky-section-no exad-glass-effect-no elementor-widget elementor-widget-text-editor\" data-id=\"2e4fed3c\" data-element_type=\"widget\" data-e-type=\"widget\" data-widget_type=\"text-editor.default\">\n\t\t\t\t\t\t\t\t\t<h3>Vous souhaitez en savoir plus sur nos produits de design?\u2028<\/h3>\n\t\t\t\t\t\t\t\t<\/div>\n\t\t\t\t<div class=\"elementor-element elementor-element-436bb8d8 elementor-align-center exad-sticky-section-no exad-glass-effect-no elementor-widget elementor-widget-button\" data-id=\"436bb8d8\" data-element_type=\"widget\" data-e-type=\"widget\" data-widget_type=\"button.default\">\n\t\t\t\t\t\t\t\t\t\t<a class=\"elementor-button elementor-button-link elementor-size-sm\" href=\"https:\/\/www.ossicolor.it\/fr\/contacts\/\">\n\t\t\t\t\t\t<span class=\"elementor-button-content-wrapper\">\n\t\t\t\t\t\t\t\t\t<span class=\"elementor-button-text\">Contactez-nous<\/span>\n\t\t\t\t\t<\/span>\n\t\t\t\t\t<\/a>\n\t\t\t\t\t\t\t\t<\/div>\n\t\t\t\t<\/div>\n\t\t\t\t<\/div>\n\t\t","protected":false},"excerpt":{"rendered":"<p>Palo Vous cherchez un \u00e9l\u00e9ment polyvalent pouvant s&rsquo;adapter \u00e0 votre projet pour la zone de vie ou la chambre \u00e0 coucher ? Vous avez maintenant la solution : Palo. Ce montant innovant peut \u00eatre plac\u00e9 facilement aussi bien dans la cuisine que dans la zone de vie, ou encore dans la chambre \u00e0 coucher, offrant [&hellip;]<\/p>\n","protected":false},"author":1,"featured_media":6951,"parent":0,"menu_order":0,"comment_status":"closed","ping_status":"closed","template":"","meta":{"_monsterinsights_skip_tracking":false,"_monsterinsights_sitenote_active":false,"_monsterinsights_sitenote_note":"","_monsterinsights_sitenote_category":0,"footnotes":""},"class_list":["post-20780","page","type-page","status-publish","has-post-thumbnail","hentry"],"yoast_head":"<!-- This site is optimized with the Yoast SEO Premium plugin v27.4 (Yoast SEO v27.4) - https:\/\/yoast.com\/product\/yoast-seo-premium-wordpress\/ -->\n<title>Palo - Ossicolor<\/title>\n<meta name=\"robots\" content=\"index, follow, max-snippet:-1, max-image-preview:large, max-video-preview:-1\" \/>\n<link rel=\"canonical\" href=\"https:\/\/www.ossicolor.it\/fr\/palo\/\" \/>\n<meta property=\"og:locale\" content=\"fr_FR\" \/>\n<meta property=\"og:type\" content=\"article\" \/>\n<meta property=\"og:title\" content=\"Palo\" \/>\n<meta property=\"og:description\" content=\"Palo Vous cherchez un \u00e9l\u00e9ment polyvalent pouvant s&rsquo;adapter \u00e0 votre projet pour la zone de vie ou la chambre \u00e0 coucher ? Vous avez maintenant la solution : Palo. Ce montant innovant peut \u00eatre plac\u00e9 facilement aussi bien dans la cuisine que dans la zone de vie, ou encore dans la chambre \u00e0 coucher, offrant [&hellip;]\" \/>\n<meta property=\"og:url\" content=\"https:\/\/www.ossicolor.it\/fr\/palo\/\" \/>\n<meta property=\"og:site_name\" content=\"Ossicolor\" \/>\n<meta property=\"article:modified_time\" content=\"2026-03-31T09:17:50+00:00\" \/>\n<meta property=\"og:image\" content=\"https:\/\/www.ossicolor.it\/wp-content\/uploads\/2024\/04\/palo-ossicolor-design.jpg\" \/>\n\t<meta property=\"og:image:width\" content=\"800\" \/>\n\t<meta property=\"og:image:height\" content=\"800\" \/>\n\t<meta property=\"og:image:type\" content=\"image\/jpeg\" \/>\n<meta name=\"twitter:card\" content=\"summary_large_image\" \/>\n<meta name=\"twitter:label1\" content=\"Dur\u00e9e de lecture estim\u00e9e\" \/>\n\t<meta name=\"twitter:data1\" content=\"2 minutes\" \/>\n<script type=\"application\/ld+json\" class=\"yoast-schema-graph\">{\"@context\":\"https:\\\/\\\/schema.org\",\"@graph\":[{\"@type\":\"WebPage\",\"@id\":\"https:\\\/\\\/www.ossicolor.it\\\/fr\\\/palo\\\/\",\"url\":\"https:\\\/\\\/www.ossicolor.it\\\/fr\\\/palo\\\/\",\"name\":\"Palo - Ossicolor\",\"isPartOf\":{\"@id\":\"https:\\\/\\\/www.ossicolor.it\\\/fr\\\/#website\"},\"primaryImageOfPage\":{\"@id\":\"https:\\\/\\\/www.ossicolor.it\\\/fr\\\/palo\\\/#primaryimage\"},\"image\":{\"@id\":\"https:\\\/\\\/www.ossicolor.it\\\/fr\\\/palo\\\/#primaryimage\"},\"thumbnailUrl\":\"https:\\\/\\\/www.ossicolor.it\\\/wp-content\\\/uploads\\\/2024\\\/04\\\/palo-ossicolor-design.jpg\",\"datePublished\":\"2024-04-12T14:28:17+00:00\",\"dateModified\":\"2026-03-31T09:17:50+00:00\",\"breadcrumb\":{\"@id\":\"https:\\\/\\\/www.ossicolor.it\\\/fr\\\/palo\\\/#breadcrumb\"},\"inLanguage\":\"fr-FR\",\"potentialAction\":[{\"@type\":\"ReadAction\",\"target\":[\"https:\\\/\\\/www.ossicolor.it\\\/fr\\\/palo\\\/\"]}]},{\"@type\":\"ImageObject\",\"inLanguage\":\"fr-FR\",\"@id\":\"https:\\\/\\\/www.ossicolor.it\\\/fr\\\/palo\\\/#primaryimage\",\"url\":\"https:\\\/\\\/www.ossicolor.it\\\/wp-content\\\/uploads\\\/2024\\\/04\\\/palo-ossicolor-design.jpg\",\"contentUrl\":\"https:\\\/\\\/www.ossicolor.it\\\/wp-content\\\/uploads\\\/2024\\\/04\\\/palo-ossicolor-design.jpg\",\"width\":800,\"height\":800,\"caption\":\"Palo by Ossicolor: struttura componibile in estrusi di alluminio verniciato antracite con montanti verticali e mensole minimal che si integrano a cucina e living.\"},{\"@type\":\"BreadcrumbList\",\"@id\":\"https:\\\/\\\/www.ossicolor.it\\\/fr\\\/palo\\\/#breadcrumb\",\"itemListElement\":[{\"@type\":\"ListItem\",\"position\":1,\"name\":\"Home\",\"item\":\"https:\\\/\\\/www.ossicolor.it\\\/fr\\\/\"},{\"@type\":\"ListItem\",\"position\":2,\"name\":\"Palo\"}]},{\"@type\":\"WebSite\",\"@id\":\"https:\\\/\\\/www.ossicolor.it\\\/fr\\\/#website\",\"url\":\"https:\\\/\\\/www.ossicolor.it\\\/fr\\\/\",\"name\":\"Ossicolor\",\"description\":\"\",\"potentialAction\":[{\"@type\":\"SearchAction\",\"target\":{\"@type\":\"EntryPoint\",\"urlTemplate\":\"https:\\\/\\\/www.ossicolor.it\\\/fr\\\/?s={search_term_string}\"},\"query-input\":{\"@type\":\"PropertyValueSpecification\",\"valueRequired\":true,\"valueName\":\"search_term_string\"}}],\"inLanguage\":\"fr-FR\"}]}<\/script>\n<!-- \/ Yoast SEO Premium plugin. -->","yoast_head_json":{"title":"Palo - Ossicolor","robots":{"index":"index","follow":"follow","max-snippet":"max-snippet:-1","max-image-preview":"max-image-preview:large","max-video-preview":"max-video-preview:-1"},"canonical":"https:\/\/www.ossicolor.it\/fr\/palo\/","og_locale":"fr_FR","og_type":"article","og_title":"Palo","og_description":"Palo Vous cherchez un \u00e9l\u00e9ment polyvalent pouvant s&rsquo;adapter \u00e0 votre projet pour la zone de vie ou la chambre \u00e0 coucher ? Vous avez maintenant la solution : Palo. Ce montant innovant peut \u00eatre plac\u00e9 facilement aussi bien dans la cuisine que dans la zone de vie, ou encore dans la chambre \u00e0 coucher, offrant [&hellip;]","og_url":"https:\/\/www.ossicolor.it\/fr\/palo\/","og_site_name":"Ossicolor","article_modified_time":"2026-03-31T09:17:50+00:00","og_image":[{"width":800,"height":800,"url":"https:\/\/www.ossicolor.it\/wp-content\/uploads\/2024\/04\/palo-ossicolor-design.jpg","type":"image\/jpeg"}],"twitter_card":"summary_large_image","twitter_misc":{"Dur\u00e9e de lecture estim\u00e9e":"2 minutes"},"schema":{"@context":"https:\/\/schema.org","@graph":[{"@type":"WebPage","@id":"https:\/\/www.ossicolor.it\/fr\/palo\/","url":"https:\/\/www.ossicolor.it\/fr\/palo\/","name":"Palo - Ossicolor","isPartOf":{"@id":"https:\/\/www.ossicolor.it\/fr\/#website"},"primaryImageOfPage":{"@id":"https:\/\/www.ossicolor.it\/fr\/palo\/#primaryimage"},"image":{"@id":"https:\/\/www.ossicolor.it\/fr\/palo\/#primaryimage"},"thumbnailUrl":"https:\/\/www.ossicolor.it\/wp-content\/uploads\/2024\/04\/palo-ossicolor-design.jpg","datePublished":"2024-04-12T14:28:17+00:00","dateModified":"2026-03-31T09:17:50+00:00","breadcrumb":{"@id":"https:\/\/www.ossicolor.it\/fr\/palo\/#breadcrumb"},"inLanguage":"fr-FR","potentialAction":[{"@type":"ReadAction","target":["https:\/\/www.ossicolor.it\/fr\/palo\/"]}]},{"@type":"ImageObject","inLanguage":"fr-FR","@id":"https:\/\/www.ossicolor.it\/fr\/palo\/#primaryimage","url":"https:\/\/www.ossicolor.it\/wp-content\/uploads\/2024\/04\/palo-ossicolor-design.jpg","contentUrl":"https:\/\/www.ossicolor.it\/wp-content\/uploads\/2024\/04\/palo-ossicolor-design.jpg","width":800,"height":800,"caption":"Palo by Ossicolor: struttura componibile in estrusi di alluminio verniciato antracite con montanti verticali e mensole minimal che si integrano a cucina e living."},{"@type":"BreadcrumbList","@id":"https:\/\/www.ossicolor.it\/fr\/palo\/#breadcrumb","itemListElement":[{"@type":"ListItem","position":1,"name":"Home","item":"https:\/\/www.ossicolor.it\/fr\/"},{"@type":"ListItem","position":2,"name":"Palo"}]},{"@type":"WebSite","@id":"https:\/\/www.ossicolor.it\/fr\/#website","url":"https:\/\/www.ossicolor.it\/fr\/","name":"Ossicolor","description":"","potentialAction":[{"@type":"SearchAction","target":{"@type":"EntryPoint","urlTemplate":"https:\/\/www.ossicolor.it\/fr\/?s={search_term_string}"},"query-input":{"@type":"PropertyValueSpecification","valueRequired":true,"valueName":"search_term_string"}}],"inLanguage":"fr-FR"}]}},"_links":{"self":[{"href":"https:\/\/www.ossicolor.it\/fr\/wp-json\/wp\/v2\/pages\/20780","targetHints":{"allow":["GET"]}}],"collection":[{"href":"https:\/\/www.ossicolor.it\/fr\/wp-json\/wp\/v2\/pages"}],"about":[{"href":"https:\/\/www.ossicolor.it\/fr\/wp-json\/wp\/v2\/types\/page"}],"author":[{"embeddable":true,"href":"https:\/\/www.ossicolor.it\/fr\/wp-json\/wp\/v2\/users\/1"}],"replies":[{"embeddable":true,"href":"https:\/\/www.ossicolor.it\/fr\/wp-json\/wp\/v2\/comments?post=20780"}],"version-history":[{"count":15,"href":"https:\/\/www.ossicolor.it\/fr\/wp-json\/wp\/v2\/pages\/20780\/revisions"}],"predecessor-version":[{"id":27872,"href":"https:\/\/www.ossicolor.it\/fr\/wp-json\/wp\/v2\/pages\/20780\/revisions\/27872"}],"wp:featuredmedia":[{"embeddable":true,"href":"https:\/\/www.ossicolor.it\/fr\/wp-json\/wp\/v2\/media\/6951"}],"wp:attachment":[{"href":"https:\/\/www.ossicolor.it\/fr\/wp-json\/wp\/v2\/media?parent=20780"}],"curies":[{"name":"wp","href":"https:\/\/api.w.org\/{rel}","templated":true}]}}