{"id":20771,"date":"2024-09-26T22:14:13","date_gmt":"2024-09-26T20:14:13","guid":{"rendered":"https:\/\/www.ossicolor.it\/luke\/"},"modified":"2026-03-31T11:16:01","modified_gmt":"2026-03-31T09:16:01","slug":"luke","status":"publish","type":"page","link":"https:\/\/www.ossicolor.it\/fr\/luke\/","title":{"rendered":"Luke"},"content":{"rendered":"\t\t<div data-elementor-type=\"wp-page\" data-elementor-id=\"20771\" class=\"elementor elementor-20771 elementor-6130\" data-elementor-post-type=\"page\">\n\t\t\t\t<div class=\"elementor-element elementor-element-8c1a093 e-con-full e-flex e-con e-parent\" data-id=\"8c1a093\" data-element_type=\"container\" data-e-type=\"container\" data-settings=\"{&quot;background_background&quot;:&quot;classic&quot;,&quot;jet_parallax_layout_list&quot;:[]}\">\n\t\t<div class=\"elementor-element elementor-element-bd3e666 e-con-full e-flex elementor-invisible e-con e-child\" data-id=\"bd3e666\" data-element_type=\"container\" data-e-type=\"container\" data-settings=\"{&quot;jet_parallax_layout_list&quot;:[],&quot;animation&quot;:&quot;fadeInUp&quot;}\">\n\t\t\t\t<div class=\"elementor-element elementor-element-0fd7b7c exad-sticky-section-no exad-glass-effect-no elementor-widget elementor-widget-heading\" data-id=\"0fd7b7c\" data-element_type=\"widget\" data-e-type=\"widget\" data-widget_type=\"heading.default\">\n\t\t\t\t\t<h2 class=\"elementor-heading-title elementor-size-default\">Luke<\/h2>\t\t\t\t<\/div>\n\t\t\t\t<div class=\"elementor-element elementor-element-fd7e364 elementor-widget__width-initial elementor-widget-tablet__width-initial elementor-widget-mobile__width-initial exad-sticky-section-no exad-glass-effect-no elementor-widget elementor-widget-text-editor\" data-id=\"fd7e364\" data-element_type=\"widget\" data-e-type=\"widget\" data-widget_type=\"text-editor.default\">\n\t\t\t\t\t\t\t\t\t<p>Luke est une lampe con\u00e7ue pour \u00eatre install\u00e9e sur les profils gola verticaux de la cuisine ou sur un mur. Son design moderne et minimaliste rend cette lampe parfaite pour toutes les pi\u00e8ces de la maison, s&rsquo;adaptant \u00e0 tout style et apportant une touche d&rsquo;\u00e9l\u00e9gance.<br \/>\nLuke est disponible en deux versions: une version compacte \u00e0 \u00e9mission unique, con\u00e7ue pour \u00eatre install\u00e9e dans la partie sup\u00e9rieure des profils gola verticaux, et une version \u00e0 double \u00e9mission avec un design fin et allong\u00e9, \u00e9galement adapt\u00e9e aux murs.<br \/>\nPolyvalent et fonctionnel, Luke est le choix id\u00e9al pour ceux qui recherchent un \u00e9clairage design.<br \/>\nLuke est compatible avec nos profils gola verticaux SI.12014 \u2013 SI.12015, SI.6920 \u2013 SI.6922, SI.7542 \u2013 SI.7543.<\/p>\n\t\t\t\t\t\t\t\t<\/div>\n\t\t\t\t<div class=\"elementor-element elementor-element-0b08ab0 exad-sticky-section-no exad-glass-effect-no elementor-widget elementor-widget-text-editor\" data-id=\"0b08ab0\" data-element_type=\"widget\" data-e-type=\"widget\" data-widget_type=\"text-editor.default\">\n\t\t\t\t\t\t\t\t\t<p>Design by Michele Marcon<\/p>\t\t\t\t\t\t\t\t<\/div>\n\t\t\t\t<\/div>\n\t\t<div class=\"elementor-element elementor-element-2e2adde e-con-full e-flex e-con e-child\" data-id=\"2e2adde\" data-element_type=\"container\" data-e-type=\"container\" data-settings=\"{&quot;jet_parallax_layout_list&quot;:[]}\">\n\t\t\t\t<div class=\"elementor-element elementor-element-26adcb5 elementor-position-inline-start elementor-mobile-position-inline-start elementor-view-default exad-sticky-section-no exad-glass-effect-no elementor-widget elementor-widget-icon-box\" data-id=\"26adcb5\" data-element_type=\"widget\" data-e-type=\"widget\" data-widget_type=\"icon-box.default\">\n\t\t\t\t\t\t\t<div class=\"elementor-icon-box-wrapper\">\n\n\t\t\t\t\t\t<div class=\"elementor-icon-box-icon\">\n\t\t\t\t<a href=\"https:\/\/www.ossicolor.it\/wp-content\/uploads\/2025\/03\/Luke-Ossicolor-Design.pdf\" target=\"_blank\" class=\"elementor-icon\" tabindex=\"-1\" aria-label=\"luke\">\n\t\t\t\t<i aria-hidden=\"true\" class=\"lnr lnr-book\"><\/i>\t\t\t\t<\/a>\n\t\t\t<\/div>\n\t\t\t\n\t\t\t\t\t\t<div class=\"elementor-icon-box-content\">\n\n\t\t\t\t\t\t\t\t\t<h3 class=\"elementor-icon-box-title\">\n\t\t\t\t\t\t<a href=\"https:\/\/www.ossicolor.it\/wp-content\/uploads\/2025\/03\/Luke-Ossicolor-Design.pdf\" target=\"_blank\" >\n\t\t\t\t\t\t\tluke\t\t\t\t\t\t<\/a>\n\t\t\t\t\t<\/h3>\n\t\t\t\t\n\t\t\t\t\n\t\t\t<\/div>\n\t\t\t\n\t\t<\/div>\n\t\t\t\t\t\t<\/div>\n\t\t\t\t<div class=\"elementor-element elementor-element-69e0a09 elementor-position-inline-start elementor-mobile-position-inline-start elementor-view-default exad-sticky-section-no exad-glass-effect-no elementor-widget elementor-widget-icon-box\" data-id=\"69e0a09\" data-element_type=\"widget\" data-e-type=\"widget\" data-widget_type=\"icon-box.default\">\n\t\t\t\t\t\t\t<div class=\"elementor-icon-box-wrapper\">\n\n\t\t\t\t\t\t<div class=\"elementor-icon-box-icon\">\n\t\t\t\t<a href=\"https:\/\/www.ossicolor.it\/wp-content\/uploads\/2025\/03\/catalogo-design-ossicolor.pdf\" target=\"_blank\" class=\"elementor-icon\" tabindex=\"-1\" aria-label=\"Catalogue compl\u00e9ments d&#039;am\u00e9nagement \">\n\t\t\t\t<i aria-hidden=\"true\" class=\"lnr lnr-book\"><\/i>\t\t\t\t<\/a>\n\t\t\t<\/div>\n\t\t\t\n\t\t\t\t\t\t<div class=\"elementor-icon-box-content\">\n\n\t\t\t\t\t\t\t\t\t<h3 class=\"elementor-icon-box-title\">\n\t\t\t\t\t\t<a href=\"https:\/\/www.ossicolor.it\/wp-content\/uploads\/2025\/03\/catalogo-design-ossicolor.pdf\" target=\"_blank\" >\n\t\t\t\t\t\t\tCatalogue compl\u00e9ments d'am\u00e9nagement \t\t\t\t\t\t<\/a>\n\t\t\t\t\t<\/h3>\n\t\t\t\t\n\t\t\t\t\n\t\t\t<\/div>\n\t\t\t\n\t\t<\/div>\n\t\t\t\t\t\t<\/div>\n\t\t\t\t<\/div>\n\t\t\t\t<\/div>\n\t\t<div class=\"elementor-element elementor-element-b1b4633 e-con-full e-flex e-con e-parent\" data-id=\"b1b4633\" data-element_type=\"container\" data-e-type=\"container\" data-settings=\"{&quot;background_background&quot;:&quot;classic&quot;,&quot;jet_parallax_layout_list&quot;:[]}\">\n\t\t<div class=\"elementor-element elementor-element-c7e15b8 e-con-full e-flex e-con e-child\" data-id=\"c7e15b8\" data-element_type=\"container\" data-e-type=\"container\" data-settings=\"{&quot;background_background&quot;:&quot;classic&quot;,&quot;jet_parallax_layout_list&quot;:[]}\">\n\t\t<div class=\"elementor-element elementor-element-b443fe6 e-flex e-con-boxed e-con e-child\" data-id=\"b443fe6\" data-element_type=\"container\" data-e-type=\"container\" data-settings=\"{&quot;jet_parallax_layout_list&quot;:[]}\">\n\t\t\t\t\t<div class=\"e-con-inner\">\n\t\t\t\t<div class=\"elementor-element elementor-element-9fa2138 exad-sticky-section-no exad-glass-effect-no elementor-invisible elementor-widget elementor-widget-image\" data-id=\"9fa2138\" data-element_type=\"widget\" data-e-type=\"widget\" data-settings=\"{&quot;_animation&quot;:&quot;slideInLeft&quot;}\" data-widget_type=\"image.default\">\n\t\t\t\t\t\t\t\t\t\t\t\t\t\t\t<img fetchpriority=\"high\" decoding=\"async\" width=\"800\" height=\"800\" src=\"https:\/\/www.ossicolor.it\/wp-content\/uploads\/2024\/09\/luke-lampada-gole-verticali-ossicolor.jpg\" class=\"attachment-full size-full wp-image-17955\" alt=\"Primo piano della lampada LUKE inserita in una gola verticale nera tra due ante grigie.\" srcset=\"https:\/\/www.ossicolor.it\/wp-content\/uploads\/2024\/09\/luke-lampada-gole-verticali-ossicolor.jpg 800w, https:\/\/www.ossicolor.it\/wp-content\/uploads\/2024\/09\/luke-lampada-gole-verticali-ossicolor-300x300.jpg 300w, https:\/\/www.ossicolor.it\/wp-content\/uploads\/2024\/09\/luke-lampada-gole-verticali-ossicolor-150x150.jpg 150w, https:\/\/www.ossicolor.it\/wp-content\/uploads\/2024\/09\/luke-lampada-gole-verticali-ossicolor-768x768.jpg 768w\" sizes=\"(max-width: 800px) 100vw, 800px\" \/>\t\t\t\t\t\t\t\t\t\t\t\t\t\t\t<\/div>\n\t\t\t\t\t<\/div>\n\t\t\t\t<\/div>\n\t\t<div class=\"elementor-element elementor-element-fcf9a76 e-flex e-con-boxed elementor-invisible e-con e-child\" data-id=\"fcf9a76\" data-element_type=\"container\" data-e-type=\"container\" data-settings=\"{&quot;jet_parallax_layout_list&quot;:[],&quot;animation&quot;:&quot;slideInRight&quot;}\">\n\t\t\t\t\t<div class=\"e-con-inner\">\n\t\t\t\t<div class=\"elementor-element elementor-element-9f3fbb5 exad-sticky-section-no exad-glass-effect-no elementor-widget elementor-widget-image\" data-id=\"9f3fbb5\" data-element_type=\"widget\" data-e-type=\"widget\" data-widget_type=\"image.default\">\n\t\t\t\t\t\t\t\t\t\t\t\t\t\t\t<img decoding=\"async\" width=\"800\" height=\"800\" src=\"https:\/\/www.ossicolor.it\/wp-content\/uploads\/2025\/04\/cucina-luke-illuminazione-gola.jpg\" class=\"attachment-large size-large wp-image-22208\" alt=\"Cucina moderna con illuminazione integrata nei profili gola verticali.\" srcset=\"https:\/\/www.ossicolor.it\/wp-content\/uploads\/2025\/04\/cucina-luke-illuminazione-gola.jpg 800w, https:\/\/www.ossicolor.it\/wp-content\/uploads\/2025\/04\/cucina-luke-illuminazione-gola-300x300.jpg 300w, https:\/\/www.ossicolor.it\/wp-content\/uploads\/2025\/04\/cucina-luke-illuminazione-gola-150x150.jpg 150w, https:\/\/www.ossicolor.it\/wp-content\/uploads\/2025\/04\/cucina-luke-illuminazione-gola-768x768.jpg 768w\" sizes=\"(max-width: 800px) 100vw, 800px\" \/>\t\t\t\t\t\t\t\t\t\t\t\t\t\t\t<\/div>\n\t\t\t\t\t<\/div>\n\t\t\t\t<\/div>\n\t\t\t\t<\/div>\n\t\t<div class=\"elementor-element elementor-element-ed60f9a e-con-full e-flex e-con e-child\" data-id=\"ed60f9a\" data-element_type=\"container\" data-e-type=\"container\" data-settings=\"{&quot;background_background&quot;:&quot;classic&quot;,&quot;jet_parallax_layout_list&quot;:[]}\">\n\t\t<div class=\"elementor-element elementor-element-fd8d373 e-flex e-con-boxed e-con e-child\" data-id=\"fd8d373\" data-element_type=\"container\" data-e-type=\"container\" data-settings=\"{&quot;jet_parallax_layout_list&quot;:[]}\">\n\t\t\t\t\t<div class=\"e-con-inner\">\n\t\t\t\t<div class=\"elementor-element elementor-element-390f493 elementor-align-center exad-sticky-section-no exad-glass-effect-no elementor-widget elementor-widget-button\" data-id=\"390f493\" data-element_type=\"widget\" data-e-type=\"widget\" data-widget_type=\"button.default\">\n\t\t\t\t\t\t\t\t\t\t<a class=\"elementor-button elementor-button-link elementor-size-md\" href=\"https:\/\/www.ossicolor.it\/fr\/complements-damenagement\/\">\n\t\t\t\t\t\t<span class=\"elementor-button-content-wrapper\">\n\t\t\t\t\t\t<span class=\"elementor-button-icon\">\n\t\t\t\t<i aria-hidden=\"true\" class=\" ti-layout-grid3-alt\"><\/i>\t\t\t<\/span>\n\t\t\t\t\t\t\t\t\t<span class=\"elementor-button-text\">Compl\u00e9ments d'Am\u00e9nagement <\/span>\n\t\t\t\t\t<\/span>\n\t\t\t\t\t<\/a>\n\t\t\t\t\t\t\t\t<\/div>\n\t\t\t\t\t<\/div>\n\t\t\t\t<\/div>\n\t\t\t\t<\/div>\n\t\t\t\t<\/div>\n\t\t<div class=\"elementor-element elementor-element-a439f27 e-con-full e-flex e-con e-parent\" data-id=\"a439f27\" data-element_type=\"container\" data-e-type=\"container\" data-settings=\"{&quot;jet_parallax_layout_list&quot;:[]}\">\n\t\t\t\t<div class=\"elementor-element elementor-element-8c21517 exad-sticky-section-no exad-glass-effect-no elementor-widget elementor-widget-text-editor\" data-id=\"8c21517\" data-element_type=\"widget\" data-e-type=\"widget\" data-widget_type=\"text-editor.default\">\n\t\t\t\t\t\t\t\t\t<h3>Vous souhaitez en savoir plus sur nos produits de design?\u2028<\/h3>\n\t\t\t\t\t\t\t\t<\/div>\n\t\t\t\t<div class=\"elementor-element elementor-element-29e78c9 elementor-align-center exad-sticky-section-no exad-glass-effect-no elementor-widget elementor-widget-button\" data-id=\"29e78c9\" data-element_type=\"widget\" data-e-type=\"widget\" data-widget_type=\"button.default\">\n\t\t\t\t\t\t\t\t\t\t<a class=\"elementor-button elementor-button-link elementor-size-sm\" href=\"https:\/\/www.ossicolor.it\/fr\/contacts\/\">\n\t\t\t\t\t\t<span class=\"elementor-button-content-wrapper\">\n\t\t\t\t\t\t\t\t\t<span class=\"elementor-button-text\">Contactez-nous<\/span>\n\t\t\t\t\t<\/span>\n\t\t\t\t\t<\/a>\n\t\t\t\t\t\t\t\t<\/div>\n\t\t\t\t<\/div>\n\t\t\t\t<\/div>\n\t\t","protected":false},"excerpt":{"rendered":"<p>Luke Luke est une lampe con\u00e7ue pour \u00eatre install\u00e9e sur les profils gola verticaux de la cuisine ou sur un mur. Son design moderne et minimaliste rend cette lampe parfaite pour toutes les pi\u00e8ces de la maison, s&rsquo;adaptant \u00e0 tout style et apportant une touche d&rsquo;\u00e9l\u00e9gance. Luke est disponible en deux versions: une version compacte [&hellip;]<\/p>\n","protected":false},"author":1,"featured_media":20772,"parent":0,"menu_order":0,"comment_status":"closed","ping_status":"closed","template":"","meta":{"_monsterinsights_skip_tracking":false,"_monsterinsights_sitenote_active":false,"_monsterinsights_sitenote_note":"","_monsterinsights_sitenote_category":0,"footnotes":""},"class_list":["post-20771","page","type-page","status-publish","has-post-thumbnail","hentry"],"yoast_head":"<!-- This site is optimized with the Yoast SEO Premium plugin v27.2 (Yoast SEO v27.2) - https:\/\/yoast.com\/product\/yoast-seo-premium-wordpress\/ -->\n<title>Luke - Ossicolor<\/title>\n<meta name=\"robots\" content=\"index, follow, max-snippet:-1, max-image-preview:large, max-video-preview:-1\" \/>\n<link rel=\"canonical\" href=\"https:\/\/www.ossicolor.it\/fr\/luke\/\" \/>\n<meta property=\"og:locale\" content=\"fr_FR\" \/>\n<meta property=\"og:type\" content=\"article\" \/>\n<meta property=\"og:title\" content=\"Luke\" \/>\n<meta property=\"og:description\" content=\"Luke Luke est une lampe con\u00e7ue pour \u00eatre install\u00e9e sur les profils gola verticaux de la cuisine ou sur un mur. Son design moderne et minimaliste rend cette lampe parfaite pour toutes les pi\u00e8ces de la maison, s&rsquo;adaptant \u00e0 tout style et apportant une touche d&rsquo;\u00e9l\u00e9gance. Luke est disponible en deux versions: une version compacte [&hellip;]\" \/>\n<meta property=\"og:url\" content=\"https:\/\/www.ossicolor.it\/fr\/luke\/\" \/>\n<meta property=\"og:site_name\" content=\"Ossicolor\" \/>\n<meta property=\"article:modified_time\" content=\"2026-03-31T09:16:01+00:00\" \/>\n<meta property=\"og:image\" content=\"https:\/\/www.ossicolor.it\/wp-content\/uploads\/2024\/10\/luke-lampada-per-gole-verticali-ossicolor.jpg\" \/>\n\t<meta property=\"og:image:width\" content=\"800\" \/>\n\t<meta property=\"og:image:height\" content=\"800\" \/>\n\t<meta property=\"og:image:type\" content=\"image\/jpeg\" \/>\n<meta name=\"twitter:card\" content=\"summary_large_image\" \/>\n<meta name=\"twitter:label1\" content=\"Dur\u00e9e de lecture estim\u00e9e\" \/>\n\t<meta name=\"twitter:data1\" content=\"1 minute\" \/>\n<script type=\"application\/ld+json\" class=\"yoast-schema-graph\">{\"@context\":\"https:\/\/schema.org\",\"@graph\":[{\"@type\":\"WebPage\",\"@id\":\"https:\/\/www.ossicolor.it\/fr\/luke\/\",\"url\":\"https:\/\/www.ossicolor.it\/fr\/luke\/\",\"name\":\"Luke - Ossicolor\",\"isPartOf\":{\"@id\":\"https:\/\/www.ossicolor.it\/fr\/#website\"},\"primaryImageOfPage\":{\"@id\":\"https:\/\/www.ossicolor.it\/fr\/luke\/#primaryimage\"},\"image\":{\"@id\":\"https:\/\/www.ossicolor.it\/fr\/luke\/#primaryimage\"},\"thumbnailUrl\":\"https:\/\/www.ossicolor.it\/wp-content\/uploads\/2024\/10\/luke-lampada-per-gole-verticali-ossicolor.jpg\",\"datePublished\":\"2024-09-26T20:14:13+00:00\",\"dateModified\":\"2026-03-31T09:16:01+00:00\",\"breadcrumb\":{\"@id\":\"https:\/\/www.ossicolor.it\/fr\/luke\/#breadcrumb\"},\"inLanguage\":\"fr-FR\",\"potentialAction\":[{\"@type\":\"ReadAction\",\"target\":[\"https:\/\/www.ossicolor.it\/fr\/luke\/\"]}]},{\"@type\":\"ImageObject\",\"inLanguage\":\"fr-FR\",\"@id\":\"https:\/\/www.ossicolor.it\/fr\/luke\/#primaryimage\",\"url\":\"https:\/\/www.ossicolor.it\/wp-content\/uploads\/2024\/10\/luke-lampada-per-gole-verticali-ossicolor.jpg\",\"contentUrl\":\"https:\/\/www.ossicolor.it\/wp-content\/uploads\/2024\/10\/luke-lampada-per-gole-verticali-ossicolor.jpg\",\"width\":800,\"height\":800,\"caption\":\"LUKE illumina il dettaglio. Il sistema LED integrato nelle gole verticali dona carattere e funzionalit\u00e0 al design.\"},{\"@type\":\"BreadcrumbList\",\"@id\":\"https:\/\/www.ossicolor.it\/fr\/luke\/#breadcrumb\",\"itemListElement\":[{\"@type\":\"ListItem\",\"position\":1,\"name\":\"Home\",\"item\":\"https:\/\/www.ossicolor.it\/fr\/\"},{\"@type\":\"ListItem\",\"position\":2,\"name\":\"Luke\"}]},{\"@type\":\"WebSite\",\"@id\":\"https:\/\/www.ossicolor.it\/fr\/#website\",\"url\":\"https:\/\/www.ossicolor.it\/fr\/\",\"name\":\"Ossicolor\",\"description\":\"\",\"potentialAction\":[{\"@type\":\"SearchAction\",\"target\":{\"@type\":\"EntryPoint\",\"urlTemplate\":\"https:\/\/www.ossicolor.it\/fr\/?s={search_term_string}\"},\"query-input\":{\"@type\":\"PropertyValueSpecification\",\"valueRequired\":true,\"valueName\":\"search_term_string\"}}],\"inLanguage\":\"fr-FR\"}]}<\/script>\n<!-- \/ Yoast SEO Premium plugin. -->","yoast_head_json":{"title":"Luke - Ossicolor","robots":{"index":"index","follow":"follow","max-snippet":"max-snippet:-1","max-image-preview":"max-image-preview:large","max-video-preview":"max-video-preview:-1"},"canonical":"https:\/\/www.ossicolor.it\/fr\/luke\/","og_locale":"fr_FR","og_type":"article","og_title":"Luke","og_description":"Luke Luke est une lampe con\u00e7ue pour \u00eatre install\u00e9e sur les profils gola verticaux de la cuisine ou sur un mur. Son design moderne et minimaliste rend cette lampe parfaite pour toutes les pi\u00e8ces de la maison, s&rsquo;adaptant \u00e0 tout style et apportant une touche d&rsquo;\u00e9l\u00e9gance. Luke est disponible en deux versions: une version compacte [&hellip;]","og_url":"https:\/\/www.ossicolor.it\/fr\/luke\/","og_site_name":"Ossicolor","article_modified_time":"2026-03-31T09:16:01+00:00","og_image":[{"width":800,"height":800,"url":"https:\/\/www.ossicolor.it\/wp-content\/uploads\/2024\/10\/luke-lampada-per-gole-verticali-ossicolor.jpg","type":"image\/jpeg"}],"twitter_card":"summary_large_image","twitter_misc":{"Dur\u00e9e de lecture estim\u00e9e":"1 minute"},"schema":{"@context":"https:\/\/schema.org","@graph":[{"@type":"WebPage","@id":"https:\/\/www.ossicolor.it\/fr\/luke\/","url":"https:\/\/www.ossicolor.it\/fr\/luke\/","name":"Luke - Ossicolor","isPartOf":{"@id":"https:\/\/www.ossicolor.it\/fr\/#website"},"primaryImageOfPage":{"@id":"https:\/\/www.ossicolor.it\/fr\/luke\/#primaryimage"},"image":{"@id":"https:\/\/www.ossicolor.it\/fr\/luke\/#primaryimage"},"thumbnailUrl":"https:\/\/www.ossicolor.it\/wp-content\/uploads\/2024\/10\/luke-lampada-per-gole-verticali-ossicolor.jpg","datePublished":"2024-09-26T20:14:13+00:00","dateModified":"2026-03-31T09:16:01+00:00","breadcrumb":{"@id":"https:\/\/www.ossicolor.it\/fr\/luke\/#breadcrumb"},"inLanguage":"fr-FR","potentialAction":[{"@type":"ReadAction","target":["https:\/\/www.ossicolor.it\/fr\/luke\/"]}]},{"@type":"ImageObject","inLanguage":"fr-FR","@id":"https:\/\/www.ossicolor.it\/fr\/luke\/#primaryimage","url":"https:\/\/www.ossicolor.it\/wp-content\/uploads\/2024\/10\/luke-lampada-per-gole-verticali-ossicolor.jpg","contentUrl":"https:\/\/www.ossicolor.it\/wp-content\/uploads\/2024\/10\/luke-lampada-per-gole-verticali-ossicolor.jpg","width":800,"height":800,"caption":"LUKE illumina il dettaglio. Il sistema LED integrato nelle gole verticali dona carattere e funzionalit\u00e0 al design."},{"@type":"BreadcrumbList","@id":"https:\/\/www.ossicolor.it\/fr\/luke\/#breadcrumb","itemListElement":[{"@type":"ListItem","position":1,"name":"Home","item":"https:\/\/www.ossicolor.it\/fr\/"},{"@type":"ListItem","position":2,"name":"Luke"}]},{"@type":"WebSite","@id":"https:\/\/www.ossicolor.it\/fr\/#website","url":"https:\/\/www.ossicolor.it\/fr\/","name":"Ossicolor","description":"","potentialAction":[{"@type":"SearchAction","target":{"@type":"EntryPoint","urlTemplate":"https:\/\/www.ossicolor.it\/fr\/?s={search_term_string}"},"query-input":{"@type":"PropertyValueSpecification","valueRequired":true,"valueName":"search_term_string"}}],"inLanguage":"fr-FR"}]}},"_links":{"self":[{"href":"https:\/\/www.ossicolor.it\/fr\/wp-json\/wp\/v2\/pages\/20771","targetHints":{"allow":["GET"]}}],"collection":[{"href":"https:\/\/www.ossicolor.it\/fr\/wp-json\/wp\/v2\/pages"}],"about":[{"href":"https:\/\/www.ossicolor.it\/fr\/wp-json\/wp\/v2\/types\/page"}],"author":[{"embeddable":true,"href":"https:\/\/www.ossicolor.it\/fr\/wp-json\/wp\/v2\/users\/1"}],"replies":[{"embeddable":true,"href":"https:\/\/www.ossicolor.it\/fr\/wp-json\/wp\/v2\/comments?post=20771"}],"version-history":[{"count":18,"href":"https:\/\/www.ossicolor.it\/fr\/wp-json\/wp\/v2\/pages\/20771\/revisions"}],"predecessor-version":[{"id":27863,"href":"https:\/\/www.ossicolor.it\/fr\/wp-json\/wp\/v2\/pages\/20771\/revisions\/27863"}],"wp:featuredmedia":[{"embeddable":true,"href":"https:\/\/www.ossicolor.it\/fr\/wp-json\/wp\/v2\/media\/20772"}],"wp:attachment":[{"href":"https:\/\/www.ossicolor.it\/fr\/wp-json\/wp\/v2\/media?parent=20771"}],"curies":[{"name":"wp","href":"https:\/\/api.w.org\/{rel}","templated":true}]}}