{"id":20769,"date":"2024-04-15T18:06:46","date_gmt":"2024-04-15T16:06:46","guid":{"rendered":"https:\/\/www.ossicolor.it\/line\/"},"modified":"2026-03-31T11:15:02","modified_gmt":"2026-03-31T09:15:02","slug":"line","status":"publish","type":"page","link":"https:\/\/www.ossicolor.it\/fr\/line\/","title":{"rendered":"Line"},"content":{"rendered":"\t\t<div data-elementor-type=\"wp-page\" data-elementor-id=\"20769\" class=\"elementor elementor-20769 elementor-1447\" data-elementor-post-type=\"page\">\n\t\t\t\t<div class=\"elementor-element elementor-element-7eed8ed3 e-con-full e-flex e-con e-parent\" data-id=\"7eed8ed3\" data-element_type=\"container\" data-e-type=\"container\" data-settings=\"{&quot;background_background&quot;:&quot;classic&quot;,&quot;jet_parallax_layout_list&quot;:[]}\">\n\t\t<div class=\"elementor-element elementor-element-29b85cec e-con-full e-flex elementor-invisible e-con e-child\" data-id=\"29b85cec\" data-element_type=\"container\" data-e-type=\"container\" data-settings=\"{&quot;jet_parallax_layout_list&quot;:[],&quot;animation&quot;:&quot;fadeInUp&quot;}\">\n\t\t\t\t<div class=\"elementor-element elementor-element-17101ca1 exad-sticky-section-no exad-glass-effect-no elementor-widget elementor-widget-heading\" data-id=\"17101ca1\" data-element_type=\"widget\" data-e-type=\"widget\" data-widget_type=\"heading.default\">\n\t\t\t\t\t<h2 class=\"elementor-heading-title elementor-size-default\">Line 03<\/h2>\t\t\t\t<\/div>\n\t\t\t\t<div class=\"elementor-element elementor-element-7d72f4dd elementor-widget__width-initial elementor-widget-tablet__width-initial elementor-widget-mobile__width-initial exad-sticky-section-no exad-glass-effect-no elementor-widget elementor-widget-text-editor\" data-id=\"7d72f4dd\" data-element_type=\"widget\" data-e-type=\"widget\" data-widget_type=\"text-editor.default\">\n\t\t\t\t\t\t\t\t\t<p>Il existe toujours une solution pour vous permettant d&rsquo;am\u00e9nager un espace avec \u00e9l\u00e9gance et fonctionnalit\u00e9. Notre boiserie Line repr\u00e9sente l&rsquo;\u00e9l\u00e9ment id\u00e9al pour connecter la cuisine et le salon : con\u00e7ue pour divers types d&rsquo;\u00e9tag\u00e8res, elle est adapt\u00e9e pour supporter des t\u00e9l\u00e9viseurs, des \u00e9l\u00e9ments suspendus ou des bases. De plus, elle permet l&rsquo;utilisation d&rsquo;accessoires coulissants tels que les conteneurs Modus, Size ou les panneaux am\u00e9nag\u00e9s. La boiserie Line vous offre un support aux innombrables possibilit\u00e9s, garantissant un mouvement fluide et une harmonie esth\u00e9tique totale.<\/p>\n\t\t\t\t\t\t\t\t<\/div>\n\t\t\t\t<\/div>\n\t\t<div class=\"elementor-element elementor-element-5ef17887 e-con-full e-flex e-con e-child\" data-id=\"5ef17887\" data-element_type=\"container\" data-e-type=\"container\" data-settings=\"{&quot;jet_parallax_layout_list&quot;:[]}\">\n\t\t\t\t<div class=\"elementor-element elementor-element-37a3437 elementor-position-inline-start elementor-mobile-position-inline-start elementor-view-default exad-sticky-section-no exad-glass-effect-no elementor-widget elementor-widget-icon-box\" data-id=\"37a3437\" data-element_type=\"widget\" data-e-type=\"widget\" data-widget_type=\"icon-box.default\">\n\t\t\t\t\t\t\t<div class=\"elementor-icon-box-wrapper\">\n\n\t\t\t\t\t\t<div class=\"elementor-icon-box-icon\">\n\t\t\t\t<a href=\"https:\/\/www.ossicolor.it\/wp-content\/uploads\/2024\/04\/Line-Ossicolor-Design.pdf\" target=\"_blank\" class=\"elementor-icon\" tabindex=\"-1\" aria-label=\"line\">\n\t\t\t\t<i aria-hidden=\"true\" class=\"lnr lnr-book\"><\/i>\t\t\t\t<\/a>\n\t\t\t<\/div>\n\t\t\t\n\t\t\t\t\t\t<div class=\"elementor-icon-box-content\">\n\n\t\t\t\t\t\t\t\t\t<h3 class=\"elementor-icon-box-title\">\n\t\t\t\t\t\t<a href=\"https:\/\/www.ossicolor.it\/wp-content\/uploads\/2024\/04\/Line-Ossicolor-Design.pdf\" target=\"_blank\" >\n\t\t\t\t\t\t\tline\t\t\t\t\t\t<\/a>\n\t\t\t\t\t<\/h3>\n\t\t\t\t\n\t\t\t\t\n\t\t\t<\/div>\n\t\t\t\n\t\t<\/div>\n\t\t\t\t\t\t<\/div>\n\t\t\t\t<div class=\"elementor-element elementor-element-3a828fb7 elementor-position-inline-start elementor-mobile-position-inline-start elementor-view-default exad-sticky-section-no exad-glass-effect-no elementor-widget elementor-widget-icon-box\" data-id=\"3a828fb7\" data-element_type=\"widget\" data-e-type=\"widget\" data-widget_type=\"icon-box.default\">\n\t\t\t\t\t\t\t<div class=\"elementor-icon-box-wrapper\">\n\n\t\t\t\t\t\t<div class=\"elementor-icon-box-icon\">\n\t\t\t\t<a href=\"https:\/\/www.ossicolor.it\/wp-content\/uploads\/2025\/03\/catalogo-design-ossicolor.pdf\" target=\"_blank\" class=\"elementor-icon\" tabindex=\"-1\" aria-label=\"Catalogue compl\u00e9ments d&#039;am\u00e9nagement \">\n\t\t\t\t<i aria-hidden=\"true\" class=\"lnr lnr-book\"><\/i>\t\t\t\t<\/a>\n\t\t\t<\/div>\n\t\t\t\n\t\t\t\t\t\t<div class=\"elementor-icon-box-content\">\n\n\t\t\t\t\t\t\t\t\t<h3 class=\"elementor-icon-box-title\">\n\t\t\t\t\t\t<a href=\"https:\/\/www.ossicolor.it\/wp-content\/uploads\/2025\/03\/catalogo-design-ossicolor.pdf\" target=\"_blank\" >\n\t\t\t\t\t\t\tCatalogue compl\u00e9ments d'am\u00e9nagement \t\t\t\t\t\t<\/a>\n\t\t\t\t\t<\/h3>\n\t\t\t\t\n\t\t\t\t\n\t\t\t<\/div>\n\t\t\t\n\t\t<\/div>\n\t\t\t\t\t\t<\/div>\n\t\t\t\t<\/div>\n\t\t\t\t<\/div>\n\t\t<div class=\"elementor-element elementor-element-4a084c0b e-con-full e-flex e-con e-parent\" data-id=\"4a084c0b\" data-element_type=\"container\" data-e-type=\"container\" data-settings=\"{&quot;background_background&quot;:&quot;classic&quot;,&quot;jet_parallax_layout_list&quot;:[]}\">\n\t\t<div class=\"elementor-element elementor-element-2ce70cf6 e-con-full e-flex e-con e-child\" data-id=\"2ce70cf6\" data-element_type=\"container\" data-e-type=\"container\" data-settings=\"{&quot;background_background&quot;:&quot;classic&quot;,&quot;jet_parallax_layout_list&quot;:[]}\">\n\t\t<div class=\"elementor-element elementor-element-29bc5714 e-flex e-con-boxed e-con e-child\" data-id=\"29bc5714\" data-element_type=\"container\" data-e-type=\"container\" data-settings=\"{&quot;jet_parallax_layout_list&quot;:[]}\">\n\t\t\t\t\t<div class=\"e-con-inner\">\n\t\t\t\t<div class=\"elementor-element elementor-element-5d15fb62 exad-sticky-section-no exad-glass-effect-no elementor-invisible elementor-widget elementor-widget-image\" data-id=\"5d15fb62\" data-element_type=\"widget\" data-e-type=\"widget\" data-settings=\"{&quot;_animation&quot;:&quot;slideInLeft&quot;}\" data-widget_type=\"image.default\">\n\t\t\t\t\t\t\t\t\t\t\t\t\t\t\t<img fetchpriority=\"high\" decoding=\"async\" width=\"800\" height=\"800\" src=\"https:\/\/www.ossicolor.it\/wp-content\/uploads\/2024\/04\/line-boiserie-ossicolor.jpg\" class=\"attachment-large size-large wp-image-8115\" alt=\"Boiserie Line 03 Ossicolor con moduli sospesi neri, mensole minimaliste, TV integrata e parete a pannelli, con grande finestra panoramica su paesaggio montano\" srcset=\"https:\/\/www.ossicolor.it\/wp-content\/uploads\/2024\/04\/line-boiserie-ossicolor.jpg 800w, https:\/\/www.ossicolor.it\/wp-content\/uploads\/2024\/04\/line-boiserie-ossicolor-300x300.jpg 300w, https:\/\/www.ossicolor.it\/wp-content\/uploads\/2024\/04\/line-boiserie-ossicolor-150x150.jpg 150w, https:\/\/www.ossicolor.it\/wp-content\/uploads\/2024\/04\/line-boiserie-ossicolor-768x768.jpg 768w\" sizes=\"(max-width: 800px) 100vw, 800px\" \/>\t\t\t\t\t\t\t\t\t\t\t\t\t\t\t<\/div>\n\t\t\t\t\t<\/div>\n\t\t\t\t<\/div>\n\t\t<div class=\"elementor-element elementor-element-1b154fc4 e-flex e-con-boxed e-con e-child\" data-id=\"1b154fc4\" data-element_type=\"container\" data-e-type=\"container\" data-settings=\"{&quot;jet_parallax_layout_list&quot;:[]}\">\n\t\t\t\t\t<div class=\"e-con-inner\">\n\t\t\t\t<div class=\"elementor-element elementor-element-43e908ae exad-sticky-section-no exad-glass-effect-no elementor-invisible elementor-widget elementor-widget-image\" data-id=\"43e908ae\" data-element_type=\"widget\" data-e-type=\"widget\" data-settings=\"{&quot;_animation&quot;:&quot;slideInRight&quot;}\" data-widget_type=\"image.default\">\n\t\t\t\t\t\t\t\t\t\t\t\t\t\t\t<img decoding=\"async\" width=\"800\" height=\"800\" src=\"https:\/\/www.ossicolor.it\/wp-content\/uploads\/2024\/04\/line-ossicolor-design.jpg\" class=\"attachment-large size-large wp-image-6947\" alt=\"Line boiserie in alluminio\" srcset=\"https:\/\/www.ossicolor.it\/wp-content\/uploads\/2024\/04\/line-ossicolor-design.jpg 800w, https:\/\/www.ossicolor.it\/wp-content\/uploads\/2024\/04\/line-ossicolor-design-300x300.jpg 300w, https:\/\/www.ossicolor.it\/wp-content\/uploads\/2024\/04\/line-ossicolor-design-150x150.jpg 150w, https:\/\/www.ossicolor.it\/wp-content\/uploads\/2024\/04\/line-ossicolor-design-768x768.jpg 768w\" sizes=\"(max-width: 800px) 100vw, 800px\" \/>\t\t\t\t\t\t\t\t\t\t\t\t\t\t\t<\/div>\n\t\t\t\t\t<\/div>\n\t\t\t\t<\/div>\n\t\t\t\t<\/div>\n\t\t<div class=\"elementor-element elementor-element-2c643388 e-con-full e-flex e-con e-child\" data-id=\"2c643388\" data-element_type=\"container\" data-e-type=\"container\" data-settings=\"{&quot;background_background&quot;:&quot;classic&quot;,&quot;jet_parallax_layout_list&quot;:[]}\">\n\t\t<div class=\"elementor-element elementor-element-540cb166 e-flex e-con-boxed e-con e-child\" data-id=\"540cb166\" data-element_type=\"container\" data-e-type=\"container\" data-settings=\"{&quot;jet_parallax_layout_list&quot;:[]}\">\n\t\t\t\t\t<div class=\"e-con-inner\">\n\t\t\t\t<div class=\"elementor-element elementor-element-4b26f06f elementor-align-center exad-sticky-section-no exad-glass-effect-no elementor-widget elementor-widget-button\" data-id=\"4b26f06f\" data-element_type=\"widget\" data-e-type=\"widget\" data-widget_type=\"button.default\">\n\t\t\t\t\t\t\t\t\t\t<a class=\"elementor-button elementor-button-link elementor-size-md\" href=\"https:\/\/www.ossicolor.it\/fr\/complements-damenagement\/\">\n\t\t\t\t\t\t<span class=\"elementor-button-content-wrapper\">\n\t\t\t\t\t\t<span class=\"elementor-button-icon\">\n\t\t\t\t<i aria-hidden=\"true\" class=\" ti-layout-grid3-alt\"><\/i>\t\t\t<\/span>\n\t\t\t\t\t\t\t\t\t<span class=\"elementor-button-text\">Compl\u00e9ments d'Am\u00e9nagement <\/span>\n\t\t\t\t\t<\/span>\n\t\t\t\t\t<\/a>\n\t\t\t\t\t\t\t\t<\/div>\n\t\t\t\t\t<\/div>\n\t\t\t\t<\/div>\n\t\t\t\t<\/div>\n\t\t\t\t<\/div>\n\t\t<div class=\"elementor-element elementor-element-69e27d5e e-con-full e-flex e-con e-parent\" data-id=\"69e27d5e\" data-element_type=\"container\" data-e-type=\"container\" data-settings=\"{&quot;jet_parallax_layout_list&quot;:[]}\">\n\t\t\t\t<div class=\"elementor-element elementor-element-47b213be exad-sticky-section-no exad-glass-effect-no elementor-widget elementor-widget-text-editor\" data-id=\"47b213be\" data-element_type=\"widget\" data-e-type=\"widget\" data-widget_type=\"text-editor.default\">\n\t\t\t\t\t\t\t\t\t<h3>Vous souhaitez en savoir plus sur nos produits de design?<\/h3>\n\t\t\t\t\t\t\t\t<\/div>\n\t\t\t\t<div class=\"elementor-element elementor-element-d26b406 elementor-align-center exad-sticky-section-no exad-glass-effect-no elementor-widget elementor-widget-button\" data-id=\"d26b406\" data-element_type=\"widget\" data-e-type=\"widget\" data-widget_type=\"button.default\">\n\t\t\t\t\t\t\t\t\t\t<a class=\"elementor-button elementor-button-link elementor-size-sm\" href=\"https:\/\/www.ossicolor.it\/fr\/contacts\/\">\n\t\t\t\t\t\t<span class=\"elementor-button-content-wrapper\">\n\t\t\t\t\t\t\t\t\t<span class=\"elementor-button-text\">Contactez-nous<\/span>\n\t\t\t\t\t<\/span>\n\t\t\t\t\t<\/a>\n\t\t\t\t\t\t\t\t<\/div>\n\t\t\t\t<\/div>\n\t\t\t\t<\/div>\n\t\t","protected":false},"excerpt":{"rendered":"<p>Line 03 Il existe toujours une solution pour vous permettant d&rsquo;am\u00e9nager un espace avec \u00e9l\u00e9gance et fonctionnalit\u00e9. Notre boiserie Line repr\u00e9sente l&rsquo;\u00e9l\u00e9ment id\u00e9al pour connecter la cuisine et le salon : con\u00e7ue pour divers types d&rsquo;\u00e9tag\u00e8res, elle est adapt\u00e9e pour supporter des t\u00e9l\u00e9viseurs, des \u00e9l\u00e9ments suspendus ou des bases. De plus, elle permet l&rsquo;utilisation d&rsquo;accessoires [&hellip;]<\/p>\n","protected":false},"author":1,"featured_media":6947,"parent":0,"menu_order":0,"comment_status":"closed","ping_status":"closed","template":"","meta":{"_monsterinsights_skip_tracking":false,"_monsterinsights_sitenote_active":false,"_monsterinsights_sitenote_note":"","_monsterinsights_sitenote_category":0,"footnotes":""},"class_list":["post-20769","page","type-page","status-publish","has-post-thumbnail","hentry"],"yoast_head":"<!-- This site is optimized with the Yoast SEO Premium plugin v27.2 (Yoast SEO v27.2) - https:\/\/yoast.com\/product\/yoast-seo-premium-wordpress\/ -->\n<title>Line - Ossicolor<\/title>\n<meta name=\"robots\" content=\"index, follow, max-snippet:-1, max-image-preview:large, max-video-preview:-1\" \/>\n<link rel=\"canonical\" href=\"https:\/\/www.ossicolor.it\/fr\/line\/\" \/>\n<meta property=\"og:locale\" content=\"fr_FR\" \/>\n<meta property=\"og:type\" content=\"article\" \/>\n<meta property=\"og:title\" content=\"Line\" \/>\n<meta property=\"og:description\" content=\"Line 03 Il existe toujours une solution pour vous permettant d&rsquo;am\u00e9nager un espace avec \u00e9l\u00e9gance et fonctionnalit\u00e9. Notre boiserie Line repr\u00e9sente l&rsquo;\u00e9l\u00e9ment id\u00e9al pour connecter la cuisine et le salon : con\u00e7ue pour divers types d&rsquo;\u00e9tag\u00e8res, elle est adapt\u00e9e pour supporter des t\u00e9l\u00e9viseurs, des \u00e9l\u00e9ments suspendus ou des bases. De plus, elle permet l&rsquo;utilisation d&rsquo;accessoires [&hellip;]\" \/>\n<meta property=\"og:url\" content=\"https:\/\/www.ossicolor.it\/fr\/line\/\" \/>\n<meta property=\"og:site_name\" content=\"Ossicolor\" \/>\n<meta property=\"article:modified_time\" content=\"2026-03-31T09:15:02+00:00\" \/>\n<meta property=\"og:image\" content=\"https:\/\/www.ossicolor.it\/wp-content\/uploads\/2024\/04\/line-ossicolor-design.jpg\" \/>\n\t<meta property=\"og:image:width\" content=\"800\" \/>\n\t<meta property=\"og:image:height\" content=\"800\" \/>\n\t<meta property=\"og:image:type\" content=\"image\/jpeg\" \/>\n<meta name=\"twitter:card\" content=\"summary_large_image\" \/>\n<meta name=\"twitter:label1\" content=\"Dur\u00e9e de lecture estim\u00e9e\" \/>\n\t<meta name=\"twitter:data1\" content=\"1 minute\" \/>\n<script type=\"application\/ld+json\" class=\"yoast-schema-graph\">{\"@context\":\"https:\/\/schema.org\",\"@graph\":[{\"@type\":\"WebPage\",\"@id\":\"https:\/\/www.ossicolor.it\/fr\/line\/\",\"url\":\"https:\/\/www.ossicolor.it\/fr\/line\/\",\"name\":\"Line - Ossicolor\",\"isPartOf\":{\"@id\":\"https:\/\/www.ossicolor.it\/fr\/#website\"},\"primaryImageOfPage\":{\"@id\":\"https:\/\/www.ossicolor.it\/fr\/line\/#primaryimage\"},\"image\":{\"@id\":\"https:\/\/www.ossicolor.it\/fr\/line\/#primaryimage\"},\"thumbnailUrl\":\"https:\/\/www.ossicolor.it\/wp-content\/uploads\/2024\/04\/line-ossicolor-design.jpg\",\"datePublished\":\"2024-04-15T16:06:46+00:00\",\"dateModified\":\"2026-03-31T09:15:02+00:00\",\"breadcrumb\":{\"@id\":\"https:\/\/www.ossicolor.it\/fr\/line\/#breadcrumb\"},\"inLanguage\":\"fr-FR\",\"potentialAction\":[{\"@type\":\"ReadAction\",\"target\":[\"https:\/\/www.ossicolor.it\/fr\/line\/\"]}]},{\"@type\":\"ImageObject\",\"inLanguage\":\"fr-FR\",\"@id\":\"https:\/\/www.ossicolor.it\/fr\/line\/#primaryimage\",\"url\":\"https:\/\/www.ossicolor.it\/wp-content\/uploads\/2024\/04\/line-ossicolor-design.jpg\",\"contentUrl\":\"https:\/\/www.ossicolor.it\/wp-content\/uploads\/2024\/04\/line-ossicolor-design.jpg\",\"width\":800,\"height\":800,\"caption\":\"Line 03 by Ossicolor: boiserie modulare per cucina con pannelli effetto legno chiaro, mensole in alluminio estruso, basi sospese bianche con top in marmo nero e pensili grigi, integrata con un tavolo in legno e sedie in filo metallico.\"},{\"@type\":\"BreadcrumbList\",\"@id\":\"https:\/\/www.ossicolor.it\/fr\/line\/#breadcrumb\",\"itemListElement\":[{\"@type\":\"ListItem\",\"position\":1,\"name\":\"Home\",\"item\":\"https:\/\/www.ossicolor.it\/fr\/\"},{\"@type\":\"ListItem\",\"position\":2,\"name\":\"Line\"}]},{\"@type\":\"WebSite\",\"@id\":\"https:\/\/www.ossicolor.it\/fr\/#website\",\"url\":\"https:\/\/www.ossicolor.it\/fr\/\",\"name\":\"Ossicolor\",\"description\":\"\",\"potentialAction\":[{\"@type\":\"SearchAction\",\"target\":{\"@type\":\"EntryPoint\",\"urlTemplate\":\"https:\/\/www.ossicolor.it\/fr\/?s={search_term_string}\"},\"query-input\":{\"@type\":\"PropertyValueSpecification\",\"valueRequired\":true,\"valueName\":\"search_term_string\"}}],\"inLanguage\":\"fr-FR\"}]}<\/script>\n<!-- \/ Yoast SEO Premium plugin. -->","yoast_head_json":{"title":"Line - Ossicolor","robots":{"index":"index","follow":"follow","max-snippet":"max-snippet:-1","max-image-preview":"max-image-preview:large","max-video-preview":"max-video-preview:-1"},"canonical":"https:\/\/www.ossicolor.it\/fr\/line\/","og_locale":"fr_FR","og_type":"article","og_title":"Line","og_description":"Line 03 Il existe toujours une solution pour vous permettant d&rsquo;am\u00e9nager un espace avec \u00e9l\u00e9gance et fonctionnalit\u00e9. Notre boiserie Line repr\u00e9sente l&rsquo;\u00e9l\u00e9ment id\u00e9al pour connecter la cuisine et le salon : con\u00e7ue pour divers types d&rsquo;\u00e9tag\u00e8res, elle est adapt\u00e9e pour supporter des t\u00e9l\u00e9viseurs, des \u00e9l\u00e9ments suspendus ou des bases. De plus, elle permet l&rsquo;utilisation d&rsquo;accessoires [&hellip;]","og_url":"https:\/\/www.ossicolor.it\/fr\/line\/","og_site_name":"Ossicolor","article_modified_time":"2026-03-31T09:15:02+00:00","og_image":[{"width":800,"height":800,"url":"https:\/\/www.ossicolor.it\/wp-content\/uploads\/2024\/04\/line-ossicolor-design.jpg","type":"image\/jpeg"}],"twitter_card":"summary_large_image","twitter_misc":{"Dur\u00e9e de lecture estim\u00e9e":"1 minute"},"schema":{"@context":"https:\/\/schema.org","@graph":[{"@type":"WebPage","@id":"https:\/\/www.ossicolor.it\/fr\/line\/","url":"https:\/\/www.ossicolor.it\/fr\/line\/","name":"Line - Ossicolor","isPartOf":{"@id":"https:\/\/www.ossicolor.it\/fr\/#website"},"primaryImageOfPage":{"@id":"https:\/\/www.ossicolor.it\/fr\/line\/#primaryimage"},"image":{"@id":"https:\/\/www.ossicolor.it\/fr\/line\/#primaryimage"},"thumbnailUrl":"https:\/\/www.ossicolor.it\/wp-content\/uploads\/2024\/04\/line-ossicolor-design.jpg","datePublished":"2024-04-15T16:06:46+00:00","dateModified":"2026-03-31T09:15:02+00:00","breadcrumb":{"@id":"https:\/\/www.ossicolor.it\/fr\/line\/#breadcrumb"},"inLanguage":"fr-FR","potentialAction":[{"@type":"ReadAction","target":["https:\/\/www.ossicolor.it\/fr\/line\/"]}]},{"@type":"ImageObject","inLanguage":"fr-FR","@id":"https:\/\/www.ossicolor.it\/fr\/line\/#primaryimage","url":"https:\/\/www.ossicolor.it\/wp-content\/uploads\/2024\/04\/line-ossicolor-design.jpg","contentUrl":"https:\/\/www.ossicolor.it\/wp-content\/uploads\/2024\/04\/line-ossicolor-design.jpg","width":800,"height":800,"caption":"Line 03 by Ossicolor: boiserie modulare per cucina con pannelli effetto legno chiaro, mensole in alluminio estruso, basi sospese bianche con top in marmo nero e pensili grigi, integrata con un tavolo in legno e sedie in filo metallico."},{"@type":"BreadcrumbList","@id":"https:\/\/www.ossicolor.it\/fr\/line\/#breadcrumb","itemListElement":[{"@type":"ListItem","position":1,"name":"Home","item":"https:\/\/www.ossicolor.it\/fr\/"},{"@type":"ListItem","position":2,"name":"Line"}]},{"@type":"WebSite","@id":"https:\/\/www.ossicolor.it\/fr\/#website","url":"https:\/\/www.ossicolor.it\/fr\/","name":"Ossicolor","description":"","potentialAction":[{"@type":"SearchAction","target":{"@type":"EntryPoint","urlTemplate":"https:\/\/www.ossicolor.it\/fr\/?s={search_term_string}"},"query-input":{"@type":"PropertyValueSpecification","valueRequired":true,"valueName":"search_term_string"}}],"inLanguage":"fr-FR"}]}},"_links":{"self":[{"href":"https:\/\/www.ossicolor.it\/fr\/wp-json\/wp\/v2\/pages\/20769","targetHints":{"allow":["GET"]}}],"collection":[{"href":"https:\/\/www.ossicolor.it\/fr\/wp-json\/wp\/v2\/pages"}],"about":[{"href":"https:\/\/www.ossicolor.it\/fr\/wp-json\/wp\/v2\/types\/page"}],"author":[{"embeddable":true,"href":"https:\/\/www.ossicolor.it\/fr\/wp-json\/wp\/v2\/users\/1"}],"replies":[{"embeddable":true,"href":"https:\/\/www.ossicolor.it\/fr\/wp-json\/wp\/v2\/comments?post=20769"}],"version-history":[{"count":20,"href":"https:\/\/www.ossicolor.it\/fr\/wp-json\/wp\/v2\/pages\/20769\/revisions"}],"predecessor-version":[{"id":27860,"href":"https:\/\/www.ossicolor.it\/fr\/wp-json\/wp\/v2\/pages\/20769\/revisions\/27860"}],"wp:featuredmedia":[{"embeddable":true,"href":"https:\/\/www.ossicolor.it\/fr\/wp-json\/wp\/v2\/media\/6947"}],"wp:attachment":[{"href":"https:\/\/www.ossicolor.it\/fr\/wp-json\/wp\/v2\/media?parent=20769"}],"curies":[{"name":"wp","href":"https:\/\/api.w.org\/{rel}","templated":true}]}}