{"id":20740,"date":"2024-04-07T11:26:24","date_gmt":"2024-04-07T09:26:24","guid":{"rendered":"https:\/\/www.ossicolor.it\/bords\/"},"modified":"2026-01-26T10:51:45","modified_gmt":"2026-01-26T09:51:45","slug":"bords","status":"publish","type":"page","link":"https:\/\/www.ossicolor.it\/fr\/bords\/","title":{"rendered":"BORDS"},"content":{"rendered":"\t\t<div data-elementor-type=\"wp-page\" data-elementor-id=\"20740\" class=\"elementor elementor-20740 elementor-976\" data-elementor-post-type=\"page\">\n\t\t\t\t<div class=\"elementor-element elementor-element-503c0be e-con-full e-flex e-con e-parent\" data-id=\"503c0be\" data-element_type=\"container\" data-e-type=\"container\" data-settings=\"{&quot;background_background&quot;:&quot;classic&quot;,&quot;jet_parallax_layout_list&quot;:[]}\">\n\t\t<div class=\"elementor-element elementor-element-31172242 e-con-full e-flex elementor-invisible e-con e-child\" data-id=\"31172242\" data-element_type=\"container\" data-e-type=\"container\" data-settings=\"{&quot;jet_parallax_layout_list&quot;:[],&quot;animation&quot;:&quot;fadeInUp&quot;}\">\n\t\t\t\t<div class=\"elementor-element elementor-element-35e9870b exad-sticky-section-no exad-glass-effect-no elementor-widget elementor-widget-heading\" data-id=\"35e9870b\" data-element_type=\"widget\" data-e-type=\"widget\" data-widget_type=\"heading.default\">\n\t\t\t\t\t<h2 class=\"elementor-heading-title elementor-size-default\">Bords<\/h2>\t\t\t\t<\/div>\n\t\t\t\t<div class=\"elementor-element elementor-element-36a82662 elementor-widget__width-initial elementor-widget-mobile__width-initial elementor-widget-tablet__width-initial exad-sticky-section-no exad-glass-effect-no elementor-widget elementor-widget-text-editor\" data-id=\"36a82662\" data-element_type=\"widget\" data-e-type=\"widget\" data-widget_type=\"text-editor.default\">\n\t\t\t\t\t\t\t\t\t<div class=\"wpb_text_column wpb_content_element \"><div class=\"wpb_wrapper\"><div class=\"page\" title=\"Page 6\"><div class=\"layoutArea\"><div class=\"column\"><p>Le profil de bord de plateau offre un support essentiel aux \u00e9tag\u00e8res tout en embellissant leur aspect esth\u00e9tique. Disponible en diff\u00e9rentes finitions, il peut \u00eatre plac\u00e9 directement sur le bord ou int\u00e9gr\u00e9 dans les \u00e9tag\u00e8res frais\u00e9es. Nous proposons des profils adapt\u00e9s tant pour l&rsquo;insertion directe sur le bord que sp\u00e9cialement con\u00e7us pour les \u00e9tag\u00e8res frais\u00e9es.<\/p><\/div><\/div><\/div><\/div><\/div><div class=\"vc_empty_space\">\u00a0<\/div>\t\t\t\t\t\t\t\t<\/div>\n\t\t\t\t<\/div>\n\t\t<div class=\"elementor-element elementor-element-1adb9da3 e-con-full e-flex e-con e-child\" data-id=\"1adb9da3\" data-element_type=\"container\" data-e-type=\"container\" data-settings=\"{&quot;jet_parallax_layout_list&quot;:[]}\">\n\t\t\t\t<div class=\"elementor-element elementor-element-5648688f elementor-position-inline-start elementor-mobile-position-inline-start elementor-view-default exad-sticky-section-no exad-glass-effect-no elementor-widget elementor-widget-icon-box\" data-id=\"5648688f\" data-element_type=\"widget\" data-e-type=\"widget\" data-widget_type=\"icon-box.default\">\n\t\t\t\t\t\t\t<div class=\"elementor-icon-box-wrapper\">\n\n\t\t\t\t\t\t<div class=\"elementor-icon-box-icon\">\n\t\t\t\t<a href=\"https:\/\/www.ossicolor.it\/wp-content\/uploads\/2024\/04\/bordi-ossicolor-2021.pdf\" target=\"_blank\" class=\"elementor-icon\" tabindex=\"-1\" aria-label=\"Bords\">\n\t\t\t\t<i aria-hidden=\"true\" class=\"lnr lnr-book\"><\/i>\t\t\t\t<\/a>\n\t\t\t<\/div>\n\t\t\t\n\t\t\t\t\t\t<div class=\"elementor-icon-box-content\">\n\n\t\t\t\t\t\t\t\t\t<h3 class=\"elementor-icon-box-title\">\n\t\t\t\t\t\t<a href=\"https:\/\/www.ossicolor.it\/wp-content\/uploads\/2024\/04\/bordi-ossicolor-2021.pdf\" target=\"_blank\" >\n\t\t\t\t\t\t\tBords\t\t\t\t\t\t<\/a>\n\t\t\t\t\t<\/h3>\n\t\t\t\t\n\t\t\t\t\n\t\t\t<\/div>\n\t\t\t\n\t\t<\/div>\n\t\t\t\t\t\t<\/div>\n\t\t\t\t<\/div>\n\t\t\t\t<\/div>\n\t\t<div class=\"elementor-element elementor-element-63dee600 e-con-full e-flex e-con e-parent\" data-id=\"63dee600\" data-element_type=\"container\" data-e-type=\"container\" data-settings=\"{&quot;background_background&quot;:&quot;classic&quot;,&quot;jet_parallax_layout_list&quot;:[]}\">\n\t\t<div class=\"elementor-element elementor-element-12baf8c6 e-con-full e-flex e-con e-child\" data-id=\"12baf8c6\" data-element_type=\"container\" data-e-type=\"container\" data-settings=\"{&quot;background_background&quot;:&quot;classic&quot;,&quot;jet_parallax_layout_list&quot;:[]}\">\n\t\t<div class=\"elementor-element elementor-element-1adf0320 e-flex e-con-boxed e-con e-child\" data-id=\"1adf0320\" data-element_type=\"container\" data-e-type=\"container\" data-settings=\"{&quot;jet_parallax_layout_list&quot;:[]}\">\n\t\t\t\t\t<div class=\"e-con-inner\">\n\t\t\t\t<div class=\"elementor-element elementor-element-23c40d6d elementor-cta--skin-classic elementor-animated-content elementor-bg-transform elementor-bg-transform-zoom-in exad-sticky-section-no exad-glass-effect-no elementor-widget elementor-widget-call-to-action\" data-id=\"23c40d6d\" data-element_type=\"widget\" data-e-type=\"widget\" data-widget_type=\"call-to-action.default\">\n\t\t\t\t\t\t\t<a class=\"elementor-cta\" href=\"https:\/\/www.ossicolor.it\/wp-content\/uploads\/2024\/04\/bordi-alluminio-ossicolor-D1022-SI7307.pdf\" target=\"_blank\">\n\t\t\t\t\t<div class=\"elementor-cta__bg-wrapper\">\n\t\t\t\t<div class=\"elementor-cta__bg elementor-bg\" style=\"background-image: url(https:\/\/www.ossicolor.it\/wp-content\/uploads\/2024\/04\/bordi-ossicolo-alluminio-d1022.jpg);\" role=\"img\" aria-label=\"Profilo bordo in alluminio D1022\"><\/div>\n\t\t\t\t<div class=\"elementor-cta__bg-overlay\"><\/div>\n\t\t\t<\/div>\n\t\t\t\t\t\t\t<div class=\"elementor-cta__content\">\n\t\t\t\t\n\t\t\t\t\t\t\t\t\t<h2 class=\"elementor-cta__title elementor-cta__content-item elementor-content-item\">\n\t\t\t\t\t\tBords des \u00e9tag\u00e8res\t\t\t\t\t<\/h2>\n\t\t\t\t\n\t\t\t\t\t\t\t\t\t<div class=\"elementor-cta__description elementor-cta__content-item elementor-content-item\">\n\t\t\t\t\t\tD.1022\n\t\t\t\t\t<\/div>\n\t\t\t\t\n\t\t\t\t\t\t\t<\/div>\n\t\t\t\t\t\t<\/a>\n\t\t\t\t\t\t<\/div>\n\t\t\t\t\t<\/div>\n\t\t\t\t<\/div>\n\t\t<div class=\"elementor-element elementor-element-5c7ade3b e-flex e-con-boxed e-con e-child\" data-id=\"5c7ade3b\" data-element_type=\"container\" data-e-type=\"container\" data-settings=\"{&quot;jet_parallax_layout_list&quot;:[]}\">\n\t\t\t\t\t<div class=\"e-con-inner\">\n\t\t\t\t<div class=\"elementor-element elementor-element-6cb2b25a elementor-cta--skin-classic elementor-animated-content elementor-bg-transform elementor-bg-transform-zoom-in exad-sticky-section-no exad-glass-effect-no elementor-widget elementor-widget-call-to-action\" data-id=\"6cb2b25a\" data-element_type=\"widget\" data-e-type=\"widget\" data-widget_type=\"call-to-action.default\">\n\t\t\t\t\t\t\t<a class=\"elementor-cta\" href=\"https:\/\/www.ossicolor.it\/wp-content\/uploads\/2024\/04\/bordi-alluminio-ossicolor-D1022-SI7307.pdf\" target=\"_blank\">\n\t\t\t\t\t<div class=\"elementor-cta__bg-wrapper\">\n\t\t\t\t<div class=\"elementor-cta__bg elementor-bg\" style=\"background-image: url(https:\/\/www.ossicolor.it\/wp-content\/uploads\/2024\/04\/ossicolor-bordi-mensola-si7307.jpg);\" role=\"img\" aria-label=\"Profilo SI7307 in alluminio installato su mensola in truciolare\"><\/div>\n\t\t\t\t<div class=\"elementor-cta__bg-overlay\"><\/div>\n\t\t\t<\/div>\n\t\t\t\t\t\t\t<div class=\"elementor-cta__content\">\n\t\t\t\t\n\t\t\t\t\t\t\t\t\t<h2 class=\"elementor-cta__title elementor-cta__content-item elementor-content-item\">\n\t\t\t\t\t\tBords des \u00e9tag\u00e8res\t\t\t\t\t<\/h2>\n\t\t\t\t\n\t\t\t\t\t\t\t\t\t<div class=\"elementor-cta__description elementor-cta__content-item elementor-content-item\">\n\t\t\t\t\t\tSI.7307\n\t\t\t\t\t<\/div>\n\t\t\t\t\n\t\t\t\t\t\t\t<\/div>\n\t\t\t\t\t\t<\/a>\n\t\t\t\t\t\t<\/div>\n\t\t\t\t\t<\/div>\n\t\t\t\t<\/div>\n\t\t<div class=\"elementor-element elementor-element-6da07125 e-flex e-con-boxed e-con e-child\" data-id=\"6da07125\" data-element_type=\"container\" data-e-type=\"container\" data-settings=\"{&quot;jet_parallax_layout_list&quot;:[]}\">\n\t\t\t\t\t<div class=\"e-con-inner\">\n\t\t\t\t<div class=\"elementor-element elementor-element-5e7f8871 elementor-cta--skin-classic elementor-animated-content elementor-bg-transform elementor-bg-transform-zoom-in exad-sticky-section-no exad-glass-effect-no elementor-widget elementor-widget-call-to-action\" data-id=\"5e7f8871\" data-element_type=\"widget\" data-e-type=\"widget\" data-widget_type=\"call-to-action.default\">\n\t\t\t\t\t\t\t<a class=\"elementor-cta\" href=\"https:\/\/www.ossicolor.it\/wp-content\/uploads\/2024\/04\/bordi-ossicolor-D1098-NV9891-SI2508-SI4825.pdf\" target=\"_blank\">\n\t\t\t\t\t<div class=\"elementor-cta__bg-wrapper\">\n\t\t\t\t<div class=\"elementor-cta__bg elementor-bg\" style=\"background-image: url(https:\/\/www.ossicolor.it\/wp-content\/uploads\/2024\/04\/bordi-ossicolor-D1098.jpg);\" role=\"img\" aria-label=\"Profilo D1098 di Ossicolor applicato al bordo frontale di una mensola in truciolare\"><\/div>\n\t\t\t\t<div class=\"elementor-cta__bg-overlay\"><\/div>\n\t\t\t<\/div>\n\t\t\t\t\t\t\t<div class=\"elementor-cta__content\">\n\t\t\t\t\n\t\t\t\t\t\t\t\t\t<h2 class=\"elementor-cta__title elementor-cta__content-item elementor-content-item\">\n\t\t\t\t\t\tBords des \u00e9tag\u00e8res\t\t\t\t\t<\/h2>\n\t\t\t\t\n\t\t\t\t\t\t\t\t\t<div class=\"elementor-cta__description elementor-cta__content-item elementor-content-item\">\n\t\t\t\t\t\tD.1098\n\t\t\t\t\t<\/div>\n\t\t\t\t\n\t\t\t\t\t\t\t<\/div>\n\t\t\t\t\t\t<\/a>\n\t\t\t\t\t\t<\/div>\n\t\t\t\t\t<\/div>\n\t\t\t\t<\/div>\n\t\t<div class=\"elementor-element elementor-element-7f87b411 e-flex e-con-boxed e-con e-child\" data-id=\"7f87b411\" data-element_type=\"container\" data-e-type=\"container\" data-settings=\"{&quot;jet_parallax_layout_list&quot;:[]}\">\n\t\t\t\t\t<div class=\"e-con-inner\">\n\t\t\t\t<div class=\"elementor-element elementor-element-2e43b07 elementor-cta--skin-classic elementor-animated-content elementor-bg-transform elementor-bg-transform-zoom-in exad-sticky-section-no exad-glass-effect-no elementor-widget elementor-widget-call-to-action\" data-id=\"2e43b07\" data-element_type=\"widget\" data-e-type=\"widget\" data-widget_type=\"call-to-action.default\">\n\t\t\t\t\t\t\t<a class=\"elementor-cta\" href=\"https:\/\/www.ossicolor.it\/wp-content\/uploads\/2024\/04\/bordi-ossicolor-D1098-NV9891-SI2508-SI4825.pdf\" target=\"_blank\">\n\t\t\t\t\t<div class=\"elementor-cta__bg-wrapper\">\n\t\t\t\t<div class=\"elementor-cta__bg elementor-bg\" style=\"background-image: url(https:\/\/www.ossicolor.it\/wp-content\/uploads\/2024\/04\/bordo-alluminio-ossicolor-NV9891.jpg);\" role=\"img\" aria-label=\"Profilo in alluminio NV9891 applicato al bordo frontale di una mensola in truciolato\"><\/div>\n\t\t\t\t<div class=\"elementor-cta__bg-overlay\"><\/div>\n\t\t\t<\/div>\n\t\t\t\t\t\t\t<div class=\"elementor-cta__content\">\n\t\t\t\t\n\t\t\t\t\t\t\t\t\t<h2 class=\"elementor-cta__title elementor-cta__content-item elementor-content-item\">\n\t\t\t\t\t\tBords des \u00e9tag\u00e8res\t\t\t\t\t<\/h2>\n\t\t\t\t\n\t\t\t\t\t\t\t\t\t<div class=\"elementor-cta__description elementor-cta__content-item elementor-content-item\">\n\t\t\t\t\t\tNV9891\n\t\t\t\t\t<\/div>\n\t\t\t\t\n\t\t\t\t\t\t\t<\/div>\n\t\t\t\t\t\t<\/a>\n\t\t\t\t\t\t<\/div>\n\t\t\t\t\t<\/div>\n\t\t\t\t<\/div>\n\t\t\t\t<\/div>\n\t\t<div class=\"elementor-element elementor-element-534ac4bb e-con-full e-flex e-con e-child\" data-id=\"534ac4bb\" data-element_type=\"container\" data-e-type=\"container\" data-settings=\"{&quot;background_background&quot;:&quot;classic&quot;,&quot;jet_parallax_layout_list&quot;:[]}\">\n\t\t<div class=\"elementor-element elementor-element-74845866 e-flex e-con-boxed e-con e-child\" data-id=\"74845866\" data-element_type=\"container\" data-e-type=\"container\" data-settings=\"{&quot;jet_parallax_layout_list&quot;:[]}\">\n\t\t\t\t\t<div class=\"e-con-inner\">\n\t\t\t\t<div class=\"elementor-element elementor-element-1727194 elementor-cta--skin-classic elementor-animated-content elementor-bg-transform elementor-bg-transform-zoom-in exad-sticky-section-no exad-glass-effect-no elementor-widget elementor-widget-call-to-action\" data-id=\"1727194\" data-element_type=\"widget\" data-e-type=\"widget\" data-widget_type=\"call-to-action.default\">\n\t\t\t\t\t\t\t<a class=\"elementor-cta\" href=\"https:\/\/www.ossicolor.it\/wp-content\/uploads\/2024\/04\/bordi-ossicolor-D1098-NV9891-SI2508-SI4825.pdf\" target=\"_blank\">\n\t\t\t\t\t<div class=\"elementor-cta__bg-wrapper\">\n\t\t\t\t<div class=\"elementor-cta__bg elementor-bg\" style=\"background-image: url(https:\/\/www.ossicolor.it\/wp-content\/uploads\/2024\/04\/ossicolor-bordo-mensola-SI2508.jpg);\" role=\"img\" aria-label=\"Bordo frontale in alluminio SI2508 applicato a mensola in truciolare\"><\/div>\n\t\t\t\t<div class=\"elementor-cta__bg-overlay\"><\/div>\n\t\t\t<\/div>\n\t\t\t\t\t\t\t<div class=\"elementor-cta__content\">\n\t\t\t\t\n\t\t\t\t\t\t\t\t\t<h2 class=\"elementor-cta__title elementor-cta__content-item elementor-content-item\">\n\t\t\t\t\t\tBords des \u00e9tag\u00e8res\t\t\t\t\t<\/h2>\n\t\t\t\t\n\t\t\t\t\t\t\t\t\t<div class=\"elementor-cta__description elementor-cta__content-item elementor-content-item\">\n\t\t\t\t\t\tSI.2508\n\t\t\t\t\t<\/div>\n\t\t\t\t\n\t\t\t\t\t\t\t<\/div>\n\t\t\t\t\t\t<\/a>\n\t\t\t\t\t\t<\/div>\n\t\t\t\t\t<\/div>\n\t\t\t\t<\/div>\n\t\t<div class=\"elementor-element elementor-element-685fb728 e-flex e-con-boxed e-con e-child\" data-id=\"685fb728\" data-element_type=\"container\" data-e-type=\"container\" data-settings=\"{&quot;jet_parallax_layout_list&quot;:[]}\">\n\t\t\t\t\t<div class=\"e-con-inner\">\n\t\t\t\t<div class=\"elementor-element elementor-element-7c5c3c9 elementor-cta--skin-classic elementor-animated-content elementor-bg-transform elementor-bg-transform-zoom-in exad-sticky-section-no exad-glass-effect-no elementor-widget elementor-widget-call-to-action\" data-id=\"7c5c3c9\" data-element_type=\"widget\" data-e-type=\"widget\" data-widget_type=\"call-to-action.default\">\n\t\t\t\t\t\t\t<a class=\"elementor-cta\" href=\"https:\/\/www.ossicolor.it\/wp-content\/uploads\/2024\/04\/bordi-ossicolor-D1098-NV9891-SI2508-SI4825.pdf\" target=\"_blank\">\n\t\t\t\t\t<div class=\"elementor-cta__bg-wrapper\">\n\t\t\t\t<div class=\"elementor-cta__bg elementor-bg\" style=\"background-image: url(https:\/\/www.ossicolor.it\/wp-content\/uploads\/2024\/04\/bordo-ossicolor-SI4825.jpg);\" role=\"img\" aria-label=\"Profilo in alluminio SI4825 applicato come bordo frontale a una mensola in truciolato\"><\/div>\n\t\t\t\t<div class=\"elementor-cta__bg-overlay\"><\/div>\n\t\t\t<\/div>\n\t\t\t\t\t\t\t<div class=\"elementor-cta__content\">\n\t\t\t\t\n\t\t\t\t\t\t\t\t\t<h2 class=\"elementor-cta__title elementor-cta__content-item elementor-content-item\">\n\t\t\t\t\t\tBords des \u00e9tag\u00e8res\t\t\t\t\t<\/h2>\n\t\t\t\t\n\t\t\t\t\t\t\t\t\t<div class=\"elementor-cta__description elementor-cta__content-item elementor-content-item\">\n\t\t\t\t\t\tSI.4825\n\t\t\t\t\t<\/div>\n\t\t\t\t\n\t\t\t\t\t\t\t<\/div>\n\t\t\t\t\t\t<\/a>\n\t\t\t\t\t\t<\/div>\n\t\t\t\t\t<\/div>\n\t\t\t\t<\/div>\n\t\t<div class=\"elementor-element elementor-element-465f2338 elementor-hidden-mobile e-flex e-con-boxed e-con e-child\" data-id=\"465f2338\" data-element_type=\"container\" data-e-type=\"container\" data-settings=\"{&quot;jet_parallax_layout_list&quot;:[]}\">\n\t\t\t\t\t<div class=\"e-con-inner\">\n\t\t\t\t\t<\/div>\n\t\t\t\t<\/div>\n\t\t<div class=\"elementor-element elementor-element-101f5799 elementor-hidden-mobile e-flex e-con-boxed e-con e-child\" data-id=\"101f5799\" data-element_type=\"container\" data-e-type=\"container\" data-settings=\"{&quot;jet_parallax_layout_list&quot;:[]}\">\n\t\t\t\t\t<div class=\"e-con-inner\">\n\t\t\t\t\t<\/div>\n\t\t\t\t<\/div>\n\t\t\t\t<\/div>\n\t\t<div class=\"elementor-element elementor-element-9780c3 e-con-full e-flex e-con e-child\" data-id=\"9780c3\" data-element_type=\"container\" data-e-type=\"container\" data-settings=\"{&quot;background_background&quot;:&quot;classic&quot;,&quot;jet_parallax_layout_list&quot;:[]}\">\n\t\t<div class=\"elementor-element elementor-element-60084da0 e-flex e-con-boxed e-con e-child\" data-id=\"60084da0\" data-element_type=\"container\" data-e-type=\"container\" data-settings=\"{&quot;jet_parallax_layout_list&quot;:[]}\">\n\t\t\t\t\t<div class=\"e-con-inner\">\n\t\t\t\t<div class=\"elementor-element elementor-element-1fbc3acf elementor-align-center exad-sticky-section-no exad-glass-effect-no elementor-widget elementor-widget-button\" data-id=\"1fbc3acf\" data-element_type=\"widget\" data-e-type=\"widget\" data-widget_type=\"button.default\">\n\t\t\t\t\t\t\t\t\t\t<a class=\"elementor-button elementor-button-link elementor-size-md\" href=\"https:\/\/www.ossicolor.it\/fr\/composants\/\">\n\t\t\t\t\t\t<span class=\"elementor-button-content-wrapper\">\n\t\t\t\t\t\t<span class=\"elementor-button-icon\">\n\t\t\t\t<i aria-hidden=\"true\" class=\" ti-layout-grid3-alt\"><\/i>\t\t\t<\/span>\n\t\t\t\t\t\t\t\t\t<span class=\"elementor-button-text\">Composants<\/span>\n\t\t\t\t\t<\/span>\n\t\t\t\t\t<\/a>\n\t\t\t\t\t\t\t\t<\/div>\n\t\t\t\t\t<\/div>\n\t\t\t\t<\/div>\n\t\t\t\t<\/div>\n\t\t\t\t<\/div>\n\t\t\t\t<\/div>\n\t\t","protected":false},"excerpt":{"rendered":"<p>Bords Le profil de bord de plateau offre un support essentiel aux \u00e9tag\u00e8res tout en embellissant leur aspect esth\u00e9tique. Disponible en diff\u00e9rentes finitions, il peut \u00eatre plac\u00e9 directement sur le bord ou int\u00e9gr\u00e9 dans les \u00e9tag\u00e8res frais\u00e9es. Nous proposons des profils adapt\u00e9s tant pour l&rsquo;insertion directe sur le bord que sp\u00e9cialement con\u00e7us pour les \u00e9tag\u00e8res [&hellip;]<\/p>\n","protected":false},"author":1,"featured_media":7595,"parent":0,"menu_order":0,"comment_status":"closed","ping_status":"closed","template":"","meta":{"_monsterinsights_skip_tracking":false,"_monsterinsights_sitenote_active":false,"_monsterinsights_sitenote_note":"","_monsterinsights_sitenote_category":0,"footnotes":""},"class_list":["post-20740","page","type-page","status-publish","has-post-thumbnail","hentry"],"yoast_head":"<!-- This site is optimized with the Yoast SEO Premium plugin v27.2 (Yoast SEO v27.2) - https:\/\/yoast.com\/product\/yoast-seo-premium-wordpress\/ -->\n<title>BORDS - Ossicolor<\/title>\n<meta name=\"robots\" content=\"index, follow, max-snippet:-1, max-image-preview:large, max-video-preview:-1\" \/>\n<link rel=\"canonical\" href=\"https:\/\/www.ossicolor.it\/fr\/bords\/\" \/>\n<meta property=\"og:locale\" content=\"fr_FR\" \/>\n<meta property=\"og:type\" content=\"article\" \/>\n<meta property=\"og:title\" content=\"BORDS\" \/>\n<meta property=\"og:description\" content=\"Bords Le profil de bord de plateau offre un support essentiel aux \u00e9tag\u00e8res tout en embellissant leur aspect esth\u00e9tique. Disponible en diff\u00e9rentes finitions, il peut \u00eatre plac\u00e9 directement sur le bord ou int\u00e9gr\u00e9 dans les \u00e9tag\u00e8res frais\u00e9es. Nous proposons des profils adapt\u00e9s tant pour l&rsquo;insertion directe sur le bord que sp\u00e9cialement con\u00e7us pour les \u00e9tag\u00e8res [&hellip;]\" \/>\n<meta property=\"og:url\" content=\"https:\/\/www.ossicolor.it\/fr\/bords\/\" \/>\n<meta property=\"og:site_name\" content=\"Ossicolor\" \/>\n<meta property=\"article:modified_time\" content=\"2026-01-26T09:51:45+00:00\" \/>\n<meta property=\"og:image\" content=\"https:\/\/www.ossicolor.it\/wp-content\/uploads\/2024\/04\/bordi-ossicolor-alluminio.jpg\" \/>\n\t<meta property=\"og:image:width\" content=\"800\" \/>\n\t<meta property=\"og:image:height\" content=\"800\" \/>\n\t<meta property=\"og:image:type\" content=\"image\/jpeg\" \/>\n<meta name=\"twitter:card\" content=\"summary_large_image\" \/>\n<meta name=\"twitter:label1\" content=\"Dur\u00e9e de lecture estim\u00e9e\" \/>\n\t<meta name=\"twitter:data1\" content=\"1 minute\" \/>\n<script type=\"application\/ld+json\" class=\"yoast-schema-graph\">{\"@context\":\"https:\/\/schema.org\",\"@graph\":[{\"@type\":\"WebPage\",\"@id\":\"https:\/\/www.ossicolor.it\/fr\/bords\/\",\"url\":\"https:\/\/www.ossicolor.it\/fr\/bords\/\",\"name\":\"BORDS - Ossicolor\",\"isPartOf\":{\"@id\":\"https:\/\/www.ossicolor.it\/fr\/#website\"},\"primaryImageOfPage\":{\"@id\":\"https:\/\/www.ossicolor.it\/fr\/bords\/#primaryimage\"},\"image\":{\"@id\":\"https:\/\/www.ossicolor.it\/fr\/bords\/#primaryimage\"},\"thumbnailUrl\":\"https:\/\/www.ossicolor.it\/wp-content\/uploads\/2024\/04\/bordi-ossicolor-alluminio.jpg\",\"datePublished\":\"2024-04-07T09:26:24+00:00\",\"dateModified\":\"2026-01-26T09:51:45+00:00\",\"breadcrumb\":{\"@id\":\"https:\/\/www.ossicolor.it\/fr\/bords\/#breadcrumb\"},\"inLanguage\":\"fr-FR\",\"potentialAction\":[{\"@type\":\"ReadAction\",\"target\":[\"https:\/\/www.ossicolor.it\/fr\/bords\/\"]}]},{\"@type\":\"ImageObject\",\"inLanguage\":\"fr-FR\",\"@id\":\"https:\/\/www.ossicolor.it\/fr\/bords\/#primaryimage\",\"url\":\"https:\/\/www.ossicolor.it\/wp-content\/uploads\/2024\/04\/bordi-ossicolor-alluminio.jpg\",\"contentUrl\":\"https:\/\/www.ossicolor.it\/wp-content\/uploads\/2024\/04\/bordi-ossicolor-alluminio.jpg\",\"width\":800,\"height\":800,\"caption\":\"I bordi Ossicolor: finiture eleganti e resistenti per pannelli da cucina\"},{\"@type\":\"BreadcrumbList\",\"@id\":\"https:\/\/www.ossicolor.it\/fr\/bords\/#breadcrumb\",\"itemListElement\":[{\"@type\":\"ListItem\",\"position\":1,\"name\":\"Home\",\"item\":\"https:\/\/www.ossicolor.it\/fr\/\"},{\"@type\":\"ListItem\",\"position\":2,\"name\":\"BORDS\"}]},{\"@type\":\"WebSite\",\"@id\":\"https:\/\/www.ossicolor.it\/fr\/#website\",\"url\":\"https:\/\/www.ossicolor.it\/fr\/\",\"name\":\"Ossicolor\",\"description\":\"\",\"potentialAction\":[{\"@type\":\"SearchAction\",\"target\":{\"@type\":\"EntryPoint\",\"urlTemplate\":\"https:\/\/www.ossicolor.it\/fr\/?s={search_term_string}\"},\"query-input\":{\"@type\":\"PropertyValueSpecification\",\"valueRequired\":true,\"valueName\":\"search_term_string\"}}],\"inLanguage\":\"fr-FR\"}]}<\/script>\n<!-- \/ Yoast SEO Premium plugin. -->","yoast_head_json":{"title":"BORDS - Ossicolor","robots":{"index":"index","follow":"follow","max-snippet":"max-snippet:-1","max-image-preview":"max-image-preview:large","max-video-preview":"max-video-preview:-1"},"canonical":"https:\/\/www.ossicolor.it\/fr\/bords\/","og_locale":"fr_FR","og_type":"article","og_title":"BORDS","og_description":"Bords Le profil de bord de plateau offre un support essentiel aux \u00e9tag\u00e8res tout en embellissant leur aspect esth\u00e9tique. Disponible en diff\u00e9rentes finitions, il peut \u00eatre plac\u00e9 directement sur le bord ou int\u00e9gr\u00e9 dans les \u00e9tag\u00e8res frais\u00e9es. Nous proposons des profils adapt\u00e9s tant pour l&rsquo;insertion directe sur le bord que sp\u00e9cialement con\u00e7us pour les \u00e9tag\u00e8res [&hellip;]","og_url":"https:\/\/www.ossicolor.it\/fr\/bords\/","og_site_name":"Ossicolor","article_modified_time":"2026-01-26T09:51:45+00:00","og_image":[{"width":800,"height":800,"url":"https:\/\/www.ossicolor.it\/wp-content\/uploads\/2024\/04\/bordi-ossicolor-alluminio.jpg","type":"image\/jpeg"}],"twitter_card":"summary_large_image","twitter_misc":{"Dur\u00e9e de lecture estim\u00e9e":"1 minute"},"schema":{"@context":"https:\/\/schema.org","@graph":[{"@type":"WebPage","@id":"https:\/\/www.ossicolor.it\/fr\/bords\/","url":"https:\/\/www.ossicolor.it\/fr\/bords\/","name":"BORDS - Ossicolor","isPartOf":{"@id":"https:\/\/www.ossicolor.it\/fr\/#website"},"primaryImageOfPage":{"@id":"https:\/\/www.ossicolor.it\/fr\/bords\/#primaryimage"},"image":{"@id":"https:\/\/www.ossicolor.it\/fr\/bords\/#primaryimage"},"thumbnailUrl":"https:\/\/www.ossicolor.it\/wp-content\/uploads\/2024\/04\/bordi-ossicolor-alluminio.jpg","datePublished":"2024-04-07T09:26:24+00:00","dateModified":"2026-01-26T09:51:45+00:00","breadcrumb":{"@id":"https:\/\/www.ossicolor.it\/fr\/bords\/#breadcrumb"},"inLanguage":"fr-FR","potentialAction":[{"@type":"ReadAction","target":["https:\/\/www.ossicolor.it\/fr\/bords\/"]}]},{"@type":"ImageObject","inLanguage":"fr-FR","@id":"https:\/\/www.ossicolor.it\/fr\/bords\/#primaryimage","url":"https:\/\/www.ossicolor.it\/wp-content\/uploads\/2024\/04\/bordi-ossicolor-alluminio.jpg","contentUrl":"https:\/\/www.ossicolor.it\/wp-content\/uploads\/2024\/04\/bordi-ossicolor-alluminio.jpg","width":800,"height":800,"caption":"I bordi Ossicolor: finiture eleganti e resistenti per pannelli da cucina"},{"@type":"BreadcrumbList","@id":"https:\/\/www.ossicolor.it\/fr\/bords\/#breadcrumb","itemListElement":[{"@type":"ListItem","position":1,"name":"Home","item":"https:\/\/www.ossicolor.it\/fr\/"},{"@type":"ListItem","position":2,"name":"BORDS"}]},{"@type":"WebSite","@id":"https:\/\/www.ossicolor.it\/fr\/#website","url":"https:\/\/www.ossicolor.it\/fr\/","name":"Ossicolor","description":"","potentialAction":[{"@type":"SearchAction","target":{"@type":"EntryPoint","urlTemplate":"https:\/\/www.ossicolor.it\/fr\/?s={search_term_string}"},"query-input":{"@type":"PropertyValueSpecification","valueRequired":true,"valueName":"search_term_string"}}],"inLanguage":"fr-FR"}]}},"_links":{"self":[{"href":"https:\/\/www.ossicolor.it\/fr\/wp-json\/wp\/v2\/pages\/20740","targetHints":{"allow":["GET"]}}],"collection":[{"href":"https:\/\/www.ossicolor.it\/fr\/wp-json\/wp\/v2\/pages"}],"about":[{"href":"https:\/\/www.ossicolor.it\/fr\/wp-json\/wp\/v2\/types\/page"}],"author":[{"embeddable":true,"href":"https:\/\/www.ossicolor.it\/fr\/wp-json\/wp\/v2\/users\/1"}],"replies":[{"embeddable":true,"href":"https:\/\/www.ossicolor.it\/fr\/wp-json\/wp\/v2\/comments?post=20740"}],"version-history":[{"count":7,"href":"https:\/\/www.ossicolor.it\/fr\/wp-json\/wp\/v2\/pages\/20740\/revisions"}],"predecessor-version":[{"id":26797,"href":"https:\/\/www.ossicolor.it\/fr\/wp-json\/wp\/v2\/pages\/20740\/revisions\/26797"}],"wp:featuredmedia":[{"embeddable":true,"href":"https:\/\/www.ossicolor.it\/fr\/wp-json\/wp\/v2\/media\/7595"}],"wp:attachment":[{"href":"https:\/\/www.ossicolor.it\/fr\/wp-json\/wp\/v2\/media?parent=20740"}],"curies":[{"name":"wp","href":"https:\/\/api.w.org\/{rel}","templated":true}]}}