{"id":20980,"date":"2024-04-09T18:37:18","date_gmt":"2024-04-09T16:37:18","guid":{"rendered":"https:\/\/www.ossicolor.it\/size\/"},"modified":"2026-03-31T11:28:29","modified_gmt":"2026-03-31T09:28:29","slug":"size","status":"publish","type":"page","link":"https:\/\/www.ossicolor.it\/de\/size\/","title":{"rendered":"Size"},"content":{"rendered":"\t\t<div data-elementor-type=\"wp-page\" data-elementor-id=\"20980\" class=\"elementor elementor-20980 elementor-1344\" data-elementor-post-type=\"page\">\n\t\t\t\t<div class=\"elementor-element elementor-element-43be3f3 e-con-full e-flex e-con e-parent\" data-id=\"43be3f3\" data-element_type=\"container\" data-e-type=\"container\" data-settings=\"{&quot;background_background&quot;:&quot;classic&quot;,&quot;jet_parallax_layout_list&quot;:[]}\">\n\t\t<div class=\"elementor-element elementor-element-a5376d8 e-con-full e-flex elementor-invisible e-con e-child\" data-id=\"a5376d8\" data-element_type=\"container\" data-e-type=\"container\" data-settings=\"{&quot;jet_parallax_layout_list&quot;:[],&quot;animation&quot;:&quot;fadeInUp&quot;}\">\n\t\t\t\t<div class=\"elementor-element elementor-element-3b15f222 exad-sticky-section-no exad-glass-effect-no elementor-widget elementor-widget-heading\" data-id=\"3b15f222\" data-element_type=\"widget\" data-e-type=\"widget\" data-widget_type=\"heading.default\">\n\t\t\t\t\t<h2 class=\"elementor-heading-title elementor-size-default\">Size<\/h2>\t\t\t\t<\/div>\n\t\t\t\t<div class=\"elementor-element elementor-element-33baa769 elementor-widget__width-initial elementor-widget-tablet__width-initial elementor-widget-mobile__width-initial exad-sticky-section-no exad-glass-effect-no elementor-widget elementor-widget-text-editor\" data-id=\"33baa769\" data-element_type=\"widget\" data-e-type=\"widget\" data-widget_type=\"text-editor.default\">\n\t\t\t\t\t\t\t\t\t<p>Size ist ein vielseitiges Designelement, das sich an jede Umgebung anpasst und Ihnen bei der Gestaltung v\u00f6llige Freiheit bietet. Von der K\u00fcche, wo Sie es als H\u00e4ngeschrank verwenden k\u00f6nnen, bis zum Wohnzimmer, wo es Ihnen erm\u00f6glicht, dynamische Kompositionen zu schaffen, bis hin zum Badezimmer, wo es sich in einen eleganten und minimalistischen Handtuchhalter verwandeln l\u00e4sst.\u2028Gefertigt aus Aluminiumprofilen mit einer St\u00e4rke von 15x15mm, erm\u00f6glicht Size Ihnen, einen markanten visuellen Eindruck zu schaffen, den Sie mit R\u00fcckw\u00e4nden oder Regalen aus Holz, Aluminium oder Glas, Lichtstreifen oder Schiebet\u00fcren erg\u00e4nzen k\u00f6nnen.\u2028Die verschiedenen Formen und Farben sind so gestaltet, dass sie sich nahtlos in den Alltag Ihrer Kunden integrieren und eine visuelle Kontinuit\u00e4t in der Komposition gew\u00e4hrleisten, wobei die Struktur auf ein Minimum reduziert wird, um der \u00c4sthetik den Vorzug zu geben. Size ist jetzt auch in den Versionen 10\u00d710 und 20x20mm erh\u00e4ltlich.  <\/p>\n\t\t\t\t\t\t\t\t<\/div>\n\t\t\t\t<div class=\"elementor-element elementor-element-f75548c exad-sticky-section-no exad-glass-effect-no elementor-widget elementor-widget-text-editor\" data-id=\"f75548c\" data-element_type=\"widget\" data-e-type=\"widget\" data-widget_type=\"text-editor.default\">\n\t\t\t\t\t\t\t\t\t<p>Design by Michele Marcon<\/p>\t\t\t\t\t\t\t\t<\/div>\n\t\t\t\t<\/div>\n\t\t<div class=\"elementor-element elementor-element-77593ab e-con-full e-flex e-con e-child\" data-id=\"77593ab\" data-element_type=\"container\" data-e-type=\"container\" data-settings=\"{&quot;jet_parallax_layout_list&quot;:[]}\">\n\t\t\t\t<div class=\"elementor-element elementor-element-04b3171 elementor-position-inline-start elementor-mobile-position-inline-start elementor-view-default exad-sticky-section-no exad-glass-effect-no elementor-widget elementor-widget-icon-box\" data-id=\"04b3171\" data-element_type=\"widget\" data-e-type=\"widget\" data-widget_type=\"icon-box.default\">\n\t\t\t\t\t\t\t<div class=\"elementor-icon-box-wrapper\">\n\n\t\t\t\t\t\t<div class=\"elementor-icon-box-icon\">\n\t\t\t\t<a href=\"https:\/\/www.ossicolor.it\/wp-content\/uploads\/2024\/04\/Size-Ossicolor-design.pdf\" target=\"_blank\" class=\"elementor-icon\" tabindex=\"-1\" aria-label=\"size\">\n\t\t\t\t<i aria-hidden=\"true\" class=\"lnr lnr-book\"><\/i>\t\t\t\t<\/a>\n\t\t\t<\/div>\n\t\t\t\n\t\t\t\t\t\t<div class=\"elementor-icon-box-content\">\n\n\t\t\t\t\t\t\t\t\t<h3 class=\"elementor-icon-box-title\">\n\t\t\t\t\t\t<a href=\"https:\/\/www.ossicolor.it\/wp-content\/uploads\/2024\/04\/Size-Ossicolor-design.pdf\" target=\"_blank\" >\n\t\t\t\t\t\t\tsize\t\t\t\t\t\t<\/a>\n\t\t\t\t\t<\/h3>\n\t\t\t\t\n\t\t\t\t\n\t\t\t<\/div>\n\t\t\t\n\t\t<\/div>\n\t\t\t\t\t\t<\/div>\n\t\t\t\t<div class=\"elementor-element elementor-element-46e1830 elementor-position-inline-start elementor-mobile-position-inline-start elementor-view-default exad-sticky-section-no exad-glass-effect-no elementor-widget elementor-widget-icon-box\" data-id=\"46e1830\" data-element_type=\"widget\" data-e-type=\"widget\" data-widget_type=\"icon-box.default\">\n\t\t\t\t\t\t\t<div class=\"elementor-icon-box-wrapper\">\n\n\t\t\t\t\t\t<div class=\"elementor-icon-box-icon\">\n\t\t\t\t<a href=\"https:\/\/www.ossicolor.it\/wp-content\/uploads\/2025\/03\/catalogo-design-ossicolor.pdf\" target=\"_blank\" class=\"elementor-icon\" tabindex=\"-1\" aria-label=\"Katalog whonaccessoires\">\n\t\t\t\t<i aria-hidden=\"true\" class=\"lnr lnr-book\"><\/i>\t\t\t\t<\/a>\n\t\t\t<\/div>\n\t\t\t\n\t\t\t\t\t\t<div class=\"elementor-icon-box-content\">\n\n\t\t\t\t\t\t\t\t\t<h3 class=\"elementor-icon-box-title\">\n\t\t\t\t\t\t<a href=\"https:\/\/www.ossicolor.it\/wp-content\/uploads\/2025\/03\/catalogo-design-ossicolor.pdf\" target=\"_blank\" >\n\t\t\t\t\t\t\tKatalog whonaccessoires\t\t\t\t\t\t<\/a>\n\t\t\t\t\t<\/h3>\n\t\t\t\t\n\t\t\t\t\n\t\t\t<\/div>\n\t\t\t\n\t\t<\/div>\n\t\t\t\t\t\t<\/div>\n\t\t\t\t<\/div>\n\t\t\t\t<\/div>\n\t\t<div class=\"elementor-element elementor-element-91aff48 e-con-full e-flex e-con e-parent\" data-id=\"91aff48\" data-element_type=\"container\" data-e-type=\"container\" data-settings=\"{&quot;background_background&quot;:&quot;classic&quot;,&quot;jet_parallax_layout_list&quot;:[]}\">\n\t\t<div class=\"elementor-element elementor-element-a8bd9a9 e-con-full e-flex e-con e-child\" data-id=\"a8bd9a9\" data-element_type=\"container\" data-e-type=\"container\" data-settings=\"{&quot;background_background&quot;:&quot;classic&quot;,&quot;jet_parallax_layout_list&quot;:[]}\">\n\t\t<div class=\"elementor-element elementor-element-5fadea3 e-flex e-con-boxed e-con e-child\" data-id=\"5fadea3\" data-element_type=\"container\" data-e-type=\"container\" data-settings=\"{&quot;jet_parallax_layout_list&quot;:[]}\">\n\t\t\t\t\t<div class=\"e-con-inner\">\n\t\t\t\t<div class=\"elementor-element elementor-element-e68a8ee exad-sticky-section-no exad-glass-effect-no elementor-invisible elementor-widget elementor-widget-image\" data-id=\"e68a8ee\" data-element_type=\"widget\" data-e-type=\"widget\" data-settings=\"{&quot;_animation&quot;:&quot;slideInLeft&quot;}\" data-widget_type=\"image.default\">\n\t\t\t\t\t\t\t\t\t\t\t\t\t\t\t<img fetchpriority=\"high\" decoding=\"async\" width=\"800\" height=\"800\" src=\"https:\/\/www.ossicolor.it\/wp-content\/uploads\/2024\/04\/size-ossicolor-design.jpg\" class=\"attachment-large size-large wp-image-6940\" alt=\"size struttura modulare in alluminio\" srcset=\"https:\/\/www.ossicolor.it\/wp-content\/uploads\/2024\/04\/size-ossicolor-design.jpg 800w, https:\/\/www.ossicolor.it\/wp-content\/uploads\/2024\/04\/size-ossicolor-design-300x300.jpg 300w, https:\/\/www.ossicolor.it\/wp-content\/uploads\/2024\/04\/size-ossicolor-design-150x150.jpg 150w, https:\/\/www.ossicolor.it\/wp-content\/uploads\/2024\/04\/size-ossicolor-design-768x768.jpg 768w\" sizes=\"(max-width: 800px) 100vw, 800px\" \/>\t\t\t\t\t\t\t\t\t\t\t\t\t\t\t<\/div>\n\t\t\t\t\t<\/div>\n\t\t\t\t<\/div>\n\t\t<div class=\"elementor-element elementor-element-9ddca8b e-flex e-con-boxed e-con e-child\" data-id=\"9ddca8b\" data-element_type=\"container\" data-e-type=\"container\" data-settings=\"{&quot;jet_parallax_layout_list&quot;:[]}\">\n\t\t\t\t\t<div class=\"e-con-inner\">\n\t\t\t\t<div class=\"elementor-element elementor-element-43aa660 exad-sticky-section-no exad-glass-effect-no elementor-invisible elementor-widget elementor-widget-image\" data-id=\"43aa660\" data-element_type=\"widget\" data-e-type=\"widget\" data-settings=\"{&quot;_animation&quot;:&quot;slideInRight&quot;}\" data-widget_type=\"image.default\">\n\t\t\t\t\t\t\t\t\t\t\t\t\t\t\t<img decoding=\"async\" width=\"800\" height=\"800\" src=\"https:\/\/www.ossicolor.it\/wp-content\/uploads\/2024\/04\/size-ossicolor-elemento-arredo.jpg\" class=\"attachment-large size-large wp-image-8068\" alt=\"Mensola Size Ossicolor sospesa in estrusi di alluminio verniciato nero con ripiano e cornice superiore, contenente ciotole bianche e bottiglie, installata sopra un lavello da cucina\" srcset=\"https:\/\/www.ossicolor.it\/wp-content\/uploads\/2024\/04\/size-ossicolor-elemento-arredo.jpg 800w, https:\/\/www.ossicolor.it\/wp-content\/uploads\/2024\/04\/size-ossicolor-elemento-arredo-300x300.jpg 300w, https:\/\/www.ossicolor.it\/wp-content\/uploads\/2024\/04\/size-ossicolor-elemento-arredo-150x150.jpg 150w, https:\/\/www.ossicolor.it\/wp-content\/uploads\/2024\/04\/size-ossicolor-elemento-arredo-768x768.jpg 768w\" sizes=\"(max-width: 800px) 100vw, 800px\" \/>\t\t\t\t\t\t\t\t\t\t\t\t\t\t\t<\/div>\n\t\t\t\t\t<\/div>\n\t\t\t\t<\/div>\n\t\t\t\t<\/div>\n\t\t<div class=\"elementor-element elementor-element-403dd92 e-con-full e-flex e-con e-child\" data-id=\"403dd92\" data-element_type=\"container\" data-e-type=\"container\" data-settings=\"{&quot;background_background&quot;:&quot;classic&quot;,&quot;jet_parallax_layout_list&quot;:[]}\">\n\t\t<div class=\"elementor-element elementor-element-f9d42cc e-flex e-con-boxed e-con e-child\" data-id=\"f9d42cc\" data-element_type=\"container\" data-e-type=\"container\" data-settings=\"{&quot;jet_parallax_layout_list&quot;:[]}\">\n\t\t\t\t\t<div class=\"e-con-inner\">\n\t\t\t\t<div class=\"elementor-element elementor-element-2f67b7a elementor-align-center exad-sticky-section-no exad-glass-effect-no elementor-widget elementor-widget-button\" data-id=\"2f67b7a\" data-element_type=\"widget\" data-e-type=\"widget\" data-widget_type=\"button.default\">\n\t\t\t\t\t\t\t\t\t\t<a class=\"elementor-button elementor-button-link elementor-size-md\" href=\"https:\/\/www.ossicolor.it\/de\/wohnaccessoires\/\">\n\t\t\t\t\t\t<span class=\"elementor-button-content-wrapper\">\n\t\t\t\t\t\t<span class=\"elementor-button-icon\">\n\t\t\t\t<i aria-hidden=\"true\" class=\" ti-layout-grid3-alt\"><\/i>\t\t\t<\/span>\n\t\t\t\t\t\t\t\t\t<span class=\"elementor-button-text\">Whonaccessoires<\/span>\n\t\t\t\t\t<\/span>\n\t\t\t\t\t<\/a>\n\t\t\t\t\t\t\t\t<\/div>\n\t\t\t\t\t<\/div>\n\t\t\t\t<\/div>\n\t\t\t\t<\/div>\n\t\t\t\t<\/div>\n\t\t<div class=\"elementor-element elementor-element-cf45371 e-con-full e-flex e-con e-parent\" data-id=\"cf45371\" data-element_type=\"container\" data-e-type=\"container\" data-settings=\"{&quot;jet_parallax_layout_list&quot;:[]}\">\n\t\t\t\t<div class=\"elementor-element elementor-element-86152f4 exad-sticky-section-no exad-glass-effect-no elementor-widget elementor-widget-text-editor\" data-id=\"86152f4\" data-element_type=\"widget\" data-e-type=\"widget\" data-widget_type=\"text-editor.default\">\n\t\t\t\t\t\t\t\t\t<h3>M\u00f6chten Sie mehr \u00fcber unsere Designprodukte erfahren?<\/h3>\n\t\t\t\t\t\t\t\t<\/div>\n\t\t\t\t<div class=\"elementor-element elementor-element-d822c5b elementor-align-center exad-sticky-section-no exad-glass-effect-no elementor-widget elementor-widget-button\" data-id=\"d822c5b\" data-element_type=\"widget\" data-e-type=\"widget\" data-widget_type=\"button.default\">\n\t\t\t\t\t\t\t\t\t\t<a class=\"elementor-button elementor-button-link elementor-size-sm\" href=\"https:\/\/www.ossicolor.it\/de\/kontakte\/\">\n\t\t\t\t\t\t<span class=\"elementor-button-content-wrapper\">\n\t\t\t\t\t\t\t\t\t<span class=\"elementor-button-text\">Kontaktieren Sie uns<\/span>\n\t\t\t\t\t<\/span>\n\t\t\t\t\t<\/a>\n\t\t\t\t\t\t\t\t<\/div>\n\t\t\t\t<\/div>\n\t\t\t\t<\/div>\n\t\t","protected":false},"excerpt":{"rendered":"<p>Size Size ist ein vielseitiges Designelement, das sich an jede Umgebung anpasst und Ihnen bei der Gestaltung v\u00f6llige Freiheit bietet. Von der K\u00fcche, wo Sie es als H\u00e4ngeschrank verwenden k\u00f6nnen, bis zum Wohnzimmer, wo es Ihnen erm\u00f6glicht, dynamische Kompositionen zu schaffen, bis hin zum Badezimmer, wo es sich in einen eleganten und minimalistischen Handtuchhalter verwandeln [&hellip;]<\/p>\n","protected":false},"author":1,"featured_media":6940,"parent":0,"menu_order":0,"comment_status":"closed","ping_status":"closed","template":"","meta":{"_monsterinsights_skip_tracking":false,"_monsterinsights_sitenote_active":false,"_monsterinsights_sitenote_note":"","_monsterinsights_sitenote_category":0,"footnotes":""},"class_list":["post-20980","page","type-page","status-publish","has-post-thumbnail","hentry"],"yoast_head":"<!-- This site is optimized with the Yoast SEO Premium plugin v27.2 (Yoast SEO v27.2) - https:\/\/yoast.com\/product\/yoast-seo-premium-wordpress\/ -->\n<title>Size - Ossicolor<\/title>\n<meta name=\"robots\" content=\"index, follow, max-snippet:-1, max-image-preview:large, max-video-preview:-1\" \/>\n<link rel=\"canonical\" href=\"https:\/\/www.ossicolor.it\/de\/size\/\" \/>\n<meta property=\"og:locale\" content=\"de_DE\" \/>\n<meta property=\"og:type\" content=\"article\" \/>\n<meta property=\"og:title\" content=\"Size\" \/>\n<meta property=\"og:description\" content=\"Size Size ist ein vielseitiges Designelement, das sich an jede Umgebung anpasst und Ihnen bei der Gestaltung v\u00f6llige Freiheit bietet. Von der K\u00fcche, wo Sie es als H\u00e4ngeschrank verwenden k\u00f6nnen, bis zum Wohnzimmer, wo es Ihnen erm\u00f6glicht, dynamische Kompositionen zu schaffen, bis hin zum Badezimmer, wo es sich in einen eleganten und minimalistischen Handtuchhalter verwandeln [&hellip;]\" \/>\n<meta property=\"og:url\" content=\"https:\/\/www.ossicolor.it\/de\/size\/\" \/>\n<meta property=\"og:site_name\" content=\"Ossicolor\" \/>\n<meta property=\"article:modified_time\" content=\"2026-03-31T09:28:29+00:00\" \/>\n<meta property=\"og:image\" content=\"https:\/\/www.ossicolor.it\/wp-content\/uploads\/2024\/04\/size-ossicolor-design.jpg\" \/>\n\t<meta property=\"og:image:width\" content=\"800\" \/>\n\t<meta property=\"og:image:height\" content=\"800\" \/>\n\t<meta property=\"og:image:type\" content=\"image\/jpeg\" \/>\n<meta name=\"twitter:card\" content=\"summary_large_image\" \/>\n<meta name=\"twitter:label1\" content=\"Gesch\u00e4tzte Lesezeit\" \/>\n\t<meta name=\"twitter:data1\" content=\"1\u00a0Minute\" \/>\n<script type=\"application\/ld+json\" class=\"yoast-schema-graph\">{\"@context\":\"https:\/\/schema.org\",\"@graph\":[{\"@type\":\"WebPage\",\"@id\":\"https:\/\/www.ossicolor.it\/de\/size\/\",\"url\":\"https:\/\/www.ossicolor.it\/de\/size\/\",\"name\":\"Size - Ossicolor\",\"isPartOf\":{\"@id\":\"https:\/\/www.ossicolor.it\/de\/#website\"},\"primaryImageOfPage\":{\"@id\":\"https:\/\/www.ossicolor.it\/de\/size\/#primaryimage\"},\"image\":{\"@id\":\"https:\/\/www.ossicolor.it\/de\/size\/#primaryimage\"},\"thumbnailUrl\":\"https:\/\/www.ossicolor.it\/wp-content\/uploads\/2024\/04\/size-ossicolor-design.jpg\",\"datePublished\":\"2024-04-09T16:37:18+00:00\",\"dateModified\":\"2026-03-31T09:28:29+00:00\",\"breadcrumb\":{\"@id\":\"https:\/\/www.ossicolor.it\/de\/size\/#breadcrumb\"},\"inLanguage\":\"de\",\"potentialAction\":[{\"@type\":\"ReadAction\",\"target\":[\"https:\/\/www.ossicolor.it\/de\/size\/\"]}]},{\"@type\":\"ImageObject\",\"inLanguage\":\"de\",\"@id\":\"https:\/\/www.ossicolor.it\/de\/size\/#primaryimage\",\"url\":\"https:\/\/www.ossicolor.it\/wp-content\/uploads\/2024\/04\/size-ossicolor-design.jpg\",\"contentUrl\":\"https:\/\/www.ossicolor.it\/wp-content\/uploads\/2024\/04\/size-ossicolor-design.jpg\",\"width\":800,\"height\":800,\"caption\":\"Size L fonde minimalismo ed elasticit\u00e0: moduli liberi di comporsi per dare spazio a libri, oggetti e piante con un\u2019impronta decisamente moderna.\"},{\"@type\":\"BreadcrumbList\",\"@id\":\"https:\/\/www.ossicolor.it\/de\/size\/#breadcrumb\",\"itemListElement\":[{\"@type\":\"ListItem\",\"position\":1,\"name\":\"Home\",\"item\":\"https:\/\/www.ossicolor.it\/de\/\"},{\"@type\":\"ListItem\",\"position\":2,\"name\":\"Size\"}]},{\"@type\":\"WebSite\",\"@id\":\"https:\/\/www.ossicolor.it\/de\/#website\",\"url\":\"https:\/\/www.ossicolor.it\/de\/\",\"name\":\"Ossicolor\",\"description\":\"\",\"potentialAction\":[{\"@type\":\"SearchAction\",\"target\":{\"@type\":\"EntryPoint\",\"urlTemplate\":\"https:\/\/www.ossicolor.it\/de\/?s={search_term_string}\"},\"query-input\":{\"@type\":\"PropertyValueSpecification\",\"valueRequired\":true,\"valueName\":\"search_term_string\"}}],\"inLanguage\":\"de\"}]}<\/script>\n<!-- \/ Yoast SEO Premium plugin. -->","yoast_head_json":{"title":"Size - Ossicolor","robots":{"index":"index","follow":"follow","max-snippet":"max-snippet:-1","max-image-preview":"max-image-preview:large","max-video-preview":"max-video-preview:-1"},"canonical":"https:\/\/www.ossicolor.it\/de\/size\/","og_locale":"de_DE","og_type":"article","og_title":"Size","og_description":"Size Size ist ein vielseitiges Designelement, das sich an jede Umgebung anpasst und Ihnen bei der Gestaltung v\u00f6llige Freiheit bietet. Von der K\u00fcche, wo Sie es als H\u00e4ngeschrank verwenden k\u00f6nnen, bis zum Wohnzimmer, wo es Ihnen erm\u00f6glicht, dynamische Kompositionen zu schaffen, bis hin zum Badezimmer, wo es sich in einen eleganten und minimalistischen Handtuchhalter verwandeln [&hellip;]","og_url":"https:\/\/www.ossicolor.it\/de\/size\/","og_site_name":"Ossicolor","article_modified_time":"2026-03-31T09:28:29+00:00","og_image":[{"width":800,"height":800,"url":"https:\/\/www.ossicolor.it\/wp-content\/uploads\/2024\/04\/size-ossicolor-design.jpg","type":"image\/jpeg"}],"twitter_card":"summary_large_image","twitter_misc":{"Gesch\u00e4tzte Lesezeit":"1\u00a0Minute"},"schema":{"@context":"https:\/\/schema.org","@graph":[{"@type":"WebPage","@id":"https:\/\/www.ossicolor.it\/de\/size\/","url":"https:\/\/www.ossicolor.it\/de\/size\/","name":"Size - Ossicolor","isPartOf":{"@id":"https:\/\/www.ossicolor.it\/de\/#website"},"primaryImageOfPage":{"@id":"https:\/\/www.ossicolor.it\/de\/size\/#primaryimage"},"image":{"@id":"https:\/\/www.ossicolor.it\/de\/size\/#primaryimage"},"thumbnailUrl":"https:\/\/www.ossicolor.it\/wp-content\/uploads\/2024\/04\/size-ossicolor-design.jpg","datePublished":"2024-04-09T16:37:18+00:00","dateModified":"2026-03-31T09:28:29+00:00","breadcrumb":{"@id":"https:\/\/www.ossicolor.it\/de\/size\/#breadcrumb"},"inLanguage":"de","potentialAction":[{"@type":"ReadAction","target":["https:\/\/www.ossicolor.it\/de\/size\/"]}]},{"@type":"ImageObject","inLanguage":"de","@id":"https:\/\/www.ossicolor.it\/de\/size\/#primaryimage","url":"https:\/\/www.ossicolor.it\/wp-content\/uploads\/2024\/04\/size-ossicolor-design.jpg","contentUrl":"https:\/\/www.ossicolor.it\/wp-content\/uploads\/2024\/04\/size-ossicolor-design.jpg","width":800,"height":800,"caption":"Size L fonde minimalismo ed elasticit\u00e0: moduli liberi di comporsi per dare spazio a libri, oggetti e piante con un\u2019impronta decisamente moderna."},{"@type":"BreadcrumbList","@id":"https:\/\/www.ossicolor.it\/de\/size\/#breadcrumb","itemListElement":[{"@type":"ListItem","position":1,"name":"Home","item":"https:\/\/www.ossicolor.it\/de\/"},{"@type":"ListItem","position":2,"name":"Size"}]},{"@type":"WebSite","@id":"https:\/\/www.ossicolor.it\/de\/#website","url":"https:\/\/www.ossicolor.it\/de\/","name":"Ossicolor","description":"","potentialAction":[{"@type":"SearchAction","target":{"@type":"EntryPoint","urlTemplate":"https:\/\/www.ossicolor.it\/de\/?s={search_term_string}"},"query-input":{"@type":"PropertyValueSpecification","valueRequired":true,"valueName":"search_term_string"}}],"inLanguage":"de"}]}},"_links":{"self":[{"href":"https:\/\/www.ossicolor.it\/de\/wp-json\/wp\/v2\/pages\/20980","targetHints":{"allow":["GET"]}}],"collection":[{"href":"https:\/\/www.ossicolor.it\/de\/wp-json\/wp\/v2\/pages"}],"about":[{"href":"https:\/\/www.ossicolor.it\/de\/wp-json\/wp\/v2\/types\/page"}],"author":[{"embeddable":true,"href":"https:\/\/www.ossicolor.it\/de\/wp-json\/wp\/v2\/users\/1"}],"replies":[{"embeddable":true,"href":"https:\/\/www.ossicolor.it\/de\/wp-json\/wp\/v2\/comments?post=20980"}],"version-history":[{"count":10,"href":"https:\/\/www.ossicolor.it\/de\/wp-json\/wp\/v2\/pages\/20980\/revisions"}],"predecessor-version":[{"id":27914,"href":"https:\/\/www.ossicolor.it\/de\/wp-json\/wp\/v2\/pages\/20980\/revisions\/27914"}],"wp:featuredmedia":[{"embeddable":true,"href":"https:\/\/www.ossicolor.it\/de\/wp-json\/wp\/v2\/media\/6940"}],"wp:attachment":[{"href":"https:\/\/www.ossicolor.it\/de\/wp-json\/wp\/v2\/media?parent=20980"}],"curies":[{"name":"wp","href":"https:\/\/api.w.org\/{rel}","templated":true}]}}