{"id":20974,"date":"2024-04-08T16:55:34","date_gmt":"2024-04-08T14:55:34","guid":{"rendered":"https:\/\/www.ossicolor.it\/maniglie\/"},"modified":"2026-01-27T11:39:05","modified_gmt":"2026-01-27T10:39:05","slug":"griffe-ossicolor","status":"publish","type":"page","link":"https:\/\/www.ossicolor.it\/de\/griffe-ossicolor\/","title":{"rendered":"Maniglie"},"content":{"rendered":"\t\t<div data-elementor-type=\"wp-page\" data-elementor-id=\"20974\" class=\"elementor elementor-20974 elementor-1265\" data-elementor-post-type=\"page\">\n\t\t\t\t<div class=\"elementor-element elementor-element-215e3c94 e-con-full e-flex e-con e-parent\" data-id=\"215e3c94\" data-element_type=\"container\" data-e-type=\"container\" data-settings=\"{&quot;background_background&quot;:&quot;classic&quot;,&quot;jet_parallax_layout_list&quot;:[]}\">\n\t\t<div class=\"elementor-element elementor-element-3836da3 e-con-full e-flex e-con e-child\" data-id=\"3836da3\" data-element_type=\"container\" data-e-type=\"container\" data-settings=\"{&quot;jet_parallax_layout_list&quot;:[]}\">\n\t\t\t\t<div class=\"elementor-element elementor-element-7422d95 exad-sticky-section-no exad-glass-effect-no elementor-widget elementor-widget-heading\" data-id=\"7422d95\" data-element_type=\"widget\" data-e-type=\"widget\" data-widget_type=\"heading.default\">\n\t\t\t\t\t<h2 class=\"elementor-heading-title elementor-size-default\">Griffe<\/h2>\t\t\t\t<\/div>\n\t\t\t\t<div class=\"elementor-element elementor-element-2f5932b6 elementor-widget__width-initial elementor-widget-mobile__width-initial exad-sticky-section-no exad-glass-effect-no elementor-widget elementor-widget-text-editor\" data-id=\"2f5932b6\" data-element_type=\"widget\" data-e-type=\"widget\" data-widget_type=\"text-editor.default\">\n\t\t\t\t\t\t\t\t\t<p>Gefertigt aus Aluminiumprofilen, gefolgt von einem CNC-Bearbeitungsprozess zur finalen Individualisierung, bieten die Griffe eine breite Palette an Designl\u00f6sungen und gew\u00e4hrleisten Ihnen eine unkomplizierte Installation. Die Griffe sind in verschiedenen, individuell anpassbaren L\u00e4ngen erh\u00e4ltlich und das Ergebnis eines vollst\u00e4ndigen Produktionszyklus, der mechanische Bearbeitungen auf modernen CNC-Zentren, B\u00fcrst- und Polierprozesse sowie schlie\u00dflich Anodisierung oder Lackierung umfasst.<\/p>\n\t\t\t\t\t\t\t\t<\/div>\n\t\t\t\t<\/div>\n\t\t<div class=\"elementor-element elementor-element-6f158eda e-con-full e-flex e-con e-child\" data-id=\"6f158eda\" data-element_type=\"container\" data-e-type=\"container\" data-settings=\"{&quot;jet_parallax_layout_list&quot;:[]}\">\n\t\t\t\t<div class=\"elementor-element elementor-element-7785d516 elementor-position-inline-start elementor-mobile-position-inline-start elementor-view-default exad-sticky-section-no exad-glass-effect-no elementor-widget elementor-widget-icon-box\" data-id=\"7785d516\" data-element_type=\"widget\" data-e-type=\"widget\" data-widget_type=\"icon-box.default\">\n\t\t\t\t\t\t\t<div class=\"elementor-icon-box-wrapper\">\n\n\t\t\t\t\t\t<div class=\"elementor-icon-box-icon\">\n\t\t\t\t<a href=\"https:\/\/www.ossicolor.it\/wp-content\/uploads\/2024\/04\/maniglie-ossicolor-2021.pdf\" target=\"_blank\" class=\"elementor-icon\" tabindex=\"-1\" aria-label=\"Griffe\">\n\t\t\t\t<i aria-hidden=\"true\" class=\"lnr lnr-book\"><\/i>\t\t\t\t<\/a>\n\t\t\t<\/div>\n\t\t\t\n\t\t\t\t\t\t<div class=\"elementor-icon-box-content\">\n\n\t\t\t\t\t\t\t\t\t<h3 class=\"elementor-icon-box-title\">\n\t\t\t\t\t\t<a href=\"https:\/\/www.ossicolor.it\/wp-content\/uploads\/2024\/04\/maniglie-ossicolor-2021.pdf\" target=\"_blank\" >\n\t\t\t\t\t\t\tGriffe\t\t\t\t\t\t<\/a>\n\t\t\t\t\t<\/h3>\n\t\t\t\t\n\t\t\t\t\n\t\t\t<\/div>\n\t\t\t\n\t\t<\/div>\n\t\t\t\t\t\t<\/div>\n\t\t\t\t<\/div>\n\t\t\t\t<\/div>\n\t\t<div class=\"elementor-element elementor-element-6db4c035 e-con-full e-flex e-con e-parent\" data-id=\"6db4c035\" data-element_type=\"container\" data-e-type=\"container\" data-settings=\"{&quot;background_background&quot;:&quot;classic&quot;,&quot;jet_parallax_layout_list&quot;:[]}\">\n\t\t<div class=\"elementor-element elementor-element-4c5050e e-con-full e-flex e-con e-child\" data-id=\"4c5050e\" data-element_type=\"container\" data-e-type=\"container\" data-settings=\"{&quot;background_background&quot;:&quot;classic&quot;,&quot;jet_parallax_layout_list&quot;:[]}\">\n\t\t<div class=\"elementor-element elementor-element-50db0e2b e-flex e-con-boxed e-con e-child\" data-id=\"50db0e2b\" data-element_type=\"container\" data-e-type=\"container\" data-settings=\"{&quot;jet_parallax_layout_list&quot;:[]}\">\n\t\t\t\t\t<div class=\"e-con-inner\">\n\t\t\t\t<div class=\"elementor-element elementor-element-165aac0b elementor-cta--skin-classic elementor-animated-content elementor-bg-transform elementor-bg-transform-zoom-in exad-sticky-section-no exad-glass-effect-no elementor-widget elementor-widget-call-to-action\" data-id=\"165aac0b\" data-element_type=\"widget\" data-e-type=\"widget\" data-widget_type=\"call-to-action.default\">\n\t\t\t\t\t\t\t<a class=\"elementor-cta\" href=\"https:\/\/www.ossicolor.it\/wp-content\/uploads\/2024\/04\/maniglie-gola-finta.pdf\" target=\"_blank\">\n\t\t\t\t\t<div class=\"elementor-cta__bg-wrapper\">\n\t\t\t\t<div class=\"elementor-cta__bg elementor-bg\" style=\"background-image: url(https:\/\/www.ossicolor.it\/wp-content\/uploads\/2024\/04\/maniglie-ossicolor-gola-finta.jpg);\" role=\"img\" aria-label=\"Due maniglie \u201cGola Finta\u201d di Ossicolor in profilo di alluminio anodizzato (o verniciato), a forma di \u201cC\u201d rovesciata applicate sulla parte superiore di un\u2019anta scura, riprese in prospettiva su sfondo bianco.\"><\/div>\n\t\t\t\t<div class=\"elementor-cta__bg-overlay\"><\/div>\n\t\t\t<\/div>\n\t\t\t\t\t\t\t<div class=\"elementor-cta__content\">\n\t\t\t\t\n\t\t\t\t\t\t\t\t\t<h2 class=\"elementor-cta__title elementor-cta__content-item elementor-content-item\">\n\t\t\t\t\t\tGriffe\t\t\t\t\t<\/h2>\n\t\t\t\t\n\t\t\t\t\n\t\t\t\t\t\t\t<\/div>\n\t\t\t\t\t\t<\/a>\n\t\t\t\t\t\t<\/div>\n\t\t\t\t\t<\/div>\n\t\t\t\t<\/div>\n\t\t<div class=\"elementor-element elementor-element-48316e2f e-flex e-con-boxed e-con e-child\" data-id=\"48316e2f\" data-element_type=\"container\" data-e-type=\"container\" data-settings=\"{&quot;jet_parallax_layout_list&quot;:[]}\">\n\t\t\t\t\t<div class=\"e-con-inner\">\n\t\t\t\t<div class=\"elementor-element elementor-element-80de0f2 elementor-cta--skin-classic elementor-animated-content elementor-bg-transform elementor-bg-transform-zoom-in exad-sticky-section-no exad-glass-effect-no elementor-widget elementor-widget-call-to-action\" data-id=\"80de0f2\" data-element_type=\"widget\" data-e-type=\"widget\" data-widget_type=\"call-to-action.default\">\n\t\t\t\t\t\t\t<a class=\"elementor-cta\" href=\"https:\/\/www.ossicolor.it\/wp-content\/uploads\/2024\/04\/maniglie-a-L.pdf\" target=\"_blank\">\n\t\t\t\t\t<div class=\"elementor-cta__bg-wrapper\">\n\t\t\t\t<div class=\"elementor-cta__bg elementor-bg\" style=\"background-image: url(https:\/\/www.ossicolor.it\/wp-content\/uploads\/2024\/04\/maniglie-ossicolor-L.jpg);\" role=\"img\" aria-label=\"Due maniglie a L di Ossicolor in alluminio anodizzato (o verniciato), viste in prospettiva su sfondo bianco.\"><\/div>\n\t\t\t\t<div class=\"elementor-cta__bg-overlay\"><\/div>\n\t\t\t<\/div>\n\t\t\t\t\t\t\t<div class=\"elementor-cta__content\">\n\t\t\t\t\n\t\t\t\t\t\t\t\t\t<h2 class=\"elementor-cta__title elementor-cta__content-item elementor-content-item\">\n\t\t\t\t\t\tGriffe\t\t\t\t\t<\/h2>\n\t\t\t\t\n\t\t\t\t\n\t\t\t\t\t\t\t<\/div>\n\t\t\t\t\t\t<\/a>\n\t\t\t\t\t\t<\/div>\n\t\t\t\t\t<\/div>\n\t\t\t\t<\/div>\n\t\t<div class=\"elementor-element elementor-element-73828b8d e-flex e-con-boxed e-con e-child\" data-id=\"73828b8d\" data-element_type=\"container\" data-e-type=\"container\" data-settings=\"{&quot;jet_parallax_layout_list&quot;:[]}\">\n\t\t\t\t\t<div class=\"e-con-inner\">\n\t\t\t\t<div class=\"elementor-element elementor-element-5bea13e3 elementor-cta--skin-classic elementor-animated-content elementor-bg-transform elementor-bg-transform-zoom-in exad-sticky-section-no exad-glass-effect-no elementor-widget elementor-widget-call-to-action\" data-id=\"5bea13e3\" data-element_type=\"widget\" data-e-type=\"widget\" data-widget_type=\"call-to-action.default\">\n\t\t\t\t\t\t\t<a class=\"elementor-cta\" href=\"https:\/\/www.ossicolor.it\/wp-content\/uploads\/2024\/04\/maniglie-inserto-inclinato.pdf\" target=\"_blank\">\n\t\t\t\t\t<div class=\"elementor-cta__bg-wrapper\">\n\t\t\t\t<div class=\"elementor-cta__bg elementor-bg\" style=\"background-image: url(https:\/\/www.ossicolor.it\/wp-content\/uploads\/2024\/04\/maniglie-ossicolor-inclinate.jpg);\" role=\"img\" aria-label=\"Due maniglie \u201cInclinate\u201d di Ossicolor in alluminio anodizzato\/verniciato, con profilo superiore inclinato e presa ergonomica nascosta, applicate su ante nere, riprese in prospettiva su sfondo bianco.\"><\/div>\n\t\t\t\t<div class=\"elementor-cta__bg-overlay\"><\/div>\n\t\t\t<\/div>\n\t\t\t\t\t\t\t<div class=\"elementor-cta__content\">\n\t\t\t\t\n\t\t\t\t\t\t\t\t\t<h2 class=\"elementor-cta__title elementor-cta__content-item elementor-content-item\">\n\t\t\t\t\t\tGriffe\t\t\t\t\t<\/h2>\n\t\t\t\t\n\t\t\t\t\n\t\t\t\t\t\t\t<\/div>\n\t\t\t\t\t\t<\/a>\n\t\t\t\t\t\t<\/div>\n\t\t\t\t\t<\/div>\n\t\t\t\t<\/div>\n\t\t<div class=\"elementor-element elementor-element-5a99149c e-flex e-con-boxed e-con e-child\" data-id=\"5a99149c\" data-element_type=\"container\" data-e-type=\"container\" data-settings=\"{&quot;jet_parallax_layout_list&quot;:[]}\">\n\t\t\t\t\t<div class=\"e-con-inner\">\n\t\t\t\t<div class=\"elementor-element elementor-element-7cbedbaa elementor-cta--skin-classic elementor-animated-content elementor-bg-transform elementor-bg-transform-zoom-in exad-sticky-section-no exad-glass-effect-no elementor-widget elementor-widget-call-to-action\" data-id=\"7cbedbaa\" data-element_type=\"widget\" data-e-type=\"widget\" data-widget_type=\"call-to-action.default\">\n\t\t\t\t\t\t\t<a class=\"elementor-cta\" href=\"https:\/\/www.ossicolor.it\/wp-content\/uploads\/2024\/04\/maniglie-inserto-a-L.pdf\" target=\"_blank\">\n\t\t\t\t\t<div class=\"elementor-cta__bg-wrapper\">\n\t\t\t\t<div class=\"elementor-cta__bg elementor-bg\" style=\"background-image: url(https:\/\/www.ossicolor.it\/wp-content\/uploads\/2024\/04\/maniglie-ossicolor-inserto-L.jpg);\" role=\"img\" aria-label=\"Due maniglie a inserto \u201cL\u201d di Ossicolor in alluminio anodizzato (o verniciato), con canale a \u201cU\u201d nel profilo superiore integrate in ante nere, viste in prospettiva su sfondo bianco.\"><\/div>\n\t\t\t\t<div class=\"elementor-cta__bg-overlay\"><\/div>\n\t\t\t<\/div>\n\t\t\t\t\t\t\t<div class=\"elementor-cta__content\">\n\t\t\t\t\n\t\t\t\t\t\t\t\t\t<h2 class=\"elementor-cta__title elementor-cta__content-item elementor-content-item\">\n\t\t\t\t\t\tL-Griffe\t\t\t\t\t<\/h2>\n\t\t\t\t\n\t\t\t\t\n\t\t\t\t\t\t\t<\/div>\n\t\t\t\t\t\t<\/a>\n\t\t\t\t\t\t<\/div>\n\t\t\t\t\t<\/div>\n\t\t\t\t<\/div>\n\t\t\t\t<\/div>\n\t\t<div class=\"elementor-element elementor-element-56e445b e-con-full e-flex e-con e-child\" data-id=\"56e445b\" data-element_type=\"container\" data-e-type=\"container\" data-settings=\"{&quot;background_background&quot;:&quot;classic&quot;,&quot;jet_parallax_layout_list&quot;:[]}\">\n\t\t<div class=\"elementor-element elementor-element-7f538486 e-flex e-con-boxed e-con e-child\" data-id=\"7f538486\" data-element_type=\"container\" data-e-type=\"container\" data-settings=\"{&quot;jet_parallax_layout_list&quot;:[]}\">\n\t\t\t\t\t<div class=\"e-con-inner\">\n\t\t\t\t<div class=\"elementor-element elementor-element-d94cca4 elementor-cta--skin-classic elementor-animated-content elementor-bg-transform elementor-bg-transform-zoom-in exad-sticky-section-no exad-glass-effect-no elementor-widget elementor-widget-call-to-action\" data-id=\"d94cca4\" data-element_type=\"widget\" data-e-type=\"widget\" data-widget_type=\"call-to-action.default\">\n\t\t\t\t\t\t\t<a class=\"elementor-cta\" href=\"https:\/\/www.ossicolor.it\/wp-content\/uploads\/2024\/04\/maniglie-inserto-C.pdf\" target=\"_blank\">\n\t\t\t\t\t<div class=\"elementor-cta__bg-wrapper\">\n\t\t\t\t<div class=\"elementor-cta__bg elementor-bg\" style=\"background-image: url(https:\/\/www.ossicolor.it\/wp-content\/uploads\/2024\/04\/maniglie-cucina-ossicolor-inserto-C.jpg);\" role=\"img\" aria-label=\"Due maniglie a inserto \u201cC\u201d di Ossicolor in profilo di alluminio anodizzato (o verniciato), con sezione frontale semicircolare incassata in ante scure, mostrate in prospettiva su sfondo bianco.\"><\/div>\n\t\t\t\t<div class=\"elementor-cta__bg-overlay\"><\/div>\n\t\t\t<\/div>\n\t\t\t\t\t\t\t<div class=\"elementor-cta__content\">\n\t\t\t\t\n\t\t\t\t\t\t\t\t\t<h2 class=\"elementor-cta__title elementor-cta__content-item elementor-content-item\">\n\t\t\t\t\t\tC-Griffe\t\t\t\t\t<\/h2>\n\t\t\t\t\n\t\t\t\t\n\t\t\t\t\t\t\t<\/div>\n\t\t\t\t\t\t<\/a>\n\t\t\t\t\t\t<\/div>\n\t\t\t\t\t<\/div>\n\t\t\t\t<\/div>\n\t\t<div class=\"elementor-element elementor-element-60a21a75 e-flex e-con-boxed e-con e-child\" data-id=\"60a21a75\" data-element_type=\"container\" data-e-type=\"container\" data-settings=\"{&quot;jet_parallax_layout_list&quot;:[]}\">\n\t\t\t\t\t<div class=\"e-con-inner\">\n\t\t\t\t<div class=\"elementor-element elementor-element-66ad0b0d elementor-cta--skin-classic elementor-animated-content elementor-bg-transform elementor-bg-transform-zoom-in exad-sticky-section-no exad-glass-effect-no elementor-widget elementor-widget-call-to-action\" data-id=\"66ad0b0d\" data-element_type=\"widget\" data-e-type=\"widget\" data-widget_type=\"call-to-action.default\">\n\t\t\t\t\t\t\t<a class=\"elementor-cta\" href=\"https:\/\/www.ossicolor.it\/wp-content\/uploads\/2024\/04\/maniglie-incasso.pdf\" target=\"_blank\">\n\t\t\t\t\t<div class=\"elementor-cta__bg-wrapper\">\n\t\t\t\t<div class=\"elementor-cta__bg elementor-bg\" style=\"background-image: url(https:\/\/www.ossicolor.it\/wp-content\/uploads\/2024\/04\/maniglie-ossicolor-incasso.jpg);\" role=\"img\" aria-label=\"Due maniglie a incasso di Ossicolor in alluminio anodizzato (o verniciato), integrate a filo in ante scure, riprese in prospettiva su sfondo bianco.\"><\/div>\n\t\t\t\t<div class=\"elementor-cta__bg-overlay\"><\/div>\n\t\t\t<\/div>\n\t\t\t\t\t\t\t<div class=\"elementor-cta__content\">\n\t\t\t\t\n\t\t\t\t\t\t\t\t\t<h2 class=\"elementor-cta__title elementor-cta__content-item elementor-content-item\">\n\t\t\t\t\t\tGriffe\t\t\t\t\t<\/h2>\n\t\t\t\t\n\t\t\t\t\n\t\t\t\t\t\t\t<\/div>\n\t\t\t\t\t\t<\/a>\n\t\t\t\t\t\t<\/div>\n\t\t\t\t\t<\/div>\n\t\t\t\t<\/div>\n\t\t<div class=\"elementor-element elementor-element-562eaa45 e-flex e-con-boxed e-con e-child\" data-id=\"562eaa45\" data-element_type=\"container\" data-e-type=\"container\" data-settings=\"{&quot;jet_parallax_layout_list&quot;:[]}\">\n\t\t\t\t\t<div class=\"e-con-inner\">\n\t\t\t\t<div class=\"elementor-element elementor-element-5e9c67a6 elementor-cta--skin-classic elementor-animated-content elementor-bg-transform elementor-bg-transform-zoom-in exad-sticky-section-no exad-glass-effect-no elementor-widget elementor-widget-call-to-action\" data-id=\"5e9c67a6\" data-element_type=\"widget\" data-e-type=\"widget\" data-widget_type=\"call-to-action.default\">\n\t\t\t\t\t\t\t<a class=\"elementor-cta\" href=\"https:\/\/www.ossicolor.it\/wp-content\/uploads\/2024\/04\/maniglie-avvitate.pdf\" target=\"_blank\">\n\t\t\t\t\t<div class=\"elementor-cta__bg-wrapper\">\n\t\t\t\t<div class=\"elementor-cta__bg elementor-bg\" style=\"background-image: url(https:\/\/www.ossicolor.it\/wp-content\/uploads\/2024\/04\/maniglie-ossicolor-avvitate.jpg);\" role=\"img\" aria-label=\"Due maniglie avvitate di Ossicolor in alluminio anodizzato (o verniciato), profilo rettangolare montato con viti su un\u2019anta scura, mostrate in prospettiva su sfondo bianco.\"><\/div>\n\t\t\t\t<div class=\"elementor-cta__bg-overlay\"><\/div>\n\t\t\t<\/div>\n\t\t\t\t\t\t\t<div class=\"elementor-cta__content\">\n\t\t\t\t\n\t\t\t\t\t\t\t\t\t<h2 class=\"elementor-cta__title elementor-cta__content-item elementor-content-item\">\n\t\t\t\t\t\tGriffe\t\t\t\t\t<\/h2>\n\t\t\t\t\n\t\t\t\t\n\t\t\t\t\t\t\t<\/div>\n\t\t\t\t\t\t<\/a>\n\t\t\t\t\t\t<\/div>\n\t\t\t\t\t<\/div>\n\t\t\t\t<\/div>\n\t\t<div class=\"elementor-element elementor-element-6fe28198 elementor-hidden-mobile e-flex e-con-boxed e-con e-child\" data-id=\"6fe28198\" data-element_type=\"container\" data-e-type=\"container\" data-settings=\"{&quot;jet_parallax_layout_list&quot;:[]}\">\n\t\t\t\t\t<div class=\"e-con-inner\">\n\t\t\t\t\t<\/div>\n\t\t\t\t<\/div>\n\t\t\t\t<\/div>\n\t\t<div class=\"elementor-element elementor-element-4cff2d61 e-con-full e-flex e-con e-child\" data-id=\"4cff2d61\" data-element_type=\"container\" data-e-type=\"container\" data-settings=\"{&quot;background_background&quot;:&quot;classic&quot;,&quot;jet_parallax_layout_list&quot;:[]}\">\n\t\t<div class=\"elementor-element elementor-element-34fedcab e-flex e-con-boxed e-con e-child\" data-id=\"34fedcab\" data-element_type=\"container\" data-e-type=\"container\" data-settings=\"{&quot;jet_parallax_layout_list&quot;:[]}\">\n\t\t\t\t\t<div class=\"e-con-inner\">\n\t\t\t\t<div class=\"elementor-element elementor-element-67942e3e elementor-align-center exad-sticky-section-no exad-glass-effect-no elementor-widget elementor-widget-button\" data-id=\"67942e3e\" data-element_type=\"widget\" data-e-type=\"widget\" data-widget_type=\"button.default\">\n\t\t\t\t\t\t\t\t\t\t<a class=\"elementor-button elementor-button-link elementor-size-md\" href=\"https:\/\/www.ossicolor.it\/de\/komponenten\/\">\n\t\t\t\t\t\t<span class=\"elementor-button-content-wrapper\">\n\t\t\t\t\t\t<span class=\"elementor-button-icon\">\n\t\t\t\t<i aria-hidden=\"true\" class=\" ti-layout-grid3-alt\"><\/i>\t\t\t<\/span>\n\t\t\t\t\t\t\t\t\t<span class=\"elementor-button-text\">Komponenten<\/span>\n\t\t\t\t\t<\/span>\n\t\t\t\t\t<\/a>\n\t\t\t\t\t\t\t\t<\/div>\n\t\t\t\t\t<\/div>\n\t\t\t\t<\/div>\n\t\t\t\t<\/div>\n\t\t\t\t<\/div>\n\t\t\t\t<\/div>\n\t\t","protected":false},"excerpt":{"rendered":"<p>Griffe Gefertigt aus Aluminiumprofilen, gefolgt von einem CNC-Bearbeitungsprozess zur finalen Individualisierung, bieten die Griffe eine breite Palette an Designl\u00f6sungen und gew\u00e4hrleisten Ihnen eine unkomplizierte Installation. Die Griffe sind in verschiedenen, individuell anpassbaren L\u00e4ngen erh\u00e4ltlich und das Ergebnis eines vollst\u00e4ndigen Produktionszyklus, der mechanische Bearbeitungen auf modernen CNC-Zentren, B\u00fcrst- und Polierprozesse sowie schlie\u00dflich Anodisierung oder Lackierung umfasst. [&hellip;]<\/p>\n","protected":false},"author":1,"featured_media":7604,"parent":0,"menu_order":0,"comment_status":"closed","ping_status":"closed","template":"","meta":{"_monsterinsights_skip_tracking":false,"_monsterinsights_sitenote_active":false,"_monsterinsights_sitenote_note":"","_monsterinsights_sitenote_category":0,"footnotes":""},"class_list":["post-20974","page","type-page","status-publish","has-post-thumbnail","hentry"],"yoast_head":"<!-- This site is optimized with the Yoast SEO Premium plugin v27.2 (Yoast SEO v27.2) - https:\/\/yoast.com\/product\/yoast-seo-premium-wordpress\/ -->\n<title>Griffe Ossicolor<\/title>\n<meta name=\"robots\" content=\"index, follow, max-snippet:-1, max-image-preview:large, max-video-preview:-1\" \/>\n<link rel=\"canonical\" href=\"https:\/\/www.ossicolor.it\/de\/griffe-ossicolor\/\" \/>\n<meta property=\"og:locale\" content=\"de_DE\" \/>\n<meta property=\"og:type\" content=\"article\" \/>\n<meta property=\"og:title\" content=\"Maniglie\" \/>\n<meta property=\"og:description\" content=\"Griffe Gefertigt aus Aluminiumprofilen, gefolgt von einem CNC-Bearbeitungsprozess zur finalen Individualisierung, bieten die Griffe eine breite Palette an Designl\u00f6sungen und gew\u00e4hrleisten Ihnen eine unkomplizierte Installation. Die Griffe sind in verschiedenen, individuell anpassbaren L\u00e4ngen erh\u00e4ltlich und das Ergebnis eines vollst\u00e4ndigen Produktionszyklus, der mechanische Bearbeitungen auf modernen CNC-Zentren, B\u00fcrst- und Polierprozesse sowie schlie\u00dflich Anodisierung oder Lackierung umfasst. [&hellip;]\" \/>\n<meta property=\"og:url\" content=\"https:\/\/www.ossicolor.it\/de\/griffe-ossicolor\/\" \/>\n<meta property=\"og:site_name\" content=\"Ossicolor\" \/>\n<meta property=\"article:modified_time\" content=\"2026-01-27T10:39:05+00:00\" \/>\n<meta property=\"og:image\" content=\"https:\/\/www.ossicolor.it\/wp-content\/uploads\/2024\/04\/maniglie-alluminio-cucina-ossicolor.jpg\" \/>\n\t<meta property=\"og:image:width\" content=\"800\" \/>\n\t<meta property=\"og:image:height\" content=\"800\" \/>\n\t<meta property=\"og:image:type\" content=\"image\/jpeg\" \/>\n<meta name=\"twitter:card\" content=\"summary_large_image\" \/>\n<meta name=\"twitter:label1\" content=\"Gesch\u00e4tzte Lesezeit\" \/>\n\t<meta name=\"twitter:data1\" content=\"1\u00a0Minute\" \/>\n<script type=\"application\/ld+json\" class=\"yoast-schema-graph\">{\"@context\":\"https:\/\/schema.org\",\"@graph\":[{\"@type\":\"WebPage\",\"@id\":\"https:\/\/www.ossicolor.it\/de\/griffe-ossicolor\/\",\"url\":\"https:\/\/www.ossicolor.it\/de\/griffe-ossicolor\/\",\"name\":\"Griffe Ossicolor\",\"isPartOf\":{\"@id\":\"https:\/\/www.ossicolor.it\/de\/#website\"},\"primaryImageOfPage\":{\"@id\":\"https:\/\/www.ossicolor.it\/de\/griffe-ossicolor\/#primaryimage\"},\"image\":{\"@id\":\"https:\/\/www.ossicolor.it\/de\/griffe-ossicolor\/#primaryimage\"},\"thumbnailUrl\":\"https:\/\/www.ossicolor.it\/wp-content\/uploads\/2024\/04\/maniglie-alluminio-cucina-ossicolor.jpg\",\"datePublished\":\"2024-04-08T14:55:34+00:00\",\"dateModified\":\"2026-01-27T10:39:05+00:00\",\"breadcrumb\":{\"@id\":\"https:\/\/www.ossicolor.it\/de\/griffe-ossicolor\/#breadcrumb\"},\"inLanguage\":\"de\",\"potentialAction\":[{\"@type\":\"ReadAction\",\"target\":[\"https:\/\/www.ossicolor.it\/de\/griffe-ossicolor\/\"]}]},{\"@type\":\"ImageObject\",\"inLanguage\":\"de\",\"@id\":\"https:\/\/www.ossicolor.it\/de\/griffe-ossicolor\/#primaryimage\",\"url\":\"https:\/\/www.ossicolor.it\/wp-content\/uploads\/2024\/04\/maniglie-alluminio-cucina-ossicolor.jpg\",\"contentUrl\":\"https:\/\/www.ossicolor.it\/wp-content\/uploads\/2024\/04\/maniglie-alluminio-cucina-ossicolor.jpg\",\"width\":800,\"height\":800,\"caption\":\"Un\u2019ampia selezione di maniglie in alluminio Ossicolor: estetica e funzionalit\u00e0 per cucine moderne\"},{\"@type\":\"BreadcrumbList\",\"@id\":\"https:\/\/www.ossicolor.it\/de\/griffe-ossicolor\/#breadcrumb\",\"itemListElement\":[{\"@type\":\"ListItem\",\"position\":1,\"name\":\"Home\",\"item\":\"https:\/\/www.ossicolor.it\/de\/\"},{\"@type\":\"ListItem\",\"position\":2,\"name\":\"Maniglie\"}]},{\"@type\":\"WebSite\",\"@id\":\"https:\/\/www.ossicolor.it\/de\/#website\",\"url\":\"https:\/\/www.ossicolor.it\/de\/\",\"name\":\"Ossicolor\",\"description\":\"\",\"potentialAction\":[{\"@type\":\"SearchAction\",\"target\":{\"@type\":\"EntryPoint\",\"urlTemplate\":\"https:\/\/www.ossicolor.it\/de\/?s={search_term_string}\"},\"query-input\":{\"@type\":\"PropertyValueSpecification\",\"valueRequired\":true,\"valueName\":\"search_term_string\"}}],\"inLanguage\":\"de\"}]}<\/script>\n<!-- \/ Yoast SEO Premium plugin. -->","yoast_head_json":{"title":"Griffe Ossicolor","robots":{"index":"index","follow":"follow","max-snippet":"max-snippet:-1","max-image-preview":"max-image-preview:large","max-video-preview":"max-video-preview:-1"},"canonical":"https:\/\/www.ossicolor.it\/de\/griffe-ossicolor\/","og_locale":"de_DE","og_type":"article","og_title":"Maniglie","og_description":"Griffe Gefertigt aus Aluminiumprofilen, gefolgt von einem CNC-Bearbeitungsprozess zur finalen Individualisierung, bieten die Griffe eine breite Palette an Designl\u00f6sungen und gew\u00e4hrleisten Ihnen eine unkomplizierte Installation. Die Griffe sind in verschiedenen, individuell anpassbaren L\u00e4ngen erh\u00e4ltlich und das Ergebnis eines vollst\u00e4ndigen Produktionszyklus, der mechanische Bearbeitungen auf modernen CNC-Zentren, B\u00fcrst- und Polierprozesse sowie schlie\u00dflich Anodisierung oder Lackierung umfasst. [&hellip;]","og_url":"https:\/\/www.ossicolor.it\/de\/griffe-ossicolor\/","og_site_name":"Ossicolor","article_modified_time":"2026-01-27T10:39:05+00:00","og_image":[{"width":800,"height":800,"url":"https:\/\/www.ossicolor.it\/wp-content\/uploads\/2024\/04\/maniglie-alluminio-cucina-ossicolor.jpg","type":"image\/jpeg"}],"twitter_card":"summary_large_image","twitter_misc":{"Gesch\u00e4tzte Lesezeit":"1\u00a0Minute"},"schema":{"@context":"https:\/\/schema.org","@graph":[{"@type":"WebPage","@id":"https:\/\/www.ossicolor.it\/de\/griffe-ossicolor\/","url":"https:\/\/www.ossicolor.it\/de\/griffe-ossicolor\/","name":"Griffe Ossicolor","isPartOf":{"@id":"https:\/\/www.ossicolor.it\/de\/#website"},"primaryImageOfPage":{"@id":"https:\/\/www.ossicolor.it\/de\/griffe-ossicolor\/#primaryimage"},"image":{"@id":"https:\/\/www.ossicolor.it\/de\/griffe-ossicolor\/#primaryimage"},"thumbnailUrl":"https:\/\/www.ossicolor.it\/wp-content\/uploads\/2024\/04\/maniglie-alluminio-cucina-ossicolor.jpg","datePublished":"2024-04-08T14:55:34+00:00","dateModified":"2026-01-27T10:39:05+00:00","breadcrumb":{"@id":"https:\/\/www.ossicolor.it\/de\/griffe-ossicolor\/#breadcrumb"},"inLanguage":"de","potentialAction":[{"@type":"ReadAction","target":["https:\/\/www.ossicolor.it\/de\/griffe-ossicolor\/"]}]},{"@type":"ImageObject","inLanguage":"de","@id":"https:\/\/www.ossicolor.it\/de\/griffe-ossicolor\/#primaryimage","url":"https:\/\/www.ossicolor.it\/wp-content\/uploads\/2024\/04\/maniglie-alluminio-cucina-ossicolor.jpg","contentUrl":"https:\/\/www.ossicolor.it\/wp-content\/uploads\/2024\/04\/maniglie-alluminio-cucina-ossicolor.jpg","width":800,"height":800,"caption":"Un\u2019ampia selezione di maniglie in alluminio Ossicolor: estetica e funzionalit\u00e0 per cucine moderne"},{"@type":"BreadcrumbList","@id":"https:\/\/www.ossicolor.it\/de\/griffe-ossicolor\/#breadcrumb","itemListElement":[{"@type":"ListItem","position":1,"name":"Home","item":"https:\/\/www.ossicolor.it\/de\/"},{"@type":"ListItem","position":2,"name":"Maniglie"}]},{"@type":"WebSite","@id":"https:\/\/www.ossicolor.it\/de\/#website","url":"https:\/\/www.ossicolor.it\/de\/","name":"Ossicolor","description":"","potentialAction":[{"@type":"SearchAction","target":{"@type":"EntryPoint","urlTemplate":"https:\/\/www.ossicolor.it\/de\/?s={search_term_string}"},"query-input":{"@type":"PropertyValueSpecification","valueRequired":true,"valueName":"search_term_string"}}],"inLanguage":"de"}]}},"_links":{"self":[{"href":"https:\/\/www.ossicolor.it\/de\/wp-json\/wp\/v2\/pages\/20974","targetHints":{"allow":["GET"]}}],"collection":[{"href":"https:\/\/www.ossicolor.it\/de\/wp-json\/wp\/v2\/pages"}],"about":[{"href":"https:\/\/www.ossicolor.it\/de\/wp-json\/wp\/v2\/types\/page"}],"author":[{"embeddable":true,"href":"https:\/\/www.ossicolor.it\/de\/wp-json\/wp\/v2\/users\/1"}],"replies":[{"embeddable":true,"href":"https:\/\/www.ossicolor.it\/de\/wp-json\/wp\/v2\/comments?post=20974"}],"version-history":[{"count":11,"href":"https:\/\/www.ossicolor.it\/de\/wp-json\/wp\/v2\/pages\/20974\/revisions"}],"predecessor-version":[{"id":27039,"href":"https:\/\/www.ossicolor.it\/de\/wp-json\/wp\/v2\/pages\/20974\/revisions\/27039"}],"wp:featuredmedia":[{"embeddable":true,"href":"https:\/\/www.ossicolor.it\/de\/wp-json\/wp\/v2\/media\/7604"}],"wp:attachment":[{"href":"https:\/\/www.ossicolor.it\/de\/wp-json\/wp\/v2\/media?parent=20974"}],"curies":[{"name":"wp","href":"https:\/\/api.w.org\/{rel}","templated":true}]}}