{"id":20971,"date":"2024-09-26T22:14:13","date_gmt":"2024-09-26T20:14:13","guid":{"rendered":"https:\/\/www.ossicolor.it\/luke\/"},"modified":"2026-03-31T11:25:25","modified_gmt":"2026-03-31T09:25:25","slug":"luke","status":"publish","type":"page","link":"https:\/\/www.ossicolor.it\/de\/luke\/","title":{"rendered":"Luke"},"content":{"rendered":"\t\t<div data-elementor-type=\"wp-page\" data-elementor-id=\"20971\" class=\"elementor elementor-20971 elementor-6130\" data-elementor-post-type=\"page\">\n\t\t\t\t<div class=\"elementor-element elementor-element-8c1a093 e-con-full e-flex e-con e-parent\" data-id=\"8c1a093\" data-element_type=\"container\" data-e-type=\"container\" data-settings=\"{&quot;background_background&quot;:&quot;classic&quot;,&quot;jet_parallax_layout_list&quot;:[]}\">\n\t\t<div class=\"elementor-element elementor-element-bd3e666 e-con-full e-flex elementor-invisible e-con e-child\" data-id=\"bd3e666\" data-element_type=\"container\" data-e-type=\"container\" data-settings=\"{&quot;jet_parallax_layout_list&quot;:[],&quot;animation&quot;:&quot;fadeInUp&quot;}\">\n\t\t\t\t<div class=\"elementor-element elementor-element-0fd7b7c exad-sticky-section-no exad-glass-effect-no elementor-widget elementor-widget-heading\" data-id=\"0fd7b7c\" data-element_type=\"widget\" data-e-type=\"widget\" data-widget_type=\"heading.default\">\n\t\t\t\t\t<h2 class=\"elementor-heading-title elementor-size-default\">Luke<\/h2>\t\t\t\t<\/div>\n\t\t\t\t<div class=\"elementor-element elementor-element-fd7e364 elementor-widget__width-initial elementor-widget-tablet__width-initial elementor-widget-mobile__width-initial exad-sticky-section-no exad-glass-effect-no elementor-widget elementor-widget-text-editor\" data-id=\"fd7e364\" data-element_type=\"widget\" data-e-type=\"widget\" data-widget_type=\"text-editor.default\">\n\t\t\t\t\t\t\t\t\t<p>Luke ist eine Lampe, die f\u00fcr die Installation an vertikalen Gola Profile oder an der Wand konzipiert wurde. Ihr modernes und minimalistisches Design macht diese Lampe perfekt f\u00fcr jeden Raum im Haus, da sie sich an jeden Stil anpasst und einen Hauch von Eleganz verleiht.<br \/>Luke ist in zwei Versionen erh\u00e4ltlich: eine kompakte Einzelausf\u00fchrung, die f\u00fcr die Installation am oberen Ende der vertikalen Gola Profilen gedacht ist, und eine doppelte Ausf\u00fchrung mit schlankem, verl\u00e4ngertem Design, die auch f\u00fcr W\u00e4nde geeignet ist.<br \/>Vielseitig und funktional ist Luke die ideale Wahl f\u00fcr alle, die eine Designerbeleuchtung suchen.<br \/>Luke kann in unsere vertikalen Gola Profile SI.12014 \u2013 SI.12015, SI.6920 \u2013 SI.6922, SI.7542 \u2013 SI.7543 integriert werden.<\/p>\t\t\t\t\t\t\t\t<\/div>\n\t\t\t\t<div class=\"elementor-element elementor-element-0b08ab0 exad-sticky-section-no exad-glass-effect-no elementor-widget elementor-widget-text-editor\" data-id=\"0b08ab0\" data-element_type=\"widget\" data-e-type=\"widget\" data-widget_type=\"text-editor.default\">\n\t\t\t\t\t\t\t\t\t<p>Design by Michele Marcon<\/p>\t\t\t\t\t\t\t\t<\/div>\n\t\t\t\t<\/div>\n\t\t<div class=\"elementor-element elementor-element-2e2adde e-con-full e-flex e-con e-child\" data-id=\"2e2adde\" data-element_type=\"container\" data-e-type=\"container\" data-settings=\"{&quot;jet_parallax_layout_list&quot;:[]}\">\n\t\t\t\t<div class=\"elementor-element elementor-element-b64a170 elementor-position-inline-start elementor-mobile-position-inline-start elementor-view-default exad-sticky-section-no exad-glass-effect-no elementor-widget elementor-widget-icon-box\" data-id=\"b64a170\" data-element_type=\"widget\" data-e-type=\"widget\" data-widget_type=\"icon-box.default\">\n\t\t\t\t\t\t\t<div class=\"elementor-icon-box-wrapper\">\n\n\t\t\t\t\t\t<div class=\"elementor-icon-box-icon\">\n\t\t\t\t<a href=\"https:\/\/www.ossicolor.it\/wp-content\/uploads\/2025\/03\/Luke-Ossicolor-Design.pdf\" target=\"_blank\" class=\"elementor-icon\" tabindex=\"-1\" aria-label=\"luke\">\n\t\t\t\t<i aria-hidden=\"true\" class=\"lnr lnr-book\"><\/i>\t\t\t\t<\/a>\n\t\t\t<\/div>\n\t\t\t\n\t\t\t\t\t\t<div class=\"elementor-icon-box-content\">\n\n\t\t\t\t\t\t\t\t\t<h3 class=\"elementor-icon-box-title\">\n\t\t\t\t\t\t<a href=\"https:\/\/www.ossicolor.it\/wp-content\/uploads\/2025\/03\/Luke-Ossicolor-Design.pdf\" target=\"_blank\" >\n\t\t\t\t\t\t\tluke\t\t\t\t\t\t<\/a>\n\t\t\t\t\t<\/h3>\n\t\t\t\t\n\t\t\t\t\n\t\t\t<\/div>\n\t\t\t\n\t\t<\/div>\n\t\t\t\t\t\t<\/div>\n\t\t\t\t<div class=\"elementor-element elementor-element-ba982a4 elementor-position-inline-start elementor-mobile-position-inline-start elementor-view-default exad-sticky-section-no exad-glass-effect-no elementor-widget elementor-widget-icon-box\" data-id=\"ba982a4\" data-element_type=\"widget\" data-e-type=\"widget\" data-widget_type=\"icon-box.default\">\n\t\t\t\t\t\t\t<div class=\"elementor-icon-box-wrapper\">\n\n\t\t\t\t\t\t<div class=\"elementor-icon-box-icon\">\n\t\t\t\t<a href=\"https:\/\/www.ossicolor.it\/wp-content\/uploads\/2025\/03\/catalogo-design-ossicolor.pdf\" target=\"_blank\" class=\"elementor-icon\" tabindex=\"-1\" aria-label=\"Katalog whonaccessoires\">\n\t\t\t\t<i aria-hidden=\"true\" class=\"lnr lnr-book\"><\/i>\t\t\t\t<\/a>\n\t\t\t<\/div>\n\t\t\t\n\t\t\t\t\t\t<div class=\"elementor-icon-box-content\">\n\n\t\t\t\t\t\t\t\t\t<h3 class=\"elementor-icon-box-title\">\n\t\t\t\t\t\t<a href=\"https:\/\/www.ossicolor.it\/wp-content\/uploads\/2025\/03\/catalogo-design-ossicolor.pdf\" target=\"_blank\" >\n\t\t\t\t\t\t\tKatalog whonaccessoires\t\t\t\t\t\t<\/a>\n\t\t\t\t\t<\/h3>\n\t\t\t\t\n\t\t\t\t\n\t\t\t<\/div>\n\t\t\t\n\t\t<\/div>\n\t\t\t\t\t\t<\/div>\n\t\t\t\t<\/div>\n\t\t\t\t<\/div>\n\t\t<div class=\"elementor-element elementor-element-b1b4633 e-con-full e-flex e-con e-parent\" data-id=\"b1b4633\" data-element_type=\"container\" data-e-type=\"container\" data-settings=\"{&quot;background_background&quot;:&quot;classic&quot;,&quot;jet_parallax_layout_list&quot;:[]}\">\n\t\t<div class=\"elementor-element elementor-element-c7e15b8 e-con-full e-flex e-con e-child\" data-id=\"c7e15b8\" data-element_type=\"container\" data-e-type=\"container\" data-settings=\"{&quot;background_background&quot;:&quot;classic&quot;,&quot;jet_parallax_layout_list&quot;:[]}\">\n\t\t<div class=\"elementor-element elementor-element-b443fe6 e-flex e-con-boxed e-con e-child\" data-id=\"b443fe6\" data-element_type=\"container\" data-e-type=\"container\" data-settings=\"{&quot;jet_parallax_layout_list&quot;:[]}\">\n\t\t\t\t\t<div class=\"e-con-inner\">\n\t\t\t\t<div class=\"elementor-element elementor-element-9fa2138 exad-sticky-section-no exad-glass-effect-no elementor-invisible elementor-widget elementor-widget-image\" data-id=\"9fa2138\" data-element_type=\"widget\" data-e-type=\"widget\" data-settings=\"{&quot;_animation&quot;:&quot;slideInLeft&quot;}\" data-widget_type=\"image.default\">\n\t\t\t\t\t\t\t\t\t\t\t\t\t\t\t<img fetchpriority=\"high\" decoding=\"async\" width=\"800\" height=\"800\" src=\"https:\/\/www.ossicolor.it\/wp-content\/uploads\/2024\/09\/luke-lampada-gole-verticali-ossicolor.jpg\" class=\"attachment-full size-full wp-image-17956\" alt=\"Primo piano della lampada LUKE inserita in una gola verticale nera tra due ante grigie.\" srcset=\"https:\/\/www.ossicolor.it\/wp-content\/uploads\/2024\/09\/luke-lampada-gole-verticali-ossicolor.jpg 800w, https:\/\/www.ossicolor.it\/wp-content\/uploads\/2024\/09\/luke-lampada-gole-verticali-ossicolor-300x300.jpg 300w, https:\/\/www.ossicolor.it\/wp-content\/uploads\/2024\/09\/luke-lampada-gole-verticali-ossicolor-150x150.jpg 150w, https:\/\/www.ossicolor.it\/wp-content\/uploads\/2024\/09\/luke-lampada-gole-verticali-ossicolor-768x768.jpg 768w\" sizes=\"(max-width: 800px) 100vw, 800px\" \/>\t\t\t\t\t\t\t\t\t\t\t\t\t\t\t<\/div>\n\t\t\t\t\t<\/div>\n\t\t\t\t<\/div>\n\t\t<div class=\"elementor-element elementor-element-fcf9a76 e-flex e-con-boxed elementor-invisible e-con e-child\" data-id=\"fcf9a76\" data-element_type=\"container\" data-e-type=\"container\" data-settings=\"{&quot;jet_parallax_layout_list&quot;:[],&quot;animation&quot;:&quot;slideInRight&quot;}\">\n\t\t\t\t\t<div class=\"e-con-inner\">\n\t\t\t\t<div class=\"elementor-element elementor-element-9f3fbb5 exad-sticky-section-no exad-glass-effect-no elementor-widget elementor-widget-image\" data-id=\"9f3fbb5\" data-element_type=\"widget\" data-e-type=\"widget\" data-widget_type=\"image.default\">\n\t\t\t\t\t\t\t\t\t\t\t\t\t\t\t<img decoding=\"async\" width=\"800\" height=\"800\" src=\"https:\/\/www.ossicolor.it\/wp-content\/uploads\/2025\/04\/cucina-luke-illuminazione-gola.jpg\" class=\"attachment-large size-large wp-image-22209\" alt=\"Cucina moderna con illuminazione integrata nei profili gola verticali.\" srcset=\"https:\/\/www.ossicolor.it\/wp-content\/uploads\/2025\/04\/cucina-luke-illuminazione-gola.jpg 800w, https:\/\/www.ossicolor.it\/wp-content\/uploads\/2025\/04\/cucina-luke-illuminazione-gola-300x300.jpg 300w, https:\/\/www.ossicolor.it\/wp-content\/uploads\/2025\/04\/cucina-luke-illuminazione-gola-150x150.jpg 150w, https:\/\/www.ossicolor.it\/wp-content\/uploads\/2025\/04\/cucina-luke-illuminazione-gola-768x768.jpg 768w\" sizes=\"(max-width: 800px) 100vw, 800px\" \/>\t\t\t\t\t\t\t\t\t\t\t\t\t\t\t<\/div>\n\t\t\t\t\t<\/div>\n\t\t\t\t<\/div>\n\t\t\t\t<\/div>\n\t\t<div class=\"elementor-element elementor-element-ed60f9a e-con-full e-flex e-con e-child\" data-id=\"ed60f9a\" data-element_type=\"container\" data-e-type=\"container\" data-settings=\"{&quot;background_background&quot;:&quot;classic&quot;,&quot;jet_parallax_layout_list&quot;:[]}\">\n\t\t<div class=\"elementor-element elementor-element-fd8d373 e-flex e-con-boxed e-con e-child\" data-id=\"fd8d373\" data-element_type=\"container\" data-e-type=\"container\" data-settings=\"{&quot;jet_parallax_layout_list&quot;:[]}\">\n\t\t\t\t\t<div class=\"e-con-inner\">\n\t\t\t\t<div class=\"elementor-element elementor-element-390f493 elementor-align-center exad-sticky-section-no exad-glass-effect-no elementor-widget elementor-widget-button\" data-id=\"390f493\" data-element_type=\"widget\" data-e-type=\"widget\" data-widget_type=\"button.default\">\n\t\t\t\t\t\t\t\t\t\t<a class=\"elementor-button elementor-button-link elementor-size-md\" href=\"https:\/\/www.ossicolor.it\/de\/wohnaccessoires\/\">\n\t\t\t\t\t\t<span class=\"elementor-button-content-wrapper\">\n\t\t\t\t\t\t<span class=\"elementor-button-icon\">\n\t\t\t\t<i aria-hidden=\"true\" class=\" ti-layout-grid3-alt\"><\/i>\t\t\t<\/span>\n\t\t\t\t\t\t\t\t\t<span class=\"elementor-button-text\">Whonaccessoires<\/span>\n\t\t\t\t\t<\/span>\n\t\t\t\t\t<\/a>\n\t\t\t\t\t\t\t\t<\/div>\n\t\t\t\t\t<\/div>\n\t\t\t\t<\/div>\n\t\t\t\t<\/div>\n\t\t\t\t<\/div>\n\t\t<div class=\"elementor-element elementor-element-a439f27 e-con-full e-flex e-con e-parent\" data-id=\"a439f27\" data-element_type=\"container\" data-e-type=\"container\" data-settings=\"{&quot;jet_parallax_layout_list&quot;:[]}\">\n\t\t\t\t<div class=\"elementor-element elementor-element-8c21517 exad-sticky-section-no exad-glass-effect-no elementor-widget elementor-widget-text-editor\" data-id=\"8c21517\" data-element_type=\"widget\" data-e-type=\"widget\" data-widget_type=\"text-editor.default\">\n\t\t\t\t\t\t\t\t\t<h3>M\u00f6chten Sie mehr \u00fcber unsere Designprodukte erfahren?<\/h3>\n\t\t\t\t\t\t\t\t<\/div>\n\t\t\t\t<div class=\"elementor-element elementor-element-29e78c9 elementor-align-center exad-sticky-section-no exad-glass-effect-no elementor-widget elementor-widget-button\" data-id=\"29e78c9\" data-element_type=\"widget\" data-e-type=\"widget\" data-widget_type=\"button.default\">\n\t\t\t\t\t\t\t\t\t\t<a class=\"elementor-button elementor-button-link elementor-size-sm\" href=\"https:\/\/www.ossicolor.it\/de\/kontakte\/\">\n\t\t\t\t\t\t<span class=\"elementor-button-content-wrapper\">\n\t\t\t\t\t\t\t\t\t<span class=\"elementor-button-text\">Kontaktieren Sie uns<\/span>\n\t\t\t\t\t<\/span>\n\t\t\t\t\t<\/a>\n\t\t\t\t\t\t\t\t<\/div>\n\t\t\t\t<\/div>\n\t\t\t\t<\/div>\n\t\t","protected":false},"excerpt":{"rendered":"<p>Luke Luke ist eine Lampe, die f\u00fcr die Installation an vertikalen Gola Profile oder an der Wand konzipiert wurde. Ihr modernes und minimalistisches Design macht diese Lampe perfekt f\u00fcr jeden Raum im Haus, da sie sich an jeden Stil anpasst und einen Hauch von Eleganz verleiht.Luke ist in zwei Versionen erh\u00e4ltlich: eine kompakte Einzelausf\u00fchrung, die [&hellip;]<\/p>\n","protected":false},"author":1,"featured_media":20972,"parent":0,"menu_order":0,"comment_status":"closed","ping_status":"closed","template":"","meta":{"_monsterinsights_skip_tracking":false,"_monsterinsights_sitenote_active":false,"_monsterinsights_sitenote_note":"","_monsterinsights_sitenote_category":0,"footnotes":""},"class_list":["post-20971","page","type-page","status-publish","has-post-thumbnail","hentry"],"yoast_head":"<!-- This site is optimized with the Yoast SEO Premium plugin v27.2 (Yoast SEO v27.2) - https:\/\/yoast.com\/product\/yoast-seo-premium-wordpress\/ -->\n<title>Luke - Ossicolor<\/title>\n<meta name=\"robots\" content=\"index, follow, max-snippet:-1, max-image-preview:large, max-video-preview:-1\" \/>\n<link rel=\"canonical\" href=\"https:\/\/www.ossicolor.it\/de\/luke\/\" \/>\n<meta property=\"og:locale\" content=\"de_DE\" \/>\n<meta property=\"og:type\" content=\"article\" \/>\n<meta property=\"og:title\" content=\"Luke\" \/>\n<meta property=\"og:description\" content=\"Luke Luke ist eine Lampe, die f\u00fcr die Installation an vertikalen Gola Profile oder an der Wand konzipiert wurde. Ihr modernes und minimalistisches Design macht diese Lampe perfekt f\u00fcr jeden Raum im Haus, da sie sich an jeden Stil anpasst und einen Hauch von Eleganz verleiht.Luke ist in zwei Versionen erh\u00e4ltlich: eine kompakte Einzelausf\u00fchrung, die [&hellip;]\" \/>\n<meta property=\"og:url\" content=\"https:\/\/www.ossicolor.it\/de\/luke\/\" \/>\n<meta property=\"og:site_name\" content=\"Ossicolor\" \/>\n<meta property=\"article:modified_time\" content=\"2026-03-31T09:25:25+00:00\" \/>\n<meta property=\"og:image\" content=\"https:\/\/www.ossicolor.it\/wp-content\/uploads\/2024\/10\/luke-lampada-per-gole-verticali-ossicolor.jpg\" \/>\n\t<meta property=\"og:image:width\" content=\"800\" \/>\n\t<meta property=\"og:image:height\" content=\"800\" \/>\n\t<meta property=\"og:image:type\" content=\"image\/jpeg\" \/>\n<meta name=\"twitter:card\" content=\"summary_large_image\" \/>\n<meta name=\"twitter:label1\" content=\"Gesch\u00e4tzte Lesezeit\" \/>\n\t<meta name=\"twitter:data1\" content=\"1\u00a0Minute\" \/>\n<script type=\"application\/ld+json\" class=\"yoast-schema-graph\">{\"@context\":\"https:\/\/schema.org\",\"@graph\":[{\"@type\":\"WebPage\",\"@id\":\"https:\/\/www.ossicolor.it\/de\/luke\/\",\"url\":\"https:\/\/www.ossicolor.it\/de\/luke\/\",\"name\":\"Luke - Ossicolor\",\"isPartOf\":{\"@id\":\"https:\/\/www.ossicolor.it\/de\/#website\"},\"primaryImageOfPage\":{\"@id\":\"https:\/\/www.ossicolor.it\/de\/luke\/#primaryimage\"},\"image\":{\"@id\":\"https:\/\/www.ossicolor.it\/de\/luke\/#primaryimage\"},\"thumbnailUrl\":\"https:\/\/www.ossicolor.it\/wp-content\/uploads\/2024\/10\/luke-lampada-per-gole-verticali-ossicolor.jpg\",\"datePublished\":\"2024-09-26T20:14:13+00:00\",\"dateModified\":\"2026-03-31T09:25:25+00:00\",\"breadcrumb\":{\"@id\":\"https:\/\/www.ossicolor.it\/de\/luke\/#breadcrumb\"},\"inLanguage\":\"de\",\"potentialAction\":[{\"@type\":\"ReadAction\",\"target\":[\"https:\/\/www.ossicolor.it\/de\/luke\/\"]}]},{\"@type\":\"ImageObject\",\"inLanguage\":\"de\",\"@id\":\"https:\/\/www.ossicolor.it\/de\/luke\/#primaryimage\",\"url\":\"https:\/\/www.ossicolor.it\/wp-content\/uploads\/2024\/10\/luke-lampada-per-gole-verticali-ossicolor.jpg\",\"contentUrl\":\"https:\/\/www.ossicolor.it\/wp-content\/uploads\/2024\/10\/luke-lampada-per-gole-verticali-ossicolor.jpg\",\"width\":800,\"height\":800,\"caption\":\"LUKE illumina il dettaglio. Il sistema LED integrato nelle gole verticali dona carattere e funzionalit\u00e0 al design.\"},{\"@type\":\"BreadcrumbList\",\"@id\":\"https:\/\/www.ossicolor.it\/de\/luke\/#breadcrumb\",\"itemListElement\":[{\"@type\":\"ListItem\",\"position\":1,\"name\":\"Home\",\"item\":\"https:\/\/www.ossicolor.it\/de\/\"},{\"@type\":\"ListItem\",\"position\":2,\"name\":\"Luke\"}]},{\"@type\":\"WebSite\",\"@id\":\"https:\/\/www.ossicolor.it\/de\/#website\",\"url\":\"https:\/\/www.ossicolor.it\/de\/\",\"name\":\"Ossicolor\",\"description\":\"\",\"potentialAction\":[{\"@type\":\"SearchAction\",\"target\":{\"@type\":\"EntryPoint\",\"urlTemplate\":\"https:\/\/www.ossicolor.it\/de\/?s={search_term_string}\"},\"query-input\":{\"@type\":\"PropertyValueSpecification\",\"valueRequired\":true,\"valueName\":\"search_term_string\"}}],\"inLanguage\":\"de\"}]}<\/script>\n<!-- \/ Yoast SEO Premium plugin. -->","yoast_head_json":{"title":"Luke - Ossicolor","robots":{"index":"index","follow":"follow","max-snippet":"max-snippet:-1","max-image-preview":"max-image-preview:large","max-video-preview":"max-video-preview:-1"},"canonical":"https:\/\/www.ossicolor.it\/de\/luke\/","og_locale":"de_DE","og_type":"article","og_title":"Luke","og_description":"Luke Luke ist eine Lampe, die f\u00fcr die Installation an vertikalen Gola Profile oder an der Wand konzipiert wurde. Ihr modernes und minimalistisches Design macht diese Lampe perfekt f\u00fcr jeden Raum im Haus, da sie sich an jeden Stil anpasst und einen Hauch von Eleganz verleiht.Luke ist in zwei Versionen erh\u00e4ltlich: eine kompakte Einzelausf\u00fchrung, die [&hellip;]","og_url":"https:\/\/www.ossicolor.it\/de\/luke\/","og_site_name":"Ossicolor","article_modified_time":"2026-03-31T09:25:25+00:00","og_image":[{"width":800,"height":800,"url":"https:\/\/www.ossicolor.it\/wp-content\/uploads\/2024\/10\/luke-lampada-per-gole-verticali-ossicolor.jpg","type":"image\/jpeg"}],"twitter_card":"summary_large_image","twitter_misc":{"Gesch\u00e4tzte Lesezeit":"1\u00a0Minute"},"schema":{"@context":"https:\/\/schema.org","@graph":[{"@type":"WebPage","@id":"https:\/\/www.ossicolor.it\/de\/luke\/","url":"https:\/\/www.ossicolor.it\/de\/luke\/","name":"Luke - Ossicolor","isPartOf":{"@id":"https:\/\/www.ossicolor.it\/de\/#website"},"primaryImageOfPage":{"@id":"https:\/\/www.ossicolor.it\/de\/luke\/#primaryimage"},"image":{"@id":"https:\/\/www.ossicolor.it\/de\/luke\/#primaryimage"},"thumbnailUrl":"https:\/\/www.ossicolor.it\/wp-content\/uploads\/2024\/10\/luke-lampada-per-gole-verticali-ossicolor.jpg","datePublished":"2024-09-26T20:14:13+00:00","dateModified":"2026-03-31T09:25:25+00:00","breadcrumb":{"@id":"https:\/\/www.ossicolor.it\/de\/luke\/#breadcrumb"},"inLanguage":"de","potentialAction":[{"@type":"ReadAction","target":["https:\/\/www.ossicolor.it\/de\/luke\/"]}]},{"@type":"ImageObject","inLanguage":"de","@id":"https:\/\/www.ossicolor.it\/de\/luke\/#primaryimage","url":"https:\/\/www.ossicolor.it\/wp-content\/uploads\/2024\/10\/luke-lampada-per-gole-verticali-ossicolor.jpg","contentUrl":"https:\/\/www.ossicolor.it\/wp-content\/uploads\/2024\/10\/luke-lampada-per-gole-verticali-ossicolor.jpg","width":800,"height":800,"caption":"LUKE illumina il dettaglio. Il sistema LED integrato nelle gole verticali dona carattere e funzionalit\u00e0 al design."},{"@type":"BreadcrumbList","@id":"https:\/\/www.ossicolor.it\/de\/luke\/#breadcrumb","itemListElement":[{"@type":"ListItem","position":1,"name":"Home","item":"https:\/\/www.ossicolor.it\/de\/"},{"@type":"ListItem","position":2,"name":"Luke"}]},{"@type":"WebSite","@id":"https:\/\/www.ossicolor.it\/de\/#website","url":"https:\/\/www.ossicolor.it\/de\/","name":"Ossicolor","description":"","potentialAction":[{"@type":"SearchAction","target":{"@type":"EntryPoint","urlTemplate":"https:\/\/www.ossicolor.it\/de\/?s={search_term_string}"},"query-input":{"@type":"PropertyValueSpecification","valueRequired":true,"valueName":"search_term_string"}}],"inLanguage":"de"}]}},"_links":{"self":[{"href":"https:\/\/www.ossicolor.it\/de\/wp-json\/wp\/v2\/pages\/20971","targetHints":{"allow":["GET"]}}],"collection":[{"href":"https:\/\/www.ossicolor.it\/de\/wp-json\/wp\/v2\/pages"}],"about":[{"href":"https:\/\/www.ossicolor.it\/de\/wp-json\/wp\/v2\/types\/page"}],"author":[{"embeddable":true,"href":"https:\/\/www.ossicolor.it\/de\/wp-json\/wp\/v2\/users\/1"}],"replies":[{"embeddable":true,"href":"https:\/\/www.ossicolor.it\/de\/wp-json\/wp\/v2\/comments?post=20971"}],"version-history":[{"count":19,"href":"https:\/\/www.ossicolor.it\/de\/wp-json\/wp\/v2\/pages\/20971\/revisions"}],"predecessor-version":[{"id":27902,"href":"https:\/\/www.ossicolor.it\/de\/wp-json\/wp\/v2\/pages\/20971\/revisions\/27902"}],"wp:featuredmedia":[{"embeddable":true,"href":"https:\/\/www.ossicolor.it\/de\/wp-json\/wp\/v2\/media\/20972"}],"wp:attachment":[{"href":"https:\/\/www.ossicolor.it\/de\/wp-json\/wp\/v2\/media?parent=20971"}],"curies":[{"name":"wp","href":"https:\/\/api.w.org\/{rel}","templated":true}]}}