{"id":20967,"date":"2024-04-12T12:12:02","date_gmt":"2024-04-12T10:12:02","guid":{"rendered":"https:\/\/www.ossicolor.it\/jazz\/"},"modified":"2026-03-31T11:23:54","modified_gmt":"2026-03-31T09:23:54","slug":"jazz","status":"publish","type":"page","link":"https:\/\/www.ossicolor.it\/de\/jazz\/","title":{"rendered":"Jazz"},"content":{"rendered":"\t\t<div data-elementor-type=\"wp-page\" data-elementor-id=\"20967\" class=\"elementor elementor-20967 elementor-1405\" data-elementor-post-type=\"page\">\n\t\t\t\t<div class=\"elementor-element elementor-element-77a58c71 e-con-full e-flex e-con e-parent\" data-id=\"77a58c71\" data-element_type=\"container\" data-e-type=\"container\" data-settings=\"{&quot;background_background&quot;:&quot;classic&quot;,&quot;jet_parallax_layout_list&quot;:[]}\">\n\t\t<div class=\"elementor-element elementor-element-b1e0e67 e-con-full e-flex elementor-invisible e-con e-child\" data-id=\"b1e0e67\" data-element_type=\"container\" data-e-type=\"container\" data-settings=\"{&quot;jet_parallax_layout_list&quot;:[],&quot;animation&quot;:&quot;fadeInUp&quot;}\">\n\t\t\t\t<div class=\"elementor-element elementor-element-7db18549 exad-sticky-section-no exad-glass-effect-no elementor-widget elementor-widget-heading\" data-id=\"7db18549\" data-element_type=\"widget\" data-e-type=\"widget\" data-widget_type=\"heading.default\">\n\t\t\t\t\t<h2 class=\"elementor-heading-title elementor-size-default\">Jazz<\/h2>\t\t\t\t<\/div>\n\t\t\t\t<div class=\"elementor-element elementor-element-ac4116b elementor-widget__width-initial elementor-widget-tablet__width-initial elementor-widget-mobile__width-initial exad-sticky-section-no exad-glass-effect-no elementor-widget elementor-widget-text-editor\" data-id=\"ac4116b\" data-element_type=\"widget\" data-e-type=\"widget\" data-widget_type=\"text-editor.default\">\n\t\t\t\t\t\t\t\t\t<p>Wenn Sie eine vielseitige Unterst\u00fctzung suchen, die sowohl f\u00fcr die K\u00fcche\/Wohnbereich als auch f\u00fcr das Schlafzimmer ideal ist, dann ist Jazz genau das Richtige f\u00fcr Sie! Dieser Pfosten kann sowohl als Designelement f\u00fcr den Wohnbereich als auch als Struktur f\u00fcr das Schlafzimmer verwendet werden. Dank seiner runden Form und der klaren Linien bietet Ihnen Jazz eine dezente \u00c4sthetik, die sich perfekt in jede Umgebung einf\u00fcgt und Ihnen erm\u00f6glicht, den Minimalismus kompromisslos zu umarmen.  <br \/>Jazz zeichnet sich durch seine F\u00e4higkeit aus, Elemente wie H\u00e4ngeschr\u00e4nke, Regale und Zubeh\u00f6rleisten zu st\u00fctzen und zu organisieren und Ihnen immer volle Funktionalit\u00e4t zu gew\u00e4hrleisten.<br \/>In der Version f\u00fcr den K\u00fcchenbereich wird Jazz in Ihren zuk\u00fcnftigen Projekten eine moderne Interpretation des Raums \u00fcber der Arbeitsplatte darstellen. <br \/>Der Pfosten kann verdoppelt oder vervierfacht werden, was Ihnen eine andere \u00c4sthetik bietet und Ihnen erm\u00f6glicht, ihn als Raumteiler einzusetzen.<br \/>Jazz bietet eine breite Palette von Accessoires: Regale aus Holz und Aluminium, Schubladen, Hosenhalter, Kleiderstangen und vieles mehr. <br \/>Mehr M\u00f6glichkeiten, eine L\u00f6sung: Jazz.<\/p>\n\t\t\t\t\t\t\t\t<\/div>\n\t\t\t\t<div class=\"elementor-element elementor-element-f56adc5 exad-sticky-section-no exad-glass-effect-no elementor-widget elementor-widget-text-editor\" data-id=\"f56adc5\" data-element_type=\"widget\" data-e-type=\"widget\" data-widget_type=\"text-editor.default\">\n\t\t\t\t\t\t\t\t\t<p>Design by Michele Marcon<\/p>\t\t\t\t\t\t\t\t<\/div>\n\t\t\t\t<\/div>\n\t\t<div class=\"elementor-element elementor-element-1418994e e-con-full e-flex e-con e-child\" data-id=\"1418994e\" data-element_type=\"container\" data-e-type=\"container\" data-settings=\"{&quot;jet_parallax_layout_list&quot;:[]}\">\n\t\t\t\t<div class=\"elementor-element elementor-element-2686798d elementor-position-inline-start elementor-mobile-position-inline-start elementor-view-default exad-sticky-section-no exad-glass-effect-no elementor-widget elementor-widget-icon-box\" data-id=\"2686798d\" data-element_type=\"widget\" data-e-type=\"widget\" data-widget_type=\"icon-box.default\">\n\t\t\t\t\t\t\t<div class=\"elementor-icon-box-wrapper\">\n\n\t\t\t\t\t\t<div class=\"elementor-icon-box-icon\">\n\t\t\t\t<a href=\"https:\/\/www.ossicolor.it\/wp-content\/uploads\/2024\/04\/Jazz-Ossicolor-Design.pdf\" target=\"_blank\" class=\"elementor-icon\" tabindex=\"-1\" aria-label=\"jazz\">\n\t\t\t\t<i aria-hidden=\"true\" class=\"lnr lnr-book\"><\/i>\t\t\t\t<\/a>\n\t\t\t<\/div>\n\t\t\t\n\t\t\t\t\t\t<div class=\"elementor-icon-box-content\">\n\n\t\t\t\t\t\t\t\t\t<h3 class=\"elementor-icon-box-title\">\n\t\t\t\t\t\t<a href=\"https:\/\/www.ossicolor.it\/wp-content\/uploads\/2024\/04\/Jazz-Ossicolor-Design.pdf\" target=\"_blank\" >\n\t\t\t\t\t\t\tjazz\t\t\t\t\t\t<\/a>\n\t\t\t\t\t<\/h3>\n\t\t\t\t\n\t\t\t\t\n\t\t\t<\/div>\n\t\t\t\n\t\t<\/div>\n\t\t\t\t\t\t<\/div>\n\t\t\t\t<div class=\"elementor-element elementor-element-30e5a915 elementor-position-inline-start elementor-mobile-position-inline-start elementor-view-default exad-sticky-section-no exad-glass-effect-no elementor-widget elementor-widget-icon-box\" data-id=\"30e5a915\" data-element_type=\"widget\" data-e-type=\"widget\" data-widget_type=\"icon-box.default\">\n\t\t\t\t\t\t\t<div class=\"elementor-icon-box-wrapper\">\n\n\t\t\t\t\t\t<div class=\"elementor-icon-box-icon\">\n\t\t\t\t<a href=\"https:\/\/www.ossicolor.it\/wp-content\/uploads\/2025\/03\/catalogo-design-ossicolor.pdf\" target=\"_blank\" class=\"elementor-icon\" tabindex=\"-1\" aria-label=\"Katalog whonaccessoires\">\n\t\t\t\t<i aria-hidden=\"true\" class=\"lnr lnr-book\"><\/i>\t\t\t\t<\/a>\n\t\t\t<\/div>\n\t\t\t\n\t\t\t\t\t\t<div class=\"elementor-icon-box-content\">\n\n\t\t\t\t\t\t\t\t\t<h3 class=\"elementor-icon-box-title\">\n\t\t\t\t\t\t<a href=\"https:\/\/www.ossicolor.it\/wp-content\/uploads\/2025\/03\/catalogo-design-ossicolor.pdf\" target=\"_blank\" >\n\t\t\t\t\t\t\tKatalog whonaccessoires\t\t\t\t\t\t<\/a>\n\t\t\t\t\t<\/h3>\n\t\t\t\t\n\t\t\t\t\n\t\t\t<\/div>\n\t\t\t\n\t\t<\/div>\n\t\t\t\t\t\t<\/div>\n\t\t\t\t<\/div>\n\t\t\t\t<\/div>\n\t\t<div class=\"elementor-element elementor-element-43a75252 e-con-full e-flex e-con e-parent\" data-id=\"43a75252\" data-element_type=\"container\" data-e-type=\"container\" data-settings=\"{&quot;background_background&quot;:&quot;classic&quot;,&quot;jet_parallax_layout_list&quot;:[]}\">\n\t\t<div class=\"elementor-element elementor-element-4ff2e5c5 e-con-full e-flex e-con e-child\" data-id=\"4ff2e5c5\" data-element_type=\"container\" data-e-type=\"container\" data-settings=\"{&quot;background_background&quot;:&quot;classic&quot;,&quot;jet_parallax_layout_list&quot;:[]}\">\n\t\t<div class=\"elementor-element elementor-element-469a6613 e-flex e-con-boxed e-con e-child\" data-id=\"469a6613\" data-element_type=\"container\" data-e-type=\"container\" data-settings=\"{&quot;jet_parallax_layout_list&quot;:[]}\">\n\t\t\t\t\t<div class=\"e-con-inner\">\n\t\t\t\t<div class=\"elementor-element elementor-element-65e40c52 exad-sticky-section-no exad-glass-effect-no elementor-invisible elementor-widget elementor-widget-image\" data-id=\"65e40c52\" data-element_type=\"widget\" data-e-type=\"widget\" data-settings=\"{&quot;_animation&quot;:&quot;slideInLeft&quot;}\" data-widget_type=\"image.default\">\n\t\t\t\t\t\t\t\t\t\t\t\t\t\t\t<img fetchpriority=\"high\" decoding=\"async\" width=\"800\" height=\"800\" src=\"https:\/\/www.ossicolor.it\/wp-content\/uploads\/2025\/04\/jazz-angolare-ossicolor.jpg\" class=\"attachment-large size-large wp-image-22204\" alt=\"Libreria angolare modulare Jazz di Ossicolor con ripiani in vetro e struttura in alluminio nero.\" srcset=\"https:\/\/www.ossicolor.it\/wp-content\/uploads\/2025\/04\/jazz-angolare-ossicolor.jpg 800w, https:\/\/www.ossicolor.it\/wp-content\/uploads\/2025\/04\/jazz-angolare-ossicolor-300x300.jpg 300w, https:\/\/www.ossicolor.it\/wp-content\/uploads\/2025\/04\/jazz-angolare-ossicolor-150x150.jpg 150w, https:\/\/www.ossicolor.it\/wp-content\/uploads\/2025\/04\/jazz-angolare-ossicolor-768x768.jpg 768w\" sizes=\"(max-width: 800px) 100vw, 800px\" \/>\t\t\t\t\t\t\t\t\t\t\t\t\t\t\t<\/div>\n\t\t\t\t\t<\/div>\n\t\t\t\t<\/div>\n\t\t<div class=\"elementor-element elementor-element-4fa097e5 e-flex e-con-boxed e-con e-child\" data-id=\"4fa097e5\" data-element_type=\"container\" data-e-type=\"container\" data-settings=\"{&quot;jet_parallax_layout_list&quot;:[]}\">\n\t\t\t\t\t<div class=\"e-con-inner\">\n\t\t\t\t<div class=\"elementor-element elementor-element-4fdded67 exad-sticky-section-no exad-glass-effect-no elementor-invisible elementor-widget elementor-widget-image\" data-id=\"4fdded67\" data-element_type=\"widget\" data-e-type=\"widget\" data-settings=\"{&quot;_animation&quot;:&quot;slideInRight&quot;}\" data-widget_type=\"image.default\">\n\t\t\t\t\t\t\t\t\t\t\t\t\t\t\t<img decoding=\"async\" width=\"800\" height=\"800\" src=\"https:\/\/www.ossicolor.it\/wp-content\/uploads\/2024\/04\/Jazz-free-standingS-ossicolor.jpg\" class=\"attachment-large size-large wp-image-8088\" alt=\"Libreria freestanding Jazz Free Standing S Ossicolor in estrusi di alluminio verniciato antracite con ripiani modulari alternati in legno e metallo\" srcset=\"https:\/\/www.ossicolor.it\/wp-content\/uploads\/2024\/04\/Jazz-free-standingS-ossicolor.jpg 800w, https:\/\/www.ossicolor.it\/wp-content\/uploads\/2024\/04\/Jazz-free-standingS-ossicolor-300x300.jpg 300w, https:\/\/www.ossicolor.it\/wp-content\/uploads\/2024\/04\/Jazz-free-standingS-ossicolor-150x150.jpg 150w, https:\/\/www.ossicolor.it\/wp-content\/uploads\/2024\/04\/Jazz-free-standingS-ossicolor-768x768.jpg 768w\" sizes=\"(max-width: 800px) 100vw, 800px\" \/>\t\t\t\t\t\t\t\t\t\t\t\t\t\t\t<\/div>\n\t\t\t\t\t<\/div>\n\t\t\t\t<\/div>\n\t\t\t\t<\/div>\n\t\t<div class=\"elementor-element elementor-element-2d9c8784 e-con-full e-flex e-con e-child\" data-id=\"2d9c8784\" data-element_type=\"container\" data-e-type=\"container\" data-settings=\"{&quot;background_background&quot;:&quot;classic&quot;,&quot;jet_parallax_layout_list&quot;:[]}\">\n\t\t<div class=\"elementor-element elementor-element-3a873062 e-flex e-con-boxed e-con e-child\" data-id=\"3a873062\" data-element_type=\"container\" data-e-type=\"container\" data-settings=\"{&quot;jet_parallax_layout_list&quot;:[]}\">\n\t\t\t\t\t<div class=\"e-con-inner\">\n\t\t\t\t<div class=\"elementor-element elementor-element-4978e008 elementor-align-center exad-sticky-section-no exad-glass-effect-no elementor-widget elementor-widget-button\" data-id=\"4978e008\" data-element_type=\"widget\" data-e-type=\"widget\" data-widget_type=\"button.default\">\n\t\t\t\t\t\t\t\t\t\t<a class=\"elementor-button elementor-button-link elementor-size-md\" href=\"https:\/\/www.ossicolor.it\/de\/wohnaccessoires\/\">\n\t\t\t\t\t\t<span class=\"elementor-button-content-wrapper\">\n\t\t\t\t\t\t<span class=\"elementor-button-icon\">\n\t\t\t\t<i aria-hidden=\"true\" class=\" ti-layout-grid3-alt\"><\/i>\t\t\t<\/span>\n\t\t\t\t\t\t\t\t\t<span class=\"elementor-button-text\">Whonaccessoires<\/span>\n\t\t\t\t\t<\/span>\n\t\t\t\t\t<\/a>\n\t\t\t\t\t\t\t\t<\/div>\n\t\t\t\t\t<\/div>\n\t\t\t\t<\/div>\n\t\t\t\t<\/div>\n\t\t\t\t<\/div>\n\t\t<div class=\"elementor-element elementor-element-1744569c e-con-full e-flex e-con e-parent\" data-id=\"1744569c\" data-element_type=\"container\" data-e-type=\"container\" data-settings=\"{&quot;jet_parallax_layout_list&quot;:[]}\">\n\t\t\t\t<div class=\"elementor-element elementor-element-108e66ff exad-sticky-section-no exad-glass-effect-no elementor-widget elementor-widget-text-editor\" data-id=\"108e66ff\" data-element_type=\"widget\" data-e-type=\"widget\" data-widget_type=\"text-editor.default\">\n\t\t\t\t\t\t\t\t\t<h3>M\u00f6chten Sie mehr \u00fcber unsere Designprodukte erfahren?<\/h3>\n\t\t\t\t\t\t\t\t<\/div>\n\t\t\t\t<div class=\"elementor-element elementor-element-39328239 elementor-align-center exad-sticky-section-no exad-glass-effect-no elementor-widget elementor-widget-button\" data-id=\"39328239\" data-element_type=\"widget\" data-e-type=\"widget\" data-widget_type=\"button.default\">\n\t\t\t\t\t\t\t\t\t\t<a class=\"elementor-button elementor-button-link elementor-size-sm\" href=\"https:\/\/www.ossicolor.it\/de\/kontakte\/\">\n\t\t\t\t\t\t<span class=\"elementor-button-content-wrapper\">\n\t\t\t\t\t\t\t\t\t<span class=\"elementor-button-text\">Kontaktieren Sie uns<\/span>\n\t\t\t\t\t<\/span>\n\t\t\t\t\t<\/a>\n\t\t\t\t\t\t\t\t<\/div>\n\t\t\t\t<\/div>\n\t\t\t\t<\/div>\n\t\t","protected":false},"excerpt":{"rendered":"<p>Jazz Wenn Sie eine vielseitige Unterst\u00fctzung suchen, die sowohl f\u00fcr die K\u00fcche\/Wohnbereich als auch f\u00fcr das Schlafzimmer ideal ist, dann ist Jazz genau das Richtige f\u00fcr Sie! Dieser Pfosten kann sowohl als Designelement f\u00fcr den Wohnbereich als auch als Struktur f\u00fcr das Schlafzimmer verwendet werden. Dank seiner runden Form und der klaren Linien bietet Ihnen [&hellip;]<\/p>\n","protected":false},"author":1,"featured_media":22083,"parent":0,"menu_order":0,"comment_status":"closed","ping_status":"closed","template":"","meta":{"_monsterinsights_skip_tracking":false,"_monsterinsights_sitenote_active":false,"_monsterinsights_sitenote_note":"","_monsterinsights_sitenote_category":0,"footnotes":""},"class_list":["post-20967","page","type-page","status-publish","has-post-thumbnail","hentry"],"yoast_head":"<!-- This site is optimized with the Yoast SEO Premium plugin v27.2 (Yoast SEO v27.2) - https:\/\/yoast.com\/product\/yoast-seo-premium-wordpress\/ -->\n<title>Jazz - Ossicolor<\/title>\n<meta name=\"robots\" content=\"index, follow, max-snippet:-1, max-image-preview:large, max-video-preview:-1\" \/>\n<link rel=\"canonical\" href=\"https:\/\/www.ossicolor.it\/de\/jazz\/\" \/>\n<meta property=\"og:locale\" content=\"de_DE\" \/>\n<meta property=\"og:type\" content=\"article\" \/>\n<meta property=\"og:title\" content=\"Jazz\" \/>\n<meta property=\"og:description\" content=\"Jazz Wenn Sie eine vielseitige Unterst\u00fctzung suchen, die sowohl f\u00fcr die K\u00fcche\/Wohnbereich als auch f\u00fcr das Schlafzimmer ideal ist, dann ist Jazz genau das Richtige f\u00fcr Sie! Dieser Pfosten kann sowohl als Designelement f\u00fcr den Wohnbereich als auch als Struktur f\u00fcr das Schlafzimmer verwendet werden. Dank seiner runden Form und der klaren Linien bietet Ihnen [&hellip;]\" \/>\n<meta property=\"og:url\" content=\"https:\/\/www.ossicolor.it\/de\/jazz\/\" \/>\n<meta property=\"og:site_name\" content=\"Ossicolor\" \/>\n<meta property=\"article:modified_time\" content=\"2026-03-31T09:23:54+00:00\" \/>\n<meta property=\"og:image\" content=\"https:\/\/www.ossicolor.it\/wp-content\/uploads\/2025\/03\/jazz-con-cassettiere-osicolor-design.jpg\" \/>\n\t<meta property=\"og:image:width\" content=\"800\" \/>\n\t<meta property=\"og:image:height\" content=\"800\" \/>\n\t<meta property=\"og:image:type\" content=\"image\/jpeg\" \/>\n<meta name=\"twitter:card\" content=\"summary_large_image\" \/>\n<meta name=\"twitter:label1\" content=\"Gesch\u00e4tzte Lesezeit\" \/>\n\t<meta name=\"twitter:data1\" content=\"2\u00a0Minuten\" \/>\n<script type=\"application\/ld+json\" class=\"yoast-schema-graph\">{\"@context\":\"https:\/\/schema.org\",\"@graph\":[{\"@type\":\"WebPage\",\"@id\":\"https:\/\/www.ossicolor.it\/de\/jazz\/\",\"url\":\"https:\/\/www.ossicolor.it\/de\/jazz\/\",\"name\":\"Jazz - Ossicolor\",\"isPartOf\":{\"@id\":\"https:\/\/www.ossicolor.it\/de\/#website\"},\"primaryImageOfPage\":{\"@id\":\"https:\/\/www.ossicolor.it\/de\/jazz\/#primaryimage\"},\"image\":{\"@id\":\"https:\/\/www.ossicolor.it\/de\/jazz\/#primaryimage\"},\"thumbnailUrl\":\"https:\/\/www.ossicolor.it\/wp-content\/uploads\/2025\/03\/jazz-con-cassettiere-osicolor-design.jpg\",\"datePublished\":\"2024-04-12T10:12:02+00:00\",\"dateModified\":\"2026-03-31T09:23:54+00:00\",\"breadcrumb\":{\"@id\":\"https:\/\/www.ossicolor.it\/de\/jazz\/#breadcrumb\"},\"inLanguage\":\"de\",\"potentialAction\":[{\"@type\":\"ReadAction\",\"target\":[\"https:\/\/www.ossicolor.it\/de\/jazz\/\"]}]},{\"@type\":\"ImageObject\",\"inLanguage\":\"de\",\"@id\":\"https:\/\/www.ossicolor.it\/de\/jazz\/#primaryimage\",\"url\":\"https:\/\/www.ossicolor.it\/wp-content\/uploads\/2025\/03\/jazz-con-cassettiere-osicolor-design.jpg\",\"contentUrl\":\"https:\/\/www.ossicolor.it\/wp-content\/uploads\/2025\/03\/jazz-con-cassettiere-osicolor-design.jpg\",\"width\":800,\"height\":800,\"caption\":\"La libreria Jazz di Ossicolor illumina gli interni con eleganza grazie ai montanti in alluminio e ai LED posteriori: un design moderno che arreda e organizza.\"},{\"@type\":\"BreadcrumbList\",\"@id\":\"https:\/\/www.ossicolor.it\/de\/jazz\/#breadcrumb\",\"itemListElement\":[{\"@type\":\"ListItem\",\"position\":1,\"name\":\"Home\",\"item\":\"https:\/\/www.ossicolor.it\/de\/\"},{\"@type\":\"ListItem\",\"position\":2,\"name\":\"Jazz\"}]},{\"@type\":\"WebSite\",\"@id\":\"https:\/\/www.ossicolor.it\/de\/#website\",\"url\":\"https:\/\/www.ossicolor.it\/de\/\",\"name\":\"Ossicolor\",\"description\":\"\",\"potentialAction\":[{\"@type\":\"SearchAction\",\"target\":{\"@type\":\"EntryPoint\",\"urlTemplate\":\"https:\/\/www.ossicolor.it\/de\/?s={search_term_string}\"},\"query-input\":{\"@type\":\"PropertyValueSpecification\",\"valueRequired\":true,\"valueName\":\"search_term_string\"}}],\"inLanguage\":\"de\"}]}<\/script>\n<!-- \/ Yoast SEO Premium plugin. -->","yoast_head_json":{"title":"Jazz - Ossicolor","robots":{"index":"index","follow":"follow","max-snippet":"max-snippet:-1","max-image-preview":"max-image-preview:large","max-video-preview":"max-video-preview:-1"},"canonical":"https:\/\/www.ossicolor.it\/de\/jazz\/","og_locale":"de_DE","og_type":"article","og_title":"Jazz","og_description":"Jazz Wenn Sie eine vielseitige Unterst\u00fctzung suchen, die sowohl f\u00fcr die K\u00fcche\/Wohnbereich als auch f\u00fcr das Schlafzimmer ideal ist, dann ist Jazz genau das Richtige f\u00fcr Sie! Dieser Pfosten kann sowohl als Designelement f\u00fcr den Wohnbereich als auch als Struktur f\u00fcr das Schlafzimmer verwendet werden. Dank seiner runden Form und der klaren Linien bietet Ihnen [&hellip;]","og_url":"https:\/\/www.ossicolor.it\/de\/jazz\/","og_site_name":"Ossicolor","article_modified_time":"2026-03-31T09:23:54+00:00","og_image":[{"width":800,"height":800,"url":"https:\/\/www.ossicolor.it\/wp-content\/uploads\/2025\/03\/jazz-con-cassettiere-osicolor-design.jpg","type":"image\/jpeg"}],"twitter_card":"summary_large_image","twitter_misc":{"Gesch\u00e4tzte Lesezeit":"2\u00a0Minuten"},"schema":{"@context":"https:\/\/schema.org","@graph":[{"@type":"WebPage","@id":"https:\/\/www.ossicolor.it\/de\/jazz\/","url":"https:\/\/www.ossicolor.it\/de\/jazz\/","name":"Jazz - Ossicolor","isPartOf":{"@id":"https:\/\/www.ossicolor.it\/de\/#website"},"primaryImageOfPage":{"@id":"https:\/\/www.ossicolor.it\/de\/jazz\/#primaryimage"},"image":{"@id":"https:\/\/www.ossicolor.it\/de\/jazz\/#primaryimage"},"thumbnailUrl":"https:\/\/www.ossicolor.it\/wp-content\/uploads\/2025\/03\/jazz-con-cassettiere-osicolor-design.jpg","datePublished":"2024-04-12T10:12:02+00:00","dateModified":"2026-03-31T09:23:54+00:00","breadcrumb":{"@id":"https:\/\/www.ossicolor.it\/de\/jazz\/#breadcrumb"},"inLanguage":"de","potentialAction":[{"@type":"ReadAction","target":["https:\/\/www.ossicolor.it\/de\/jazz\/"]}]},{"@type":"ImageObject","inLanguage":"de","@id":"https:\/\/www.ossicolor.it\/de\/jazz\/#primaryimage","url":"https:\/\/www.ossicolor.it\/wp-content\/uploads\/2025\/03\/jazz-con-cassettiere-osicolor-design.jpg","contentUrl":"https:\/\/www.ossicolor.it\/wp-content\/uploads\/2025\/03\/jazz-con-cassettiere-osicolor-design.jpg","width":800,"height":800,"caption":"La libreria Jazz di Ossicolor illumina gli interni con eleganza grazie ai montanti in alluminio e ai LED posteriori: un design moderno che arreda e organizza."},{"@type":"BreadcrumbList","@id":"https:\/\/www.ossicolor.it\/de\/jazz\/#breadcrumb","itemListElement":[{"@type":"ListItem","position":1,"name":"Home","item":"https:\/\/www.ossicolor.it\/de\/"},{"@type":"ListItem","position":2,"name":"Jazz"}]},{"@type":"WebSite","@id":"https:\/\/www.ossicolor.it\/de\/#website","url":"https:\/\/www.ossicolor.it\/de\/","name":"Ossicolor","description":"","potentialAction":[{"@type":"SearchAction","target":{"@type":"EntryPoint","urlTemplate":"https:\/\/www.ossicolor.it\/de\/?s={search_term_string}"},"query-input":{"@type":"PropertyValueSpecification","valueRequired":true,"valueName":"search_term_string"}}],"inLanguage":"de"}]}},"_links":{"self":[{"href":"https:\/\/www.ossicolor.it\/de\/wp-json\/wp\/v2\/pages\/20967","targetHints":{"allow":["GET"]}}],"collection":[{"href":"https:\/\/www.ossicolor.it\/de\/wp-json\/wp\/v2\/pages"}],"about":[{"href":"https:\/\/www.ossicolor.it\/de\/wp-json\/wp\/v2\/types\/page"}],"author":[{"embeddable":true,"href":"https:\/\/www.ossicolor.it\/de\/wp-json\/wp\/v2\/users\/1"}],"replies":[{"embeddable":true,"href":"https:\/\/www.ossicolor.it\/de\/wp-json\/wp\/v2\/comments?post=20967"}],"version-history":[{"count":18,"href":"https:\/\/www.ossicolor.it\/de\/wp-json\/wp\/v2\/pages\/20967\/revisions"}],"predecessor-version":[{"id":27893,"href":"https:\/\/www.ossicolor.it\/de\/wp-json\/wp\/v2\/pages\/20967\/revisions\/27893"}],"wp:featuredmedia":[{"embeddable":true,"href":"https:\/\/www.ossicolor.it\/de\/wp-json\/wp\/v2\/media\/22083"}],"wp:attachment":[{"href":"https:\/\/www.ossicolor.it\/de\/wp-json\/wp\/v2\/media?parent=20967"}],"curies":[{"name":"wp","href":"https:\/\/api.w.org\/{rel}","templated":true}]}}